{"id":2238,"date":"2024-02-08T08:25:20","date_gmt":"2024-02-08T07:25:20","guid":{"rendered":"https:\/\/wonderfultourscartagena.com\/?post_type=product&#038;p=2238"},"modified":"2024-07-25T07:35:53","modified_gmt":"2024-07-25T05:35:53","slug":"bote-valhalla-34-ft","status":"publish","type":"product","link":"https:\/\/wonderfultourscartagena.com\/en\/product\/bote-valhalla-34-ft\/","title":{"rendered":"Valhalla Boat \u2013 34 FT"},"content":{"rendered":"<p><strong>DESCRIPTION<\/strong><\/p>\n<p>Size: 34 FT<br \/>\nMaximum capacity: 14 people<br \/>\n2 sun loungers on the bow<br \/>\nFresh water shower<br \/>\nStereo sound with bluetooth connection<br \/>\n7 fishing rod holders<br \/>\nBathroom in center console<br \/>\n2 Mercury engines - 250 HP<\/p>\n<p><strong>This service includes:<\/strong><br \/>\n8 Hours tour of the main islands of Rosario and Bar\u00fa (9:00 am \u2013 5:00 pm)<br \/>\nCertified Captain on board<br \/>\nCrew Assistant<br \/>\nFuel<br \/>\n12kg ice bag<br \/>\nCourtesy for reservation: bottle with water X 24 units<\/p>","protected":false},"excerpt":{"rendered":"<p>Enjoy unparalleled experiences on board our 34-foot boat, equipped with spacious and comfortable spaces, with a maximum capacity of 14 people, which is ideal for enjoying all kinds of maritime experiences.<\/p>\n<p><strong>Location of the boat:<\/strong><\/p>\n<p>Marina todomar<br \/>\nTour start time: 9:00 am<br \/>\nEnd time: 5:00 pm<\/p>","protected":false},"featured_media":2239,"comment_status":"open","ping_status":"closed","template":"","meta":{"_uag_custom_page_level_css":"","_joinchat":[]},"product_cat":[94],"product_tag":[69,24],"class_list":{"0":"post-2238","1":"product","2":"type-product","3":"status-publish","4":"has-post-thumbnail","6":"product_cat-botes","7":"product_tag-botes","8":"product_tag-exclusivos","10":"first","11":"instock","12":"shipping-taxable","13":"product-type-simple"},"jetpack_sharing_enabled":true,"uagb_featured_image_src":{"full":["https:\/\/wonderfultourscartagena.com\/wp-content\/uploads\/2024\/02\/426374986_343600831984723_2565952963139052685_n.jpg",720,720,false],"thumbnail":["https:\/\/wonderfultourscartagena.com\/wp-content\/uploads\/2024\/02\/426374986_343600831984723_2565952963139052685_n-150x150.jpg",150,150,true],"medium":["https:\/\/wonderfultourscartagena.com\/wp-content\/uploads\/2024\/02\/426374986_343600831984723_2565952963139052685_n-300x300.jpg",300,300,true],"medium_large":["https:\/\/wonderfultourscartagena.com\/wp-content\/uploads\/2024\/02\/426374986_343600831984723_2565952963139052685_n.jpg",720,720,false],"large":["https:\/\/wonderfultourscartagena.com\/wp-content\/uploads\/2024\/02\/426374986_343600831984723_2565952963139052685_n.jpg",720,720,false],"1536x1536":["https:\/\/wonderfultourscartagena.com\/wp-content\/uploads\/2024\/02\/426374986_343600831984723_2565952963139052685_n.jpg",720,720,false],"2048x2048":["https:\/\/wonderfultourscartagena.com\/wp-content\/uploads\/2024\/02\/426374986_343600831984723_2565952963139052685_n.jpg",720,720,false],"trp-custom-language-flag":["https:\/\/wonderfultourscartagena.com\/wp-content\/uploads\/2024\/02\/426374986_343600831984723_2565952963139052685_n.jpg",12,12,false],"woocommerce_archive_thumbnail":["https:\/\/wonderfultourscartagena.com\/wp-content\/uploads\/2024\/02\/426374986_343600831984723_2565952963139052685_n-300x300.jpg",300,300,true],"mailpoet_newsletter_max":["https:\/\/wonderfultourscartagena.com\/wp-content\/uploads\/2024\/02\/426374986_343600831984723_2565952963139052685_n.jpg",720,720,false],"woocommerce_thumbnail":["https:\/\/wonderfultourscartagena.com\/wp-content\/uploads\/2024\/02\/426374986_343600831984723_2565952963139052685_n-300x300.jpg",300,300,true],"woocommerce_single":["https:\/\/wonderfultourscartagena.com\/wp-content\/uploads\/2024\/02\/426374986_343600831984723_2565952963139052685_n-600x600.jpg",600,600,true],"woocommerce_gallery_thumbnail":["https:\/\/wonderfultourscartagena.com\/wp-content\/uploads\/2024\/02\/426374986_343600831984723_2565952963139052685_n-100x100.jpg",100,100,true]},"uagb_author_info":{"display_name":"gladyswork1994","author_link":"https:\/\/wonderfultourscartagena.com\/en\/author\/"},"uagb_comment_info":0,"uagb_excerpt":"Disfruta a bordo de experiencias inigualables en nuestra embarcaci\u00f3n de 34 pies, equipada con espacios amplios y confortables, cuenta con capacidad m\u00e1xima de 14 personas, lo cual es ideal para disfrutar de todo tipo de experiencias mar\u00edtimas. Ubicaci\u00f3n de la embarcaci\u00f3n: Marina todomar Hora de inicio del tour: 9:00 am Hora de finalizaci\u00f3n: 4:00 pm","_links":{"self":[{"href":"https:\/\/wonderfultourscartagena.com\/en\/wp-json\/wp\/v2\/product\/2238","targetHints":{"allow":["GET"]}}],"collection":[{"href":"https:\/\/wonderfultourscartagena.com\/en\/wp-json\/wp\/v2\/product"}],"about":[{"href":"https:\/\/wonderfultourscartagena.com\/en\/wp-json\/wp\/v2\/types\/product"}],"replies":[{"embeddable":true,"href":"https:\/\/wonderfultourscartagena.com\/en\/wp-json\/wp\/v2\/comments?post=2238"}],"wp:featuredmedia":[{"embeddable":true,"href":"https:\/\/wonderfultourscartagena.com\/en\/wp-json\/wp\/v2\/media\/2239"}],"wp:attachment":[{"href":"https:\/\/wonderfultourscartagena.com\/en\/wp-json\/wp\/v2\/media?parent=2238"}],"wp:term":[{"taxonomy":"product_cat","embeddable":true,"href":"https:\/\/wonderfultourscartagena.com\/en\/wp-json\/wp\/v2\/product_cat?post=2238"},{"taxonomy":"product_tag","embeddable":true,"href":"https:\/\/wonderfultourscartagena.com\/en\/wp-json\/wp\/v2\/product_tag?post=2238"}],"curies":[{"name":"wp","href":"https:\/\/api.w.org\/{rel}","templated":true}]}}