{"id":2257,"date":"2024-02-08T08:38:11","date_gmt":"2024-02-08T07:38:11","guid":{"rendered":"https:\/\/wonderfultourscartagena.com\/?post_type=product&#038;p=2257"},"modified":"2025-05-14T20:03:41","modified_gmt":"2025-05-14T18:03:41","slug":"bote-sugar-mommy-45-ft","status":"publish","type":"product","link":"https:\/\/wonderfultourscartagena.com\/en\/product\/bote-sugar-mommy-45-ft\/","title":{"rendered":"Sugar mommy boat \u2013 45 FT"},"content":{"rendered":"<p><strong>DESCRIPTION<\/strong><\/p>\n<p>Size: 45 foot boat<br \/>\nMaximum capacity: 24 people<br \/>\n1 bathroom in central console<br \/>\nFresh water shower<br \/>\n2 sun loungers on the bow<br \/>\nJL audio professional sound system<br \/>\nHardtop in fiber<br \/>\n2 Suzuky  engines - 300 HP<br \/>\nFloor in synthetic tk<br \/>\nCenter table<br \/>\nLadder to descend into the water<\/p>\n<p><strong>This service includes:<\/strong><br \/>\n8 Hours tour of the main islands of Rosario and Bar\u00fa (9:00 am \u2013 5:00 pm)<br \/>\nCertified Captain on board<br \/>\nCrew Assistant<br \/>\nFuel<br \/>\n12kg ice bag<br \/>\nCourtesy for reservation: bottle with water X 24 units<\/p>\n<p>&nbsp;<\/p>","protected":false},"excerpt":{"rendered":"<p>Exclusive boat for group experiences, equipped with everything you need to turn your special moments into memorable experiences, it has a maximum capacity for 24 people, making it ideal for all types of events and group outings.<\/p>\n<p><strong>Location of the boat:<\/strong><\/p>\n<p>Marina todomar<br \/>\nTour start time: 9:00 am<br \/>\nEnd time: 5:00 pm<\/p>","protected":false},"featured_media":2258,"comment_status":"open","ping_status":"closed","template":"","meta":{"_uag_custom_page_level_css":"","_joinchat":[]},"product_cat":[94],"product_tag":[69,24],"class_list":{"0":"post-2257","1":"product","2":"type-product","3":"status-publish","4":"has-post-thumbnail","6":"product_cat-botes","7":"product_tag-botes","8":"product_tag-exclusivos","10":"first","11":"instock","12":"shipping-taxable","13":"purchasable","14":"product-type-simple"},"jetpack_sharing_enabled":true,"uagb_featured_image_src":{"full":["https:\/\/wonderfultourscartagena.com\/wp-content\/uploads\/2024\/02\/425859547_393225799972238_3316451200646195468_n.jpg",720,720,false],"thumbnail":["https:\/\/wonderfultourscartagena.com\/wp-content\/uploads\/2024\/02\/425859547_393225799972238_3316451200646195468_n-150x150.jpg",150,150,true],"medium":["https:\/\/wonderfultourscartagena.com\/wp-content\/uploads\/2024\/02\/425859547_393225799972238_3316451200646195468_n-300x300.jpg",300,300,true],"medium_large":["https:\/\/wonderfultourscartagena.com\/wp-content\/uploads\/2024\/02\/425859547_393225799972238_3316451200646195468_n.jpg",720,720,false],"large":["https:\/\/wonderfultourscartagena.com\/wp-content\/uploads\/2024\/02\/425859547_393225799972238_3316451200646195468_n.jpg",720,720,false],"1536x1536":["https:\/\/wonderfultourscartagena.com\/wp-content\/uploads\/2024\/02\/425859547_393225799972238_3316451200646195468_n.jpg",720,720,false],"2048x2048":["https:\/\/wonderfultourscartagena.com\/wp-content\/uploads\/2024\/02\/425859547_393225799972238_3316451200646195468_n.jpg",720,720,false],"trp-custom-language-flag":["https:\/\/wonderfultourscartagena.com\/wp-content\/uploads\/2024\/02\/425859547_393225799972238_3316451200646195468_n.jpg",12,12,false],"woocommerce_archive_thumbnail":["https:\/\/wonderfultourscartagena.com\/wp-content\/uploads\/2024\/02\/425859547_393225799972238_3316451200646195468_n-300x300.jpg",300,300,true],"mailpoet_newsletter_max":["https:\/\/wonderfultourscartagena.com\/wp-content\/uploads\/2024\/02\/425859547_393225799972238_3316451200646195468_n.jpg",720,720,false],"woocommerce_thumbnail":["https:\/\/wonderfultourscartagena.com\/wp-content\/uploads\/2024\/02\/425859547_393225799972238_3316451200646195468_n-300x300.jpg",300,300,true],"woocommerce_single":["https:\/\/wonderfultourscartagena.com\/wp-content\/uploads\/2024\/02\/425859547_393225799972238_3316451200646195468_n-600x600.jpg",600,600,true],"woocommerce_gallery_thumbnail":["https:\/\/wonderfultourscartagena.com\/wp-content\/uploads\/2024\/02\/425859547_393225799972238_3316451200646195468_n-100x100.jpg",100,100,true]},"uagb_author_info":{"display_name":"gladyswork1994","author_link":"https:\/\/wonderfultourscartagena.com\/en\/author\/"},"uagb_comment_info":0,"uagb_excerpt":"Exclusiva embarcaci\u00f3n para experiencias en grupo, equipada con todo lo que necesitas para convertir tus momentos especiales en experiencias memorables, cuenta con capacidad m\u00e1xima para 24 personas, lo que la hace ideal para todo tipo de eventos y salidas grupales. Ubicaci\u00f3n de la embarcaci\u00f3n: Marina todomar Hora de inicio del tour: 9:00 am Hora de&hellip;","_links":{"self":[{"href":"https:\/\/wonderfultourscartagena.com\/en\/wp-json\/wp\/v2\/product\/2257","targetHints":{"allow":["GET"]}}],"collection":[{"href":"https:\/\/wonderfultourscartagena.com\/en\/wp-json\/wp\/v2\/product"}],"about":[{"href":"https:\/\/wonderfultourscartagena.com\/en\/wp-json\/wp\/v2\/types\/product"}],"replies":[{"embeddable":true,"href":"https:\/\/wonderfultourscartagena.com\/en\/wp-json\/wp\/v2\/comments?post=2257"}],"wp:featuredmedia":[{"embeddable":true,"href":"https:\/\/wonderfultourscartagena.com\/en\/wp-json\/wp\/v2\/media\/2258"}],"wp:attachment":[{"href":"https:\/\/wonderfultourscartagena.com\/en\/wp-json\/wp\/v2\/media?parent=2257"}],"wp:term":[{"taxonomy":"product_cat","embeddable":true,"href":"https:\/\/wonderfultourscartagena.com\/en\/wp-json\/wp\/v2\/product_cat?post=2257"},{"taxonomy":"product_tag","embeddable":true,"href":"https:\/\/wonderfultourscartagena.com\/en\/wp-json\/wp\/v2\/product_tag?post=2257"}],"curies":[{"name":"wp","href":"https:\/\/api.w.org\/{rel}","templated":true}]}}