{"id":2336,"date":"2024-02-09T20:24:20","date_gmt":"2024-02-09T19:24:20","guid":{"rendered":"https:\/\/wonderfultourscartagena.com\/?post_type=product&#038;p=2336"},"modified":"2024-08-13T04:33:19","modified_gmt":"2024-08-13T02:33:19","slug":"leopard-47-ft","status":"publish","type":"product","link":"https:\/\/wonderfultourscartagena.com\/en\/product\/leopard-47-ft\/","title":{"rendered":"Leopard Catamaran \u2013 47 FT"},"content":{"rendered":"<p><strong>Exclusive 47-foot catamaran<\/strong><br \/>\nMaximum capacity: 15 \u2013 35 people<br \/>\n4 luxury cabins<br \/>\n4 full bathrooms<br \/>\nFull kitchen<br \/>\nFlybridge<br \/>\nAir-conditioning<\/p>\n<p><strong>This service includes:<\/strong><br \/>\n8 Hours tour of the main islands of Rosario and Bar\u00fa (9:00 am \u2013 5:00 pm)<br \/>\nCertified Captain on board<br \/>\nCrew Assistant<br \/>\nFuel<br \/>\n12kg ice bag<br \/>\nStereo sound with bluetooth connection<br \/>\nCourtesy for reservation: bottle with water X 24 units + 24 units of beer .<\/p>\n<p>&nbsp;<\/p>","protected":false},"excerpt":{"rendered":"<p>The Leopard 47 FT is an exceptional catamaran that has the necessary comfort so that you do not limit your experiences on board. Its large external spaces together with its powerful engines will be the perfect combination for luxury navigation.<\/p>\n<p><strong>Location of the boat:<\/strong><\/p>\n<p>Marina santa cruz<br \/>\nTour start time: 9:00 am<br \/>\nEnd time: 5:00 pm<\/p>","protected":false},"featured_media":2555,"comment_status":"open","ping_status":"closed","template":"","meta":{"_uag_custom_page_level_css":"","_joinchat":[]},"product_cat":[96],"product_tag":[71,24],"class_list":{"0":"post-2336","1":"product","2":"type-product","3":"status-publish","4":"has-post-thumbnail","6":"product_cat-catamaranes","7":"product_tag-catamaranes","8":"product_tag-exclusivos","10":"first","11":"instock","12":"shipping-taxable","13":"product-type-simple"},"jetpack_sharing_enabled":true,"uagb_featured_image_src":{"full":["https:\/\/wonderfultourscartagena.com\/wp-content\/uploads\/2024\/02\/HOPE-1-1.jpg",1080,1080,false],"thumbnail":["https:\/\/wonderfultourscartagena.com\/wp-content\/uploads\/2024\/02\/HOPE-1-1-150x150.jpg",150,150,true],"medium":["https:\/\/wonderfultourscartagena.com\/wp-content\/uploads\/2024\/02\/HOPE-1-1-300x300.jpg",300,300,true],"medium_large":["https:\/\/wonderfultourscartagena.com\/wp-content\/uploads\/2024\/02\/HOPE-1-1-768x768.jpg",768,768,true],"large":["https:\/\/wonderfultourscartagena.com\/wp-content\/uploads\/2024\/02\/HOPE-1-1-1024x1024.jpg",1024,1024,true],"1536x1536":["https:\/\/wonderfultourscartagena.com\/wp-content\/uploads\/2024\/02\/HOPE-1-1.jpg",1080,1080,false],"2048x2048":["https:\/\/wonderfultourscartagena.com\/wp-content\/uploads\/2024\/02\/HOPE-1-1.jpg",1080,1080,false],"trp-custom-language-flag":["https:\/\/wonderfultourscartagena.com\/wp-content\/uploads\/2024\/02\/HOPE-1-1.jpg",12,12,false],"woocommerce_archive_thumbnail":["https:\/\/wonderfultourscartagena.com\/wp-content\/uploads\/2024\/02\/HOPE-1-1-300x300.jpg",300,300,true],"mailpoet_newsletter_max":["https:\/\/wonderfultourscartagena.com\/wp-content\/uploads\/2024\/02\/HOPE-1-1.jpg",1080,1080,false],"woocommerce_thumbnail":["https:\/\/wonderfultourscartagena.com\/wp-content\/uploads\/2024\/02\/HOPE-1-1-300x300.jpg",300,300,true],"woocommerce_single":["https:\/\/wonderfultourscartagena.com\/wp-content\/uploads\/2024\/02\/HOPE-1-1-600x600.jpg",600,600,true],"woocommerce_gallery_thumbnail":["https:\/\/wonderfultourscartagena.com\/wp-content\/uploads\/2024\/02\/HOPE-1-1-100x100.jpg",100,100,true]},"uagb_author_info":{"display_name":"gladyswork1994","author_link":"https:\/\/wonderfultourscartagena.com\/en\/author\/"},"uagb_comment_info":0,"uagb_excerpt":"El Leopard 47 FT es un excepcional catamar\u00e1n que cuenta con la comodidad necesaria para que no limites tus experiencias a bordo, sus amplios espacios externos junto a sus potentes motores ser\u00e1n la combinaci\u00f3n perfecta para tener una navegaci\u00f3n de lujo. Ubicaci\u00f3n de la embarcaci\u00f3n: Marina santa cruz Hora de inicio del tour: 9:00 am&hellip;","_links":{"self":[{"href":"https:\/\/wonderfultourscartagena.com\/en\/wp-json\/wp\/v2\/product\/2336","targetHints":{"allow":["GET"]}}],"collection":[{"href":"https:\/\/wonderfultourscartagena.com\/en\/wp-json\/wp\/v2\/product"}],"about":[{"href":"https:\/\/wonderfultourscartagena.com\/en\/wp-json\/wp\/v2\/types\/product"}],"replies":[{"embeddable":true,"href":"https:\/\/wonderfultourscartagena.com\/en\/wp-json\/wp\/v2\/comments?post=2336"}],"wp:featuredmedia":[{"embeddable":true,"href":"https:\/\/wonderfultourscartagena.com\/en\/wp-json\/wp\/v2\/media\/2555"}],"wp:attachment":[{"href":"https:\/\/wonderfultourscartagena.com\/en\/wp-json\/wp\/v2\/media?parent=2336"}],"wp:term":[{"taxonomy":"product_cat","embeddable":true,"href":"https:\/\/wonderfultourscartagena.com\/en\/wp-json\/wp\/v2\/product_cat?post=2336"},{"taxonomy":"product_tag","embeddable":true,"href":"https:\/\/wonderfultourscartagena.com\/en\/wp-json\/wp\/v2\/product_tag?post=2336"}],"curies":[{"name":"wp","href":"https:\/\/api.w.org\/{rel}","templated":true}]}}