{"id":2370,"date":"2024-02-09T20:51:04","date_gmt":"2024-02-09T19:51:04","guid":{"rendered":"https:\/\/wonderfultourscartagena.com\/?post_type=product&#038;p=2370"},"modified":"2024-08-13T05:08:31","modified_gmt":"2024-08-13T03:08:31","slug":"odysea-43-ft","status":"publish","type":"product","link":"https:\/\/wonderfultourscartagena.com\/en\/product\/odysea-43-ft\/","title":{"rendered":"Odysea  Catamaran - 43 FT"},"content":{"rendered":"<p><strong>DESCRIPTION<\/strong><\/p>\n<p>Name: Leopard 47 PC \u2013 Hope 47<br \/>\nType of vessel: Powercat Yacht<br \/>\nNight capacity: 6 + 2 (sofa bed)<br \/>\nDaily capacity: 25 Island \/ 30 Bay<br \/>\nRooms: 3<br \/>\nBathrooms: 2<br \/>\nAir-conditioning<br \/>\nPrivate boat rental for 8 hours<br \/>\nRoute according to customer request<br \/>\nTableware, cutlery and kitchen utensils<br \/>\nSheets and towels<br \/>\nSound equipment<br \/>\nGasoline, taxes and insurance<br \/>\nFinal cleaning of the boat<\/p>","protected":false},"excerpt":{"rendered":"<p>The Leopard 47 PC \u2013 Hope 47 is an exceptional Powercat Motor Yacht, with the comfort of a yacht. It stands out for its spectacular fuel efficiency and for the detail in its design for maximum comfort.<\/p>\n<div class=\"woocommerce-product-details__short-description\">\n<p><strong>Location of the boat:<\/strong><\/p>\n<p>Marina santa cruz<br \/>\nTour start time: 9:00 am<br \/>\nEnd time: 5:00 pm<\/p>\n<\/div>\n<div class=\"product_meta\">\n<div class=\"wsppc_div_block woocommerce_product_meta_start\">\n<p>&nbsp;<\/p>\n<\/div>\n<\/div>","protected":false},"featured_media":2554,"comment_status":"open","ping_status":"closed","template":"","meta":{"_uag_custom_page_level_css":"","_joinchat":[]},"product_cat":[96],"product_tag":[71,24],"class_list":{"0":"post-2370","1":"product","2":"type-product","3":"status-publish","4":"has-post-thumbnail","6":"product_cat-catamaranes","7":"product_tag-catamaranes","8":"product_tag-exclusivos","10":"first","11":"instock","12":"shipping-taxable","13":"product-type-simple"},"jetpack_sharing_enabled":true,"uagb_featured_image_src":{"full":["https:\/\/wonderfultourscartagena.com\/wp-content\/uploads\/2024\/02\/ODYSEA-1-1.jpg",1080,1080,false],"thumbnail":["https:\/\/wonderfultourscartagena.com\/wp-content\/uploads\/2024\/02\/ODYSEA-1-1-150x150.jpg",150,150,true],"medium":["https:\/\/wonderfultourscartagena.com\/wp-content\/uploads\/2024\/02\/ODYSEA-1-1-300x300.jpg",300,300,true],"medium_large":["https:\/\/wonderfultourscartagena.com\/wp-content\/uploads\/2024\/02\/ODYSEA-1-1-768x768.jpg",768,768,true],"large":["https:\/\/wonderfultourscartagena.com\/wp-content\/uploads\/2024\/02\/ODYSEA-1-1-1024x1024.jpg",1024,1024,true],"1536x1536":["https:\/\/wonderfultourscartagena.com\/wp-content\/uploads\/2024\/02\/ODYSEA-1-1.jpg",1080,1080,false],"2048x2048":["https:\/\/wonderfultourscartagena.com\/wp-content\/uploads\/2024\/02\/ODYSEA-1-1.jpg",1080,1080,false],"trp-custom-language-flag":["https:\/\/wonderfultourscartagena.com\/wp-content\/uploads\/2024\/02\/ODYSEA-1-1.jpg",12,12,false],"woocommerce_archive_thumbnail":["https:\/\/wonderfultourscartagena.com\/wp-content\/uploads\/2024\/02\/ODYSEA-1-1-300x300.jpg",300,300,true],"mailpoet_newsletter_max":["https:\/\/wonderfultourscartagena.com\/wp-content\/uploads\/2024\/02\/ODYSEA-1-1.jpg",1080,1080,false],"woocommerce_thumbnail":["https:\/\/wonderfultourscartagena.com\/wp-content\/uploads\/2024\/02\/ODYSEA-1-1-300x300.jpg",300,300,true],"woocommerce_single":["https:\/\/wonderfultourscartagena.com\/wp-content\/uploads\/2024\/02\/ODYSEA-1-1-600x600.jpg",600,600,true],"woocommerce_gallery_thumbnail":["https:\/\/wonderfultourscartagena.com\/wp-content\/uploads\/2024\/02\/ODYSEA-1-1-100x100.jpg",100,100,true]},"uagb_author_info":{"display_name":"gladyswork1994","author_link":"https:\/\/wonderfultourscartagena.com\/en\/author\/"},"uagb_comment_info":0,"uagb_excerpt":"El Leopard 47 PC \u2013 Hope 47 es un excepcional Powercat Yate a motor, con la comodidad de un yate. Destaca por su espectacular eficiencia en el consumo de combustible y por el detalle en su dise\u00f1o para m\u00e1ximo confort. Ubicaci\u00f3n de la embarcaci\u00f3n: Marina santa cruz Hora de inicio del tour: 9:00 am Hora&hellip;","_links":{"self":[{"href":"https:\/\/wonderfultourscartagena.com\/en\/wp-json\/wp\/v2\/product\/2370","targetHints":{"allow":["GET"]}}],"collection":[{"href":"https:\/\/wonderfultourscartagena.com\/en\/wp-json\/wp\/v2\/product"}],"about":[{"href":"https:\/\/wonderfultourscartagena.com\/en\/wp-json\/wp\/v2\/types\/product"}],"replies":[{"embeddable":true,"href":"https:\/\/wonderfultourscartagena.com\/en\/wp-json\/wp\/v2\/comments?post=2370"}],"wp:featuredmedia":[{"embeddable":true,"href":"https:\/\/wonderfultourscartagena.com\/en\/wp-json\/wp\/v2\/media\/2554"}],"wp:attachment":[{"href":"https:\/\/wonderfultourscartagena.com\/en\/wp-json\/wp\/v2\/media?parent=2370"}],"wp:term":[{"taxonomy":"product_cat","embeddable":true,"href":"https:\/\/wonderfultourscartagena.com\/en\/wp-json\/wp\/v2\/product_cat?post=2370"},{"taxonomy":"product_tag","embeddable":true,"href":"https:\/\/wonderfultourscartagena.com\/en\/wp-json\/wp\/v2\/product_tag?post=2370"}],"curies":[{"name":"wp","href":"https:\/\/api.w.org\/{rel}","templated":true}]}}