{"id":2384,"date":"2024-02-09T21:23:17","date_gmt":"2024-02-09T20:23:17","guid":{"rendered":"https:\/\/wonderfultourscartagena.com\/?post_type=product&#038;p=2384"},"modified":"2024-08-13T04:36:20","modified_gmt":"2024-08-13T02:36:20","slug":"new-horizon-43-ft","status":"publish","type":"product","link":"https:\/\/wonderfultourscartagena.com\/en\/product\/new-horizon-43-ft\/","title":{"rendered":"New horizon Catamaran \u2013 43 FT"},"content":{"rendered":"<p><strong>DESCRIPTION<\/strong><\/p>\n<p>Name: Leopard 433 PC \u2013 New horizon<br \/>\nType of vessel: Powercat Yacht<br \/>\nNight capacity: 6 + 2 (sofa bed)<br \/>\nDaily capacity: 25 Island \/ 30 Bay<br \/>\nRooms: 3<br \/>\nBathrooms: 2<br \/>\nAir-conditioning<br \/>\nPrivate boat rental for 8 hours<br \/>\nRoute according to customer request<br \/>\nTableware, cutlery and kitchen utensils<br \/>\nSheets and towels<br \/>\nSound equipment<br \/>\nGasoline, taxes and insurance<br \/>\nFinal cleaning of the boat<br \/>\nCrew: Captain and sailor<\/p>","protected":false},"excerpt":{"rendered":"<p class=\"translation-block\">Leopard 433 PC \u2013 New horizon is an exceptional Powercat Motor Yacht, with the comfort of a yacht. It stands out for its spectacular fuel efficiency and the detail in its design for maximum comfort. This boat was built in 2017 and remodeled in 2019.<\/p>\n<p><strong>Location of the boat:<\/strong><\/p>\n<p>Marina santa cruz<br \/>\nTour start time: 9:00 am<br \/>\nEnd time: 5:00 pm<\/p>","protected":false},"featured_media":2559,"comment_status":"open","ping_status":"closed","template":"","meta":{"_uag_custom_page_level_css":"","_joinchat":[]},"product_cat":[96],"product_tag":[71,24],"class_list":{"0":"post-2384","1":"product","2":"type-product","3":"status-publish","4":"has-post-thumbnail","6":"product_cat-catamaranes","7":"product_tag-catamaranes","8":"product_tag-exclusivos","10":"first","11":"instock","12":"shipping-taxable","13":"product-type-simple"},"jetpack_sharing_enabled":true,"uagb_featured_image_src":{"full":["https:\/\/wonderfultourscartagena.com\/wp-content\/uploads\/2024\/02\/NEW-HORIZON-23-1-1.jpg",1080,1080,false],"thumbnail":["https:\/\/wonderfultourscartagena.com\/wp-content\/uploads\/2024\/02\/NEW-HORIZON-23-1-1-150x150.jpg",150,150,true],"medium":["https:\/\/wonderfultourscartagena.com\/wp-content\/uploads\/2024\/02\/NEW-HORIZON-23-1-1-300x300.jpg",300,300,true],"medium_large":["https:\/\/wonderfultourscartagena.com\/wp-content\/uploads\/2024\/02\/NEW-HORIZON-23-1-1-768x768.jpg",768,768,true],"large":["https:\/\/wonderfultourscartagena.com\/wp-content\/uploads\/2024\/02\/NEW-HORIZON-23-1-1-1024x1024.jpg",1024,1024,true],"1536x1536":["https:\/\/wonderfultourscartagena.com\/wp-content\/uploads\/2024\/02\/NEW-HORIZON-23-1-1.jpg",1080,1080,false],"2048x2048":["https:\/\/wonderfultourscartagena.com\/wp-content\/uploads\/2024\/02\/NEW-HORIZON-23-1-1.jpg",1080,1080,false],"trp-custom-language-flag":["https:\/\/wonderfultourscartagena.com\/wp-content\/uploads\/2024\/02\/NEW-HORIZON-23-1-1.jpg",12,12,false],"woocommerce_archive_thumbnail":["https:\/\/wonderfultourscartagena.com\/wp-content\/uploads\/2024\/02\/NEW-HORIZON-23-1-1-300x300.jpg",300,300,true],"mailpoet_newsletter_max":["https:\/\/wonderfultourscartagena.com\/wp-content\/uploads\/2024\/02\/NEW-HORIZON-23-1-1.jpg",1080,1080,false],"woocommerce_thumbnail":["https:\/\/wonderfultourscartagena.com\/wp-content\/uploads\/2024\/02\/NEW-HORIZON-23-1-1-300x300.jpg",300,300,true],"woocommerce_single":["https:\/\/wonderfultourscartagena.com\/wp-content\/uploads\/2024\/02\/NEW-HORIZON-23-1-1-600x600.jpg",600,600,true],"woocommerce_gallery_thumbnail":["https:\/\/wonderfultourscartagena.com\/wp-content\/uploads\/2024\/02\/NEW-HORIZON-23-1-1-100x100.jpg",100,100,true]},"uagb_author_info":{"display_name":"gladyswork1994","author_link":"https:\/\/wonderfultourscartagena.com\/en\/author\/"},"uagb_comment_info":0,"uagb_excerpt":"El\u00a0Leopard 433 PC \u2013 New horizon\u00a0es un excepcional Powercat Yate a motor, con la comodidad de un yate. Destaca por su espectacular eficiencia en el consumo de combustible y por el detalle en su dise\u00f1o para m\u00e1ximo confort. Esta embarcaci\u00f3n fue construida en 2017 y remodelada en 2019 Ubicaci\u00f3n de la embarcaci\u00f3n: Marina santa cruz&hellip;","_links":{"self":[{"href":"https:\/\/wonderfultourscartagena.com\/en\/wp-json\/wp\/v2\/product\/2384","targetHints":{"allow":["GET"]}}],"collection":[{"href":"https:\/\/wonderfultourscartagena.com\/en\/wp-json\/wp\/v2\/product"}],"about":[{"href":"https:\/\/wonderfultourscartagena.com\/en\/wp-json\/wp\/v2\/types\/product"}],"replies":[{"embeddable":true,"href":"https:\/\/wonderfultourscartagena.com\/en\/wp-json\/wp\/v2\/comments?post=2384"}],"wp:featuredmedia":[{"embeddable":true,"href":"https:\/\/wonderfultourscartagena.com\/en\/wp-json\/wp\/v2\/media\/2559"}],"wp:attachment":[{"href":"https:\/\/wonderfultourscartagena.com\/en\/wp-json\/wp\/v2\/media?parent=2384"}],"wp:term":[{"taxonomy":"product_cat","embeddable":true,"href":"https:\/\/wonderfultourscartagena.com\/en\/wp-json\/wp\/v2\/product_cat?post=2384"},{"taxonomy":"product_tag","embeddable":true,"href":"https:\/\/wonderfultourscartagena.com\/en\/wp-json\/wp\/v2\/product_tag?post=2384"}],"curies":[{"name":"wp","href":"https:\/\/api.w.org\/{rel}","templated":true}]}}