{"id":2415,"date":"2024-02-10T08:30:59","date_gmt":"2024-02-10T07:30:59","guid":{"rendered":"https:\/\/wonderfultourscartagena.com\/?post_type=product&#038;p=2415"},"modified":"2026-02-09T23:55:41","modified_gmt":"2026-02-09T22:55:41","slug":"pasadias-paue-beach-lounge","status":"publish","type":"product","link":"https:\/\/wonderfultourscartagena.com\/en\/product\/pasadias-paue-beach-lounge\/","title":{"rendered":"Day Pass - Paue Beach Lounge"},"content":{"rendered":"<p><strong>\u00a0Includes:<\/strong><\/p>\n<p>&#8211; \ud83d\udea4 Transporte ida y regreso en lancha deportiva \ud83d\udee5\ufe0f<br \/>\n&#8211; \ud83e\udd64 Hidrataci\u00f3n durante el trayecto (agua, 1 botella) \ud83d\udca7<br \/>\n&#8211; \ud83e\udd42 Copa de champ\u00e1n de bienvenida (limonada para los ni\u00f1os) \ud83e\udd42<br \/>\n&#8211; \ud83c\udfdd Tour panor\u00e1mico del archipi\u00e9lago (45 minutos) \ud83c\udf0a<br \/>\n&#8211; \u26f1 Asoleadoras \u2600\ufe0f<br \/>\n&#8211; \ud83c\udfd6 Cama de playa \ud83d\udecb\ufe0f<br \/>\n&#8211; \ud83d\uded6 Uso de \u00e1reas comunes: ba\u00f1os, comedores, zona de playa, hamacas, camas de playa \ud83e\udd1d<br \/>\n&#8211; \ud83c\udf79Endless Happy Hour (2&#215;1 todo el dia, paga 1 y lleva 2): (Cuba libre, gin tonic, vodka tonic, margarita tradicional, mimosa, copa de vino de la casa, tinto de verano y cervezas nacionales: Aguila Light, Aguila y solo Club Colombia dorada)<br \/>\n&#8211; \ud83e\udd59 Almuerzo con 8 opciones deliciosas + bebida no alcoh\u00f3lica<br \/>\n&#8211; T\u00edpico isle\u00f1o (Bandeja con mojarra roja) \ud83d\udc1f<br \/>\n&#8211; T\u00edpico Isle\u00f1o con Posta de Sierra \ud83c\udf56<br \/>\n&#8211; Pechuga \ud83c\udf57<br \/>\n&#8211; Pastas con vegetales \ud83e\udd57<br \/>\n&#8211; Arroz con vegetales \ud83c\udf5a<br \/>\n&#8211; Arroz cremoso de camar\u00f3n \ud83e\udd90<br \/>\n&#8211; Nuggets de Pollo \ud83c\udf57<br \/>\n&#8211; Filete de pescado a la plancha (Tilapia) \ud83c\udfa3<\/p>\n<p>*Otras actividades incluidas:*<\/p>\n<p>&#8211; \ud83c\udfc4\ud83c\udffb\u200d\u2640\ufe0f Paddle board \ud83c\udfca\u200d\u2640\ufe0f<br \/>\n&#8211; \ud83d\udea3\ud83c\udffb Kayak \ud83d\udea3<\/p>\n<p>*Actividades no incluidas:*<\/p>\n<p>&#8211; \ud83d\udc2c Transporte al Oceanario \ud83d\udc33<br \/>\n&#8211; \ud83e\udd3f Snorkel \ud83e\udd3f<br \/>\n&#8211; \u2757 No incluye toallas \ud83e\uddf9<br \/>\n&#8211; \ud83d\uddd3\ufe0fTasa portuaria $31.500<\/p>\n<p>*Detalles importantes:*<\/p>\n<p>&#8211; \u23f0 Hora de encuentro: 7:15 am<br \/>\n&#8211; \u23f0 Hora de retorno: 3:00 pm (La hora de regreso puede cambiar dependiendo de las condiciones clim\u00e1ticas o recomendaciones de la DIMAR).<br \/>\n&#8211; \ud83d\udea4 Duraci\u00f3n del traslado: 45 minutos (dependiendo del clima) \u26c5\ufe0f<br \/>\n&#8211; \ud83d\udccd Punto de partida: Muelle de la Bodeguita, puerta #4 \ud83d\udeaa<\/p>\n<p>*Prohibiciones:*<\/p>\n<p>&#8211; \ud83d\udeab\ud83e\udd64 Prohibido el ingreso de bebidas y alimentos \ud83c\udf54\ud83e\udd64<br \/>\n&#8211; \ud83d\udd2b Prohibido el ingreso de armas de fuego y sustancias alucin\u00f3genas \ud83d\udeab<\/p>\n<p>&nbsp;<\/p>\n<div class=\"elementor-element elementor-element-3fa47e3 elementor-align-left elementor-icon-list--layout-traditional elementor-list-item-link-full_width elementor-widget elementor-widget-icon-list\" data-id=\"3fa47e3\" data-element_type=\"widget\" data-widget_type=\"icon-list.default\">\n<div class=\"elementor-widget-container optml-bg-lazyloaded\">\n<p>&nbsp;<\/p>\n<\/div>\n<\/div>\n<div class=\"elementor-element elementor-element-428c7c8 elementor-widget elementor-widget-heading\" data-id=\"428c7c8\" data-element_type=\"widget\" data-widget_type=\"heading.default\">\n<div class=\"elementor-widget-container optml-bg-lazyloaded\">\n<p>&nbsp;<\/p>\n<\/div>\n<\/div>","protected":false},"excerpt":{"rendered":"<p>Paue Beach Club offers a perfect blend of great music, a varied menu, and exquisite cocktails, all while you enjoy the Caribbean breeze at its finest. Space is limited, ensuring that each visit is exclusive and enjoyable.<\/p>\n<p><strong>Important information:<\/strong><br \/>\nRound-trip transfers take approximately 45 minutes, depending on weather conditions.<br \/>\nDeparture point: La Bodeguita Pier, Gate 4. You must arrive by 7:40 a.m. to pay the $23,000 port fee and check in at the counter.<\/p>\n<p><strong>Schedule:<\/strong><br \/>\nDeparture time: 8:20 AM<br \/>\nReturn time: 3:00 PM<\/p>","protected":false},"featured_media":2545,"comment_status":"open","ping_status":"closed","template":"","meta":{"_uag_custom_page_level_css":"","_joinchat":[]},"product_cat":[97],"product_tag":[],"class_list":{"0":"post-2415","1":"product","2":"type-product","3":"status-publish","4":"has-post-thumbnail","6":"product_cat-clubs-de-playa","8":"first","9":"instock","10":"shipping-taxable","11":"purchasable","12":"product-type-simple"},"jetpack_sharing_enabled":true,"uagb_featured_image_src":{"full":["https:\/\/wonderfultourscartagena.com\/wp-content\/uploads\/2024\/02\/pa-20-1.png",1080,1080,false],"thumbnail":["https:\/\/wonderfultourscartagena.com\/wp-content\/uploads\/2024\/02\/pa-20-1-150x150.png",150,150,true],"medium":["https:\/\/wonderfultourscartagena.com\/wp-content\/uploads\/2024\/02\/pa-20-1-300x300.png",300,300,true],"medium_large":["https:\/\/wonderfultourscartagena.com\/wp-content\/uploads\/2024\/02\/pa-20-1-768x768.png",768,768,true],"large":["https:\/\/wonderfultourscartagena.com\/wp-content\/uploads\/2024\/02\/pa-20-1-1024x1024.png",1024,1024,true],"1536x1536":["https:\/\/wonderfultourscartagena.com\/wp-content\/uploads\/2024\/02\/pa-20-1.png",1080,1080,false],"2048x2048":["https:\/\/wonderfultourscartagena.com\/wp-content\/uploads\/2024\/02\/pa-20-1.png",1080,1080,false],"trp-custom-language-flag":["https:\/\/wonderfultourscartagena.com\/wp-content\/uploads\/2024\/02\/pa-20-1.png",12,12,false],"woocommerce_archive_thumbnail":["https:\/\/wonderfultourscartagena.com\/wp-content\/uploads\/2024\/02\/pa-20-1-300x300.png",300,300,true],"mailpoet_newsletter_max":["https:\/\/wonderfultourscartagena.com\/wp-content\/uploads\/2024\/02\/pa-20-1.png",1080,1080,false],"woocommerce_thumbnail":["https:\/\/wonderfultourscartagena.com\/wp-content\/uploads\/2024\/02\/pa-20-1-300x300.png",300,300,true],"woocommerce_single":["https:\/\/wonderfultourscartagena.com\/wp-content\/uploads\/2024\/02\/pa-20-1-600x600.png",600,600,true],"woocommerce_gallery_thumbnail":["https:\/\/wonderfultourscartagena.com\/wp-content\/uploads\/2024\/02\/pa-20-1-100x100.png",100,100,true]},"uagb_author_info":{"display_name":"gladyswork1994","author_link":"https:\/\/wonderfultourscartagena.com\/en\/author\/"},"uagb_comment_info":2,"uagb_excerpt":"Paue Beach Club te ofrece una mezcla perfecta de buena m\u00fasica, un men\u00fa variado y exquisitos c\u00f3cteles, todo esto mientras disfrutas de la brisa del mar Caribe en su m\u00e1xima expresi\u00f3n. Los cupos son limitados, asegurando as\u00ed que cada visita sea exclusiva y placentera. Tener en cuenta: Los traslados ida y regreso tienen una duraci\u00f3n&hellip;","_links":{"self":[{"href":"https:\/\/wonderfultourscartagena.com\/en\/wp-json\/wp\/v2\/product\/2415","targetHints":{"allow":["GET"]}}],"collection":[{"href":"https:\/\/wonderfultourscartagena.com\/en\/wp-json\/wp\/v2\/product"}],"about":[{"href":"https:\/\/wonderfultourscartagena.com\/en\/wp-json\/wp\/v2\/types\/product"}],"replies":[{"embeddable":true,"href":"https:\/\/wonderfultourscartagena.com\/en\/wp-json\/wp\/v2\/comments?post=2415"}],"wp:featuredmedia":[{"embeddable":true,"href":"https:\/\/wonderfultourscartagena.com\/en\/wp-json\/wp\/v2\/media\/2545"}],"wp:attachment":[{"href":"https:\/\/wonderfultourscartagena.com\/en\/wp-json\/wp\/v2\/media?parent=2415"}],"wp:term":[{"taxonomy":"product_cat","embeddable":true,"href":"https:\/\/wonderfultourscartagena.com\/en\/wp-json\/wp\/v2\/product_cat?post=2415"},{"taxonomy":"product_tag","embeddable":true,"href":"https:\/\/wonderfultourscartagena.com\/en\/wp-json\/wp\/v2\/product_tag?post=2415"}],"curies":[{"name":"wp","href":"https:\/\/api.w.org\/{rel}","templated":true}]}}