{"id":2429,"date":"2024-02-10T19:38:14","date_gmt":"2024-02-10T18:38:14","guid":{"rendered":"https:\/\/wonderfultourscartagena.com\/?post_type=product&#038;p=2429"},"modified":"2026-02-07T19:15:53","modified_gmt":"2026-02-07T18:15:53","slug":"pasadias-mangata-ocean-club","status":"publish","type":"product","link":"https:\/\/wonderfultourscartagena.com\/en\/product\/pasadias-mangata-ocean-club\/","title":{"rendered":"Day Pass - Mangata ocean club"},"content":{"rendered":"<p>*\ud83d\udca7MANGATA BEACH CLUB*<\/p>\n<p>Valor del pasad\u00eda para pasajeros a partir de 4 a\u00f1os<br \/>\n$399.000<\/p>\n<p>*INCLUYE*<\/p>\n<p>\ud83d\udea4 Transporte en lanchas deportivas *(ida y vuelta)* desde Marina privada TODOMAR<\/p>\n<p>\ud83e\udd42 Copa de champa\u00f1a de bienvenida o jugo natural<\/p>\n<p>\ud83c\udfd6\ufe0f Acomodaci\u00f3n en cama, sala o silla asoleadora<\/p>\n<p>\ud83c\udfdd\ufe0fTour panor\u00e1mico por las islas<\/p>\n<p>\ud83d\udee9\ufe0fActividad de *SNORKEL* para ver la *AVIONETA UNDIDA DE PABLO ESCOBAR* \ud83d\udee9\ufe0f entre 10:30am y 11:00am *(aproximadamente)*<\/p>\n<p>*\ud83c\udf78\ud83c\udf792X1 TODO EL D\u00cdA\ud83c\udf78\ud83c\udf79 En los siguientes c\u00f3cteles: (Cuba Libre, Margarita, mojito, Caipiroska)<\/p>\n<p>*\ud83c\udf7a\ud83c\udf7bCUBETAZO DE CERVEZA \ud83c\udf7b\ud83c\udf7a* *TODO EL D\u00cdA\u00a0 en cervezas nacionales e Internacionales<br \/>\n*PAGAN 5 Y LA 6ta ES GRATIS<\/p>\n<p>\ud83d\uded6Restaurante con aire acondicionado \u00f3 al aire libre<\/p>\n<p>\ud83c\udfdd\ufe0fAcceso a todas las instalaciones.<\/p>\n<p>\ud83c\udf7d Almuerzo a la carta (8 opciones disponibles)<br \/>\n1. Filete de pescado (CORVINA) apanado<br \/>\nArroz de coco, ensalada (mixta), patacones<br \/>\n2. Pescado frito<br \/>\nArroz de coco, ensalada (mixta), patacones<br \/>\n3. Pechuga a la plancha<br \/>\nArroz blanco, ensalada (mixta), tajadas de platanos maduro<br \/>\n4. Risotto de Camarones<br \/>\n5. Pasta vegetariana<br \/>\nVegetales salteados<br \/>\n6. Pasta Bolo\u00f1esa<br \/>\nTipo de pasta penne.<br \/>\n7. Nuggets de pollo<br \/>\nAcompa\u00f1ado con Papas francesa<br \/>\n8. Pizza<br \/>\nHawaiana, Jam\u00f3n y margarita<\/p>\n<p>(acompa\u00f1ado con su bebida no alcoh\u00f3lica)<\/p>\n<p>\ud83d\udebf Ducha (agua dulce)<\/p>\n<p>\ud83e\uddfa Servicio de toallas<\/p>\n<p>\ud83c\udfa7 DJ (Todos los d\u00edas)<\/p>\n<p>\ud83c\udfc4\ud83c\udffb\u200d\u2642\ufe0f Uso de kayaks, Paddleboards.<\/p>\n<p>\ud83d\udeb2 Paseo en bicicleta para conocer la isla.<\/p>\n<p>NO ESTAN INCLUIDOS<\/p>\n<p>IMPUESTO DE PARQUES NACIONALES NATURALES $13.500 COP por persona (pago estrictamente en efectivo)<\/p>\n<p>Actividades adicionales (no mencionadas anteriormente)<\/p>\n<p>&nbsp;<\/p>\n<p>\u23f0Hora de llegada a la MARINA TODOMAR BOCAGRANDE : 7:30 A.M<\/p>\n<p>Hora de retorno aprox a Cartagena:\u00a0 3:00 P.M<\/p>","protected":false},"excerpt":{"rendered":"<p>In a relaxed atmosphere, nestled among coconut palms and reefs, lies Mangata Ocean Club; a place that harmoniously blends a beach club, highlighting Caribbean flavors in its menu and framed by spectacular views of the Caribbean Sea. It's strategically located on Isla Grande within the Rosario Islands.<\/p>\n<p><strong>Schedule:<\/strong><br \/>\n\u2022 Departure from the pier from 8:00 a.m. must be at the meeting point at 7:45 a.m.<br \/>\n\u2022 Return: 3:00 pm from the island approximately subject to change upon recommendation of Dimar.<\/p>","protected":false},"featured_media":2546,"comment_status":"open","ping_status":"closed","template":"","meta":{"_uag_custom_page_level_css":"","_joinchat":[]},"product_cat":[97],"product_tag":[],"class_list":{"0":"post-2429","1":"product","2":"type-product","3":"status-publish","4":"has-post-thumbnail","6":"product_cat-clubs-de-playa","8":"first","9":"instock","10":"shipping-taxable","11":"purchasable","12":"product-type-simple"},"jetpack_sharing_enabled":true,"uagb_featured_image_src":{"full":["https:\/\/wonderfultourscartagena.com\/wp-content\/uploads\/2024\/02\/MangataBrochureLifeStyle-15-1.jpg",1080,1080,false],"thumbnail":["https:\/\/wonderfultourscartagena.com\/wp-content\/uploads\/2024\/02\/MangataBrochureLifeStyle-15-1-150x150.jpg",150,150,true],"medium":["https:\/\/wonderfultourscartagena.com\/wp-content\/uploads\/2024\/02\/MangataBrochureLifeStyle-15-1-300x300.jpg",300,300,true],"medium_large":["https:\/\/wonderfultourscartagena.com\/wp-content\/uploads\/2024\/02\/MangataBrochureLifeStyle-15-1-768x768.jpg",768,768,true],"large":["https:\/\/wonderfultourscartagena.com\/wp-content\/uploads\/2024\/02\/MangataBrochureLifeStyle-15-1-1024x1024.jpg",1024,1024,true],"1536x1536":["https:\/\/wonderfultourscartagena.com\/wp-content\/uploads\/2024\/02\/MangataBrochureLifeStyle-15-1.jpg",1080,1080,false],"2048x2048":["https:\/\/wonderfultourscartagena.com\/wp-content\/uploads\/2024\/02\/MangataBrochureLifeStyle-15-1.jpg",1080,1080,false],"trp-custom-language-flag":["https:\/\/wonderfultourscartagena.com\/wp-content\/uploads\/2024\/02\/MangataBrochureLifeStyle-15-1.jpg",12,12,false],"woocommerce_archive_thumbnail":["https:\/\/wonderfultourscartagena.com\/wp-content\/uploads\/2024\/02\/MangataBrochureLifeStyle-15-1-300x300.jpg",300,300,true],"mailpoet_newsletter_max":["https:\/\/wonderfultourscartagena.com\/wp-content\/uploads\/2024\/02\/MangataBrochureLifeStyle-15-1.jpg",1080,1080,false],"woocommerce_thumbnail":["https:\/\/wonderfultourscartagena.com\/wp-content\/uploads\/2024\/02\/MangataBrochureLifeStyle-15-1-300x300.jpg",300,300,true],"woocommerce_single":["https:\/\/wonderfultourscartagena.com\/wp-content\/uploads\/2024\/02\/MangataBrochureLifeStyle-15-1-600x600.jpg",600,600,true],"woocommerce_gallery_thumbnail":["https:\/\/wonderfultourscartagena.com\/wp-content\/uploads\/2024\/02\/MangataBrochureLifeStyle-15-1-100x100.jpg",100,100,true]},"uagb_author_info":{"display_name":"gladyswork1994","author_link":"https:\/\/wonderfultourscartagena.com\/en\/author\/"},"uagb_comment_info":0,"uagb_excerpt":"En un ambiente relajado, entre palmas cocoteras y arrecifes se encuentra Mangata Ocean club; un lugar que conjuga con armon\u00eda un club de playa, resaltando los sabores del caribe en su men\u00fa y enmarcado por vistas espectaculares al mar caribe, ubicado estrat\u00e9gicamente en Isla grande dentro de las Islas del Rosario. Horarios: \u2022 Salida del&hellip;","_links":{"self":[{"href":"https:\/\/wonderfultourscartagena.com\/en\/wp-json\/wp\/v2\/product\/2429","targetHints":{"allow":["GET"]}}],"collection":[{"href":"https:\/\/wonderfultourscartagena.com\/en\/wp-json\/wp\/v2\/product"}],"about":[{"href":"https:\/\/wonderfultourscartagena.com\/en\/wp-json\/wp\/v2\/types\/product"}],"replies":[{"embeddable":true,"href":"https:\/\/wonderfultourscartagena.com\/en\/wp-json\/wp\/v2\/comments?post=2429"}],"wp:featuredmedia":[{"embeddable":true,"href":"https:\/\/wonderfultourscartagena.com\/en\/wp-json\/wp\/v2\/media\/2546"}],"wp:attachment":[{"href":"https:\/\/wonderfultourscartagena.com\/en\/wp-json\/wp\/v2\/media?parent=2429"}],"wp:term":[{"taxonomy":"product_cat","embeddable":true,"href":"https:\/\/wonderfultourscartagena.com\/en\/wp-json\/wp\/v2\/product_cat?post=2429"},{"taxonomy":"product_tag","embeddable":true,"href":"https:\/\/wonderfultourscartagena.com\/en\/wp-json\/wp\/v2\/product_tag?post=2429"}],"curies":[{"name":"wp","href":"https:\/\/api.w.org\/{rel}","templated":true}]}}