{"id":2443,"date":"2024-02-10T21:43:11","date_gmt":"2024-02-10T20:43:11","guid":{"rendered":"https:\/\/wonderfultourscartagena.com\/?post_type=product&#038;p=2443"},"modified":"2026-01-27T19:33:47","modified_gmt":"2026-01-27T18:33:47","slug":"pasadia-bora-bora-area-club","status":"publish","type":"product","link":"https:\/\/wonderfultourscartagena.com\/en\/product\/pasadia-bora-bora-area-club\/","title":{"rendered":"Day Pass \u2013 Bora Bora (Club Area )"},"content":{"rendered":"<p><strong>Includes:<\/strong><br \/>\n\u2022 Round-trip speedboat transfer<br \/>\n\u2022 Welcome cocktail (non-alcoholic)<br \/>\n\u2022 Use of private beach and lounge facilities. Bora Bora Basic<br \/>\n\u2022 Beach or sun lounger (from the second row onwards)<br \/>\n\u2022 Lunch with 3 options available<\/p>\n<p><strong>Not included:<\/strong><br \/>\nDock tax $23,000 COP<br \/>\nTravel insurance value per person $5000 (COVERAGE: ) * Medical assistance in case of eventuality or accident * Transfer in case of eventuality or accident in Maritime ambulance<br \/>\nA la carte food and drinks<br \/>\nTowels and Optional Activities (Spa etc.)<\/p>\n<p><strong>Itinerary:<\/strong><\/p>\n<p><span data-contrast=\"none\">7:20 AM Departure from the hotel<\/span><span data-ccp-props=\"{&quot;134233117&quot;:false,&quot;335551550&quot;:0,&quot;335551620&quot;:0,&quot;335559738&quot;:0}\">\u00a0<\/span><\/p>\n<p><span data-contrast=\"none\">7:30 AM Meeting at dock gate # 4<\/span><span data-ccp-props=\"{&quot;134233117&quot;:false,&quot;335551550&quot;:0,&quot;335551620&quot;:0,&quot;335559738&quot;:0}\">\u00a0<\/span><\/p>\n<p><span data-contrast=\"none\">8:00 AM Departure from pier \u2013 island<\/span><span data-ccp-props=\"{&quot;134233117&quot;:false,&quot;335551550&quot;:0,&quot;335551620&quot;:0,&quot;335559738&quot;:0}\">\u00a0<\/span><\/p>\n<p><span data-contrast=\"none\">9:00 AM arrival at the club<\/span><span data-ccp-props=\"{&quot;134233117&quot;:false,&quot;335551550&quot;:0,&quot;335551620&quot;:0,&quot;335559738&quot;:0}\">\u00a0<\/span><\/p>\n<p><span data-contrast=\"none\">3:00 PM Departure island \u2013 dock<\/span><span data-ccp-props=\"{&quot;134233117&quot;:false,&quot;335551550&quot;:0,&quot;335551620&quot;:0,&quot;335559738&quot;:0}\">\u00a0<\/span><\/p>\n<p><span data-contrast=\"none\">4:00 PM Arrival at the pier<\/span><span data-ccp-props=\"{&quot;134233117&quot;:false,&quot;335551550&quot;:0,&quot;335551620&quot;:0,&quot;335559738&quot;:0}\">\u00a0<\/span><\/p>\n<p><strong>Notas importantes:<\/strong><br \/>\n\u2022 Solo para mayores de 18 a\u00f1os<br \/>\n\u2022 Tu pasad\u00eda incluye una cama a partir de la 2da fila en adelante para 3 personas m\u00e1ximo. Si quieres reservar una cama frente al mar tiene un valor adicional de $80.000 cop. ( por la cama, no por persona) sujeto a disponibilidad, se paga al momento de realizar el check in en el muelle.<br \/>\n\u2022 Las embarcaciones salen desde el Muelle de la Bodeguita puerta #3. Se debe llegar al muelle a las 7:30 AM.<br \/>\n\u2022 Si tienes alguna alergia alimenticia, por favor d\u00e9janos saber<br \/>\n\u2022 Cuando la reserva es de s\u00f3lo 1 persona no se garantiza una cama, solo se garantiza una asoleadora<br \/>\n\u2022 En caso de no presentarse en el muelle antes de la hora maxima estipulada para tomar el pasadia (8:20am)\u00a0 perder\u00e1 el pago realizado por concepto de no show<br \/>\n\u2022 Bora Bora no ofrece Traslado al Acuario, Servicio de Snorkel, Servicio de Toallas.<\/p>","protected":false},"excerpt":{"rendered":"<div class=\"elementor-element elementor-element-ubcnftb baner-es elementor-widget elementor-widget-text-editor\" data-id=\"ubcnftb\" data-element_type=\"text-editor.default\">\n<div class=\"elementor-widget-container\">\n<div class=\"elementor-text-editor elementor-clearfix\">\n<p>Bora Bora Beach Club is a unique place to disconnect from everyday life and connect with the sea, the scenery, and the Caribbean spirit. An oasis where you\u2019ll feel the good vibes and the attentive care of our staff. A magical, lively atmosphere with a constant party vibe. Come and celebrate life with your partner, family, friends, or on your own! You will always be warmly welcomed as part of the Bora Bora Beach Club family.<\/p>\n<\/div>\n<\/div>\n<\/div>\n<div class=\"elementor-element elementor-element-epe1rmj baner-es elementor-widget elementor-widget-text-editor\" data-id=\"epe1rmj\" data-element_type=\"text-editor.default\">\n<div class=\"elementor-widget-container\">\n<div class=\"elementor-text-editor elementor-clearfix\">\n<p>We know that happiness is found in the small details, and that's why we strive every day to ensure you have the best experience on our island.<\/p>\n<\/div>\n<\/div>\n<\/div>","protected":false},"featured_media":2547,"comment_status":"open","ping_status":"closed","template":"","meta":{"_uag_custom_page_level_css":"","_joinchat":[]},"product_cat":[97],"product_tag":[],"class_list":{"0":"post-2443","1":"product","2":"type-product","3":"status-publish","4":"has-post-thumbnail","6":"product_cat-clubs-de-playa","8":"first","9":"instock","10":"shipping-taxable","11":"purchasable","12":"product-type-simple"},"jetpack_sharing_enabled":true,"uagb_featured_image_src":{"full":["https:\/\/wonderfultourscartagena.com\/wp-content\/uploads\/2024\/02\/bora-2-1.jpg",1080,1080,false],"thumbnail":["https:\/\/wonderfultourscartagena.com\/wp-content\/uploads\/2024\/02\/bora-2-1-150x150.jpg",150,150,true],"medium":["https:\/\/wonderfultourscartagena.com\/wp-content\/uploads\/2024\/02\/bora-2-1-300x300.jpg",300,300,true],"medium_large":["https:\/\/wonderfultourscartagena.com\/wp-content\/uploads\/2024\/02\/bora-2-1-768x768.jpg",768,768,true],"large":["https:\/\/wonderfultourscartagena.com\/wp-content\/uploads\/2024\/02\/bora-2-1-1024x1024.jpg",1024,1024,true],"1536x1536":["https:\/\/wonderfultourscartagena.com\/wp-content\/uploads\/2024\/02\/bora-2-1.jpg",1080,1080,false],"2048x2048":["https:\/\/wonderfultourscartagena.com\/wp-content\/uploads\/2024\/02\/bora-2-1.jpg",1080,1080,false],"trp-custom-language-flag":["https:\/\/wonderfultourscartagena.com\/wp-content\/uploads\/2024\/02\/bora-2-1.jpg",12,12,false],"woocommerce_archive_thumbnail":["https:\/\/wonderfultourscartagena.com\/wp-content\/uploads\/2024\/02\/bora-2-1-300x300.jpg",300,300,true],"mailpoet_newsletter_max":["https:\/\/wonderfultourscartagena.com\/wp-content\/uploads\/2024\/02\/bora-2-1.jpg",1080,1080,false],"woocommerce_thumbnail":["https:\/\/wonderfultourscartagena.com\/wp-content\/uploads\/2024\/02\/bora-2-1-300x300.jpg",300,300,true],"woocommerce_single":["https:\/\/wonderfultourscartagena.com\/wp-content\/uploads\/2024\/02\/bora-2-1-600x600.jpg",600,600,true],"woocommerce_gallery_thumbnail":["https:\/\/wonderfultourscartagena.com\/wp-content\/uploads\/2024\/02\/bora-2-1-100x100.jpg",100,100,true]},"uagb_author_info":{"display_name":"gladyswork1994","author_link":"https:\/\/wonderfultourscartagena.com\/en\/author\/"},"uagb_comment_info":0,"uagb_excerpt":"Bora Bora Beach Club es un sitio \u00fanico para desconectarse de lo cotidiano y conectarse con el mar, el paisaje y el esp\u00edritu caribe\u00f1o. Un oasis donde sentir\u00e1s la buena vibra y la atenci\u00f3n esmerada de nuestro staff. Un ambiente m\u00e1gico, estimulante y de fiesta constante. Ven y celebra la vida junto a tu pareja,&hellip;","_links":{"self":[{"href":"https:\/\/wonderfultourscartagena.com\/en\/wp-json\/wp\/v2\/product\/2443","targetHints":{"allow":["GET"]}}],"collection":[{"href":"https:\/\/wonderfultourscartagena.com\/en\/wp-json\/wp\/v2\/product"}],"about":[{"href":"https:\/\/wonderfultourscartagena.com\/en\/wp-json\/wp\/v2\/types\/product"}],"replies":[{"embeddable":true,"href":"https:\/\/wonderfultourscartagena.com\/en\/wp-json\/wp\/v2\/comments?post=2443"}],"wp:featuredmedia":[{"embeddable":true,"href":"https:\/\/wonderfultourscartagena.com\/en\/wp-json\/wp\/v2\/media\/2547"}],"wp:attachment":[{"href":"https:\/\/wonderfultourscartagena.com\/en\/wp-json\/wp\/v2\/media?parent=2443"}],"wp:term":[{"taxonomy":"product_cat","embeddable":true,"href":"https:\/\/wonderfultourscartagena.com\/en\/wp-json\/wp\/v2\/product_cat?post=2443"},{"taxonomy":"product_tag","embeddable":true,"href":"https:\/\/wonderfultourscartagena.com\/en\/wp-json\/wp\/v2\/product_tag?post=2443"}],"curies":[{"name":"wp","href":"https:\/\/api.w.org\/{rel}","templated":true}]}}