{"id":2455,"date":"2024-02-10T22:50:45","date_gmt":"2024-02-10T21:50:45","guid":{"rendered":"https:\/\/wonderfultourscartagena.com\/?post_type=product&#038;p=2455"},"modified":"2026-01-27T20:09:19","modified_gmt":"2026-01-27T19:09:19","slug":"pasadia-bora-bora-area-vip","status":"publish","type":"product","link":"https:\/\/wonderfultourscartagena.com\/en\/product\/pasadia-bora-bora-area-vip\/","title":{"rendered":"Day Pass - Bora Bora ( Vip Area )"},"content":{"rendered":"<p><strong>Includes:<\/strong><br \/>\n\u2022 Round-trip speedboat transfer<br \/>\n\u2022 Coctel de bienvenida<br \/>\n\u2022 Use of private beach and lounge facilities. Bora Bora Basic<br \/>\n\u2022 Cama de playa o asoleadora<br \/>\n\u2022 Almuerzo con 5 opciones ( Pollo a la plancha, Pescado frito, Pasta con vegetales salteados, Paella Bora Bora y Pasta a la marinera).<\/p>\n<p><strong>Not included:<\/strong><br \/>\n\u2022 Impuesto de entrada al parque nacional + seguro de vida Cobertura:<br \/>\n*Asistencia m\u00e9dica en caso de eventualidad o accidentes<br \/>\n*Traslado por eventualidad o accidente en ambulancia Mar\u00edtima. Este se debe pagar directamente en el muelle en efectivo y en pesos colombianos<br \/>\n\u2022 Otras bebidas y alimentos<br \/>\n\u2022 Propinas opcionales<\/p>\n<h4><strong>Itinerary:<\/strong><\/h4>\n<p>7:30 AM Meeting at dock gate # 4<\/p>\n<p>8:00 &#8211; 8:30 AM\u00a0 Zarpe muelle \u2013 isla<\/p>\n<p>9:00 &#8211; 9: 30 AM llegada al club<\/p>\n<p>3:00 PM Departure island \u2013 dock<\/p>\n<p>4:00 PM Arrival at the pier<\/p>\n<p><strong>Notas importantes:<\/strong><br \/>\n\u2022 Solo para mayores de 18 a\u00f1os<br \/>\n\u2022 Tu pasad\u00eda incluye una cama a partir de la 2da fila en adelante para 3 personas m\u00e1ximo. Si quieres reservar una cama frente al mar tiene un valor adicional de $80.000 cop. ( por la cama, no por persona) sujeto a disponibilidad, se paga al momento de realizar el check in en el muelle.<br \/>\n\u2022 Las embarcaciones salen desde el Muelle de la Bodeguita puerta #3. Se debe llegar al muelle a las 7:30 AM.<br \/>\n\u2022 Si tienes alguna alergia alimenticia, por favor d\u00e9janos saber<br \/>\n\u2022 Cuando la reserva es de s\u00f3lo 1 persona no se garantiza una cama, solo se garantiza una asoleadora<br \/>\n\u2022 En caso de no presentarse en el muelle antes de la hora maxima estipulada para tomar el pasadia (8:20am)\u00a0 perder\u00e1 el pago realizado por concepto de no show<br \/>\n\u2022 Bora Bora no ofrece Traslado al Acuario, Servicio de Snorkel, Servicio de Toallas.<\/p>","protected":false},"excerpt":{"rendered":"<div class=\"elementor-element elementor-element-ubcnftb baner-es elementor-widget elementor-widget-text-editor\" data-id=\"ubcnftb\" data-element_type=\"text-editor.default\">\n<div class=\"elementor-widget-container\">\n<div class=\"elementor-text-editor elementor-clearfix\">\n<p>Bora Bora Beach Club is a unique place to disconnect from everyday life and connect with the sea, the scenery, and the Caribbean spirit. An oasis where you\u2019ll feel the good vibes and the attentive care of our staff. A magical, lively atmosphere with a constant party vibe. Come and celebrate life with your partner, family, friends, or on your own! You will always be warmly welcomed as part of the Bora Bora Beach Club family.<\/p>\n<\/div>\n<\/div>\n<\/div>\n<div class=\"elementor-element elementor-element-epe1rmj baner-es elementor-widget elementor-widget-text-editor\" data-id=\"epe1rmj\" data-element_type=\"text-editor.default\">\n<div class=\"elementor-widget-container\">\n<div class=\"elementor-text-editor elementor-clearfix\">\n<p>We know that happiness is found in the small details, and that's why we strive every day to ensure you have the best experience on our island.<\/p>\n<p><strong>Schedule:<\/strong><br \/>\n\u2022 Departure from the pier at approximately 7:30 a.m.<br \/>\n\u2022 Return to the dock: approximately 4:00 p.m.<\/p>\n<\/div>\n<\/div>\n<\/div>","protected":false},"featured_media":2548,"comment_status":"open","ping_status":"closed","template":"","meta":{"_uag_custom_page_level_css":"","_joinchat":[]},"product_cat":[97],"product_tag":[78,77,76],"class_list":{"0":"post-2455","1":"product","2":"type-product","3":"status-publish","4":"has-post-thumbnail","6":"product_cat-clubs-de-playa","7":"product_tag-bora-bora-area-vip","8":"product_tag-islas-del-rosario","9":"product_tag-pasadia","11":"first","12":"instock","13":"shipping-taxable","14":"purchasable","15":"product-type-simple"},"jetpack_sharing_enabled":true,"uagb_featured_image_src":{"full":["https:\/\/wonderfultourscartagena.com\/wp-content\/uploads\/2024\/02\/20230320_084316-1.jpg",1080,1080,false],"thumbnail":["https:\/\/wonderfultourscartagena.com\/wp-content\/uploads\/2024\/02\/20230320_084316-1-150x150.jpg",150,150,true],"medium":["https:\/\/wonderfultourscartagena.com\/wp-content\/uploads\/2024\/02\/20230320_084316-1-300x300.jpg",300,300,true],"medium_large":["https:\/\/wonderfultourscartagena.com\/wp-content\/uploads\/2024\/02\/20230320_084316-1-768x768.jpg",768,768,true],"large":["https:\/\/wonderfultourscartagena.com\/wp-content\/uploads\/2024\/02\/20230320_084316-1-1024x1024.jpg",1024,1024,true],"1536x1536":["https:\/\/wonderfultourscartagena.com\/wp-content\/uploads\/2024\/02\/20230320_084316-1.jpg",1080,1080,false],"2048x2048":["https:\/\/wonderfultourscartagena.com\/wp-content\/uploads\/2024\/02\/20230320_084316-1.jpg",1080,1080,false],"trp-custom-language-flag":["https:\/\/wonderfultourscartagena.com\/wp-content\/uploads\/2024\/02\/20230320_084316-1.jpg",12,12,false],"woocommerce_archive_thumbnail":["https:\/\/wonderfultourscartagena.com\/wp-content\/uploads\/2024\/02\/20230320_084316-1-300x300.jpg",300,300,true],"mailpoet_newsletter_max":["https:\/\/wonderfultourscartagena.com\/wp-content\/uploads\/2024\/02\/20230320_084316-1.jpg",1080,1080,false],"woocommerce_thumbnail":["https:\/\/wonderfultourscartagena.com\/wp-content\/uploads\/2024\/02\/20230320_084316-1-300x300.jpg",300,300,true],"woocommerce_single":["https:\/\/wonderfultourscartagena.com\/wp-content\/uploads\/2024\/02\/20230320_084316-1-600x600.jpg",600,600,true],"woocommerce_gallery_thumbnail":["https:\/\/wonderfultourscartagena.com\/wp-content\/uploads\/2024\/02\/20230320_084316-1-100x100.jpg",100,100,true]},"uagb_author_info":{"display_name":"gladyswork1994","author_link":"https:\/\/wonderfultourscartagena.com\/en\/author\/"},"uagb_comment_info":0,"uagb_excerpt":"Bora Bora Beach Club es un sitio \u00fanico para desconectarse de lo cotidiano y conectarse con el mar, el paisaje y el esp\u00edritu caribe\u00f1o. Un oasis donde sentir\u00e1s la buena vibra y la atenci\u00f3n esmerada de nuestro staff. Un ambiente m\u00e1gico, estimulante y de fiesta constante. Ven y celebra la vida junto a tu pareja,&hellip;","_links":{"self":[{"href":"https:\/\/wonderfultourscartagena.com\/en\/wp-json\/wp\/v2\/product\/2455","targetHints":{"allow":["GET"]}}],"collection":[{"href":"https:\/\/wonderfultourscartagena.com\/en\/wp-json\/wp\/v2\/product"}],"about":[{"href":"https:\/\/wonderfultourscartagena.com\/en\/wp-json\/wp\/v2\/types\/product"}],"replies":[{"embeddable":true,"href":"https:\/\/wonderfultourscartagena.com\/en\/wp-json\/wp\/v2\/comments?post=2455"}],"wp:featuredmedia":[{"embeddable":true,"href":"https:\/\/wonderfultourscartagena.com\/en\/wp-json\/wp\/v2\/media\/2548"}],"wp:attachment":[{"href":"https:\/\/wonderfultourscartagena.com\/en\/wp-json\/wp\/v2\/media?parent=2455"}],"wp:term":[{"taxonomy":"product_cat","embeddable":true,"href":"https:\/\/wonderfultourscartagena.com\/en\/wp-json\/wp\/v2\/product_cat?post=2455"},{"taxonomy":"product_tag","embeddable":true,"href":"https:\/\/wonderfultourscartagena.com\/en\/wp-json\/wp\/v2\/product_tag?post=2455"}],"curies":[{"name":"wp","href":"https:\/\/api.w.org\/{rel}","templated":true}]}}