{"id":2478,"date":"2024-02-11T00:43:49","date_gmt":"2024-02-10T23:43:49","guid":{"rendered":"https:\/\/wonderfultourscartagena.com\/?post_type=product&#038;p=2478"},"modified":"2026-02-10T00:01:30","modified_gmt":"2026-02-09T23:01:30","slug":"pasadia-luxury-open-bar-area-house","status":"publish","type":"product","link":"https:\/\/wonderfultourscartagena.com\/en\/product\/pasadia-luxury-open-bar-area-house\/","title":{"rendered":"Day Pass - Luxury Open Bar ( VIP )"},"content":{"rendered":"<p><strong>DESCRIPTION<\/strong><\/p>\n<p>* Transporte en lancha Trit\u00f3n, ida y vuelta<\/p>\n<p>* Copa de vino de bienvenida<\/p>\n<p>* Barra abierta en bebida nacional Ilimitada:<br \/>\nShot de Licor seleccionado<br \/>\nAmplia Cocteler\u00eda : Pi\u00f1a Colada, Coco Loco, Tequila Sunrise, Caipiri\u00f1a, Daiquir\u00ed (C\u00f3ctel &amp; Mocktail), Margarita, Cuba libre, Mojito (C\u00f3ctel &amp; Mocktail)<br \/>\nCerveza del d\u00eda<br \/>\nAgua y gaseosa embotellada<br \/>\nDispensador de jugo de naranja<br \/>\nCaf\u00e9 \u2615\ufe0f<\/p>\n<p>* \u2060Servicio directo a la cama y en la barra\ud83e\uddcd\u200d\u2642\ufe0f<\/p>\n<p>* DJ todos los d\u00edas \ud83c\udfa4<\/p>\n<p>* \u206010 Opciones de almuerzo<\/p>\n<p>* Cama playera (por pareja)<br \/>\nIMPORTANTE: Asoleadora en caso de reservar s\u00f3lo una persona<\/p>\n<p>* Ducha de agua dulce en la playa (lleve su toalla)<\/p>\n<p>* Opcional:<br \/>\nRecorrido panor\u00e1mico Islas del Rosario o traslado al Oceanario (60 minutos)<\/p>\n<p>IMPORTANTE: Entrada al Oceanario no incluida<\/p>\n<p>IMPORTANTE: Plan exclusivo para mayores de 10 a\u00f1os<\/p>","protected":false},"excerpt":{"rendered":"<p>Luxury Beach Club cuenta con todas las caracter\u00edsticas que har\u00e1n inolvidable tu estancia, sintiendo las caricias de una fina arena blanca y calidas aguas cristalinas color turquesa con la exuberante vida marina en uno de los sitios mas hermosos de el Parque Natural Nacional Corales islas del Rosario a tan s\u00f3lo 45 minutos de Cartagena.<\/p>\n<p><strong>HORARIOS:<\/strong><br \/>\nDeparture time: 8:20 AM<br \/>\nReturn time: 3:00 PM<\/p>","protected":false},"featured_media":2549,"comment_status":"open","ping_status":"closed","template":"","meta":{"_uag_custom_page_level_css":"","_joinchat":[]},"product_cat":[97],"product_tag":[79,80],"class_list":{"0":"post-2478","1":"product","2":"type-product","3":"status-publish","4":"has-post-thumbnail","6":"product_cat-clubs-de-playa","7":"product_tag-beach-club","8":"product_tag-pasadia-luxury","10":"first","11":"instock","12":"shipping-taxable","13":"purchasable","14":"product-type-simple"},"jetpack_sharing_enabled":true,"uagb_featured_image_src":{"full":["https:\/\/wonderfultourscartagena.com\/wp-content\/uploads\/2024\/02\/IMG-20231014-WA0045-2.jpg",1080,1080,false],"thumbnail":["https:\/\/wonderfultourscartagena.com\/wp-content\/uploads\/2024\/02\/IMG-20231014-WA0045-2-150x150.jpg",150,150,true],"medium":["https:\/\/wonderfultourscartagena.com\/wp-content\/uploads\/2024\/02\/IMG-20231014-WA0045-2-300x300.jpg",300,300,true],"medium_large":["https:\/\/wonderfultourscartagena.com\/wp-content\/uploads\/2024\/02\/IMG-20231014-WA0045-2-768x768.jpg",768,768,true],"large":["https:\/\/wonderfultourscartagena.com\/wp-content\/uploads\/2024\/02\/IMG-20231014-WA0045-2-1024x1024.jpg",1024,1024,true],"1536x1536":["https:\/\/wonderfultourscartagena.com\/wp-content\/uploads\/2024\/02\/IMG-20231014-WA0045-2.jpg",1080,1080,false],"2048x2048":["https:\/\/wonderfultourscartagena.com\/wp-content\/uploads\/2024\/02\/IMG-20231014-WA0045-2.jpg",1080,1080,false],"trp-custom-language-flag":["https:\/\/wonderfultourscartagena.com\/wp-content\/uploads\/2024\/02\/IMG-20231014-WA0045-2.jpg",12,12,false],"woocommerce_archive_thumbnail":["https:\/\/wonderfultourscartagena.com\/wp-content\/uploads\/2024\/02\/IMG-20231014-WA0045-2-300x300.jpg",300,300,true],"mailpoet_newsletter_max":["https:\/\/wonderfultourscartagena.com\/wp-content\/uploads\/2024\/02\/IMG-20231014-WA0045-2.jpg",1080,1080,false],"woocommerce_thumbnail":["https:\/\/wonderfultourscartagena.com\/wp-content\/uploads\/2024\/02\/IMG-20231014-WA0045-2-300x300.jpg",300,300,true],"woocommerce_single":["https:\/\/wonderfultourscartagena.com\/wp-content\/uploads\/2024\/02\/IMG-20231014-WA0045-2-600x600.jpg",600,600,true],"woocommerce_gallery_thumbnail":["https:\/\/wonderfultourscartagena.com\/wp-content\/uploads\/2024\/02\/IMG-20231014-WA0045-2-100x100.jpg",100,100,true]},"uagb_author_info":{"display_name":"gladyswork1994","author_link":"https:\/\/wonderfultourscartagena.com\/en\/author\/"},"uagb_comment_info":0,"uagb_excerpt":"Luxury Beach Club cuenta con todas las caracter\u00edsticas que har\u00e1n inolvidable tu estancia, sintiendo las caricias de una fina arena blanca y calidas aguas cristalinas color turquesa con la exuberante vida marina en uno de los sitios mas hermosos de el Parque Natural Nacional Corales islas del Rosario a tan s\u00f3lo 45 minutos de Cartagena.&hellip;","_links":{"self":[{"href":"https:\/\/wonderfultourscartagena.com\/en\/wp-json\/wp\/v2\/product\/2478","targetHints":{"allow":["GET"]}}],"collection":[{"href":"https:\/\/wonderfultourscartagena.com\/en\/wp-json\/wp\/v2\/product"}],"about":[{"href":"https:\/\/wonderfultourscartagena.com\/en\/wp-json\/wp\/v2\/types\/product"}],"replies":[{"embeddable":true,"href":"https:\/\/wonderfultourscartagena.com\/en\/wp-json\/wp\/v2\/comments?post=2478"}],"wp:featuredmedia":[{"embeddable":true,"href":"https:\/\/wonderfultourscartagena.com\/en\/wp-json\/wp\/v2\/media\/2549"}],"wp:attachment":[{"href":"https:\/\/wonderfultourscartagena.com\/en\/wp-json\/wp\/v2\/media?parent=2478"}],"wp:term":[{"taxonomy":"product_cat","embeddable":true,"href":"https:\/\/wonderfultourscartagena.com\/en\/wp-json\/wp\/v2\/product_cat?post=2478"},{"taxonomy":"product_tag","embeddable":true,"href":"https:\/\/wonderfultourscartagena.com\/en\/wp-json\/wp\/v2\/product_tag?post=2478"}],"curies":[{"name":"wp","href":"https:\/\/api.w.org\/{rel}","templated":true}]}}