{"id":2498,"date":"2024-02-11T02:49:52","date_gmt":"2024-02-11T01:49:52","guid":{"rendered":"https:\/\/wonderfultourscartagena.com\/?post_type=product&#038;p=2498"},"modified":"2024-02-13T02:33:21","modified_gmt":"2024-02-13T01:33:21","slug":"pasadia-luxury-open-bar-area-beach","status":"publish","type":"product","link":"https:\/\/wonderfultourscartagena.com\/en\/product\/pasadia-luxury-open-bar-area-beach\/","title":{"rendered":"Day Pass - Luxury Open Bar ( Beach Area)"},"content":{"rendered":"<p><strong> \u00a0 \u00a0OPEN BAR AREA BEACH INCLUYE:<\/strong><\/p>\n<ul class=\"list_check\">\n<li>Transporte en Lancha ida y vuelta<\/li>\n<li>Barra Abierta Bebida Nacional Ilimitada : Cerveza del d\u00eda, C\u00f3cteles de la Casa (Pi\u00f1a Colada, Coco Loco, Gin Tonic, Daiquir\u00ed, Tequila Sunrise, Caipiri\u00f1a, Caipiroska, Mojito, Cuba libre), agua y gaseosa embotellada, dispensador de jugo de naranja y limonada.<\/li>\n<li>Parasol, asoleadora playera.<\/li>\n<li>3 Opciones de Almuerzo T\u00edpico Cartagenero : Pescado, Pollo a la Plancha, Arroz Chaufa de\u00a0Vegetales<\/li>\n<li>Opcional: Recorrido Panor\u00e1mico Islas del Rosario con Parada en el Oceanario, 60 minutos. (Entrada al Oceanario no incluida).<\/li>\n<li>Ducha en la playa (lleve\u00a0su\u00a0toalla)<\/li>\n<\/ul>\n<div class=\"column mcb-column one column_column column-margin-0px\"><\/div>\n<p><strong>\u00a0 \u00a0 \u00a0NO INCLUYE:<\/strong><\/p>\n<ul class=\"list_check\">\n<li>Seguro Hotelero<\/li>\n<li>Tasa de Embarque<\/li>\n<li>Tiquete de Entrada para el Oceanario<\/li>\n<li>Primera fila de camas en \u00c1rea VIP<\/li>\n<li>Toallas<\/li>\n<li>Consumos adicionales a los descritos en cada plan.<\/li>\n<li>Utilizaci\u00f3n de \u00e1reas y amenidades del hotel distintas a las descritas en cada plan.<\/li>\n<li>No ofrecemos ni promovemos: WIFI, Spa, Tours, Actividades y\/o consumos de alimentos y bebidas por fuera del\u00a0Club\u00a0de\u00a0Playa<\/li>\n<\/ul>\n<p><strong>\u00a0 \u00a0 Luxury Ni\u00f1o Area Beach (Edad 3 a 9 a\u00f1os)\u00a0<\/strong><\/p>\n<div class=\"column mcb-column one column_column column-margin-0px\">\n<div class=\"column_attr clearfix align_center\">\n<h5><i>\u00a0 \u00a0 \u00a0 Los peque\u00f1os tambi\u00e9n disfrutan de la Naturaleza!<\/i><\/h5>\n<h4>\u00a0 \u00a0 \u00a0 \u00a0 INCLUYE<\/h4>\n<\/div>\n<\/div>\n<div class=\"column mcb-column one column_column column-margin-0px\">\n<div class=\"column_attr clearfix\">\n<ul class=\"list_check\">\n<li>Transporte en Lancha<\/li>\n<li>Barra Abierta: agua y gaseosa embotellada, dispensador de jugo de naranja y limonada<\/li>\n<li>3 Opciones de Almuerzo T\u00edpico Cartagenero: Men\u00fa Infantil: Pescado, Pollo a la Plancha, Arroz Chaufa de\u00a0Vegetales<\/li>\n<li>Opcional: Recorrido Panor\u00e1mico Islas del Rosario con Parada en el Oceanario, 60 minutos. (Entrada al Ocenario no incluida).<\/li>\n<li>Ducha en la playa (lleve\u00a0su\u00a0toalla)<\/li>\n<\/ul>\n<p><strong>Valor:<\/strong> $240.000 COP por persona<\/p>\n<\/div>\n<p><strong>Notas importantes:<\/strong><br \/>\n\u2022 El horario de salida, autorizado por la capitan\u00eda de puerto es a partir de las 08.30AM con regreso de la isla a entre 3:PM a 3:20PM Llegando al muelle aproximadamente 4.00PM<br \/>\n\u2022 Dependiendo de las condiciones del mar, por razones de seguridad el capit\u00e1n puede decidir volver antes de lo previsto<br \/>\n\u2022 Ten en cuenta que el itinerario y horarios son aproximados y pueden ser modificados sin previo aviso para adaptarse a la marea y las condiciones clim\u00e1ticas.<\/p>\n<\/div>\n<p><strong>\u00a0<\/strong><\/p>\n<p>&nbsp;<\/p>","protected":false},"excerpt":{"rendered":"<p>Our Beach Club has all the features that will make your stay unforgettable, feeling the caresses of fine white sand and warm, crystal-clear turquoise waters with exuberant marine life in one of the most beautiful places in the Rosario Islands Corales National Natural Park, just 45 minutes from Cartagena.<\/p>\n<p><strong>Schedule: <\/strong>You must be at Muelle de la Bodeguita Gate # 4 at 7:15 am on the day of your visit. Reservations are guaranteed until 8:20 am.<\/p>","protected":false},"featured_media":2550,"comment_status":"open","ping_status":"closed","template":"","meta":{"_uag_custom_page_level_css":"","_joinchat":[]},"product_cat":[97],"product_tag":[79,77,80],"class_list":{"0":"post-2498","1":"product","2":"type-product","3":"status-publish","4":"has-post-thumbnail","6":"product_cat-clubs-de-playa","7":"product_tag-beach-club","8":"product_tag-islas-del-rosario","9":"product_tag-pasadia-luxury","11":"first","12":"instock","13":"shipping-taxable","14":"purchasable","15":"product-type-simple"},"jetpack_sharing_enabled":true,"uagb_featured_image_src":{"full":["https:\/\/wonderfultourscartagena.com\/wp-content\/uploads\/2024\/02\/IMG-20231014-WA0064-1.jpg",1080,1080,false],"thumbnail":["https:\/\/wonderfultourscartagena.com\/wp-content\/uploads\/2024\/02\/IMG-20231014-WA0064-1-150x150.jpg",150,150,true],"medium":["https:\/\/wonderfultourscartagena.com\/wp-content\/uploads\/2024\/02\/IMG-20231014-WA0064-1-300x300.jpg",300,300,true],"medium_large":["https:\/\/wonderfultourscartagena.com\/wp-content\/uploads\/2024\/02\/IMG-20231014-WA0064-1-768x768.jpg",768,768,true],"large":["https:\/\/wonderfultourscartagena.com\/wp-content\/uploads\/2024\/02\/IMG-20231014-WA0064-1-1024x1024.jpg",1024,1024,true],"1536x1536":["https:\/\/wonderfultourscartagena.com\/wp-content\/uploads\/2024\/02\/IMG-20231014-WA0064-1.jpg",1080,1080,false],"2048x2048":["https:\/\/wonderfultourscartagena.com\/wp-content\/uploads\/2024\/02\/IMG-20231014-WA0064-1.jpg",1080,1080,false],"trp-custom-language-flag":["https:\/\/wonderfultourscartagena.com\/wp-content\/uploads\/2024\/02\/IMG-20231014-WA0064-1.jpg",12,12,false],"woocommerce_archive_thumbnail":["https:\/\/wonderfultourscartagena.com\/wp-content\/uploads\/2024\/02\/IMG-20231014-WA0064-1-300x300.jpg",300,300,true],"mailpoet_newsletter_max":["https:\/\/wonderfultourscartagena.com\/wp-content\/uploads\/2024\/02\/IMG-20231014-WA0064-1.jpg",1080,1080,false],"woocommerce_thumbnail":["https:\/\/wonderfultourscartagena.com\/wp-content\/uploads\/2024\/02\/IMG-20231014-WA0064-1-300x300.jpg",300,300,true],"woocommerce_single":["https:\/\/wonderfultourscartagena.com\/wp-content\/uploads\/2024\/02\/IMG-20231014-WA0064-1-600x600.jpg",600,600,true],"woocommerce_gallery_thumbnail":["https:\/\/wonderfultourscartagena.com\/wp-content\/uploads\/2024\/02\/IMG-20231014-WA0064-1-100x100.jpg",100,100,true]},"uagb_author_info":{"display_name":"gladyswork1994","author_link":"https:\/\/wonderfultourscartagena.com\/en\/author\/"},"uagb_comment_info":0,"uagb_excerpt":"Nuestro Beach Club cuenta con todas las caracter\u00edsticas que har\u00e1n inolvidable tu estancia, sintiendo las caricias de una fina arena blanca y calidas aguas cristalinas color turquesa con la exuberante vida marina en uno de los sitios mas hermosos de el Parque Natural Nacional Corales islas del Rosario a tan s\u00f3lo 45 minutos de Cartagena&hellip;","_links":{"self":[{"href":"https:\/\/wonderfultourscartagena.com\/en\/wp-json\/wp\/v2\/product\/2498","targetHints":{"allow":["GET"]}}],"collection":[{"href":"https:\/\/wonderfultourscartagena.com\/en\/wp-json\/wp\/v2\/product"}],"about":[{"href":"https:\/\/wonderfultourscartagena.com\/en\/wp-json\/wp\/v2\/types\/product"}],"replies":[{"embeddable":true,"href":"https:\/\/wonderfultourscartagena.com\/en\/wp-json\/wp\/v2\/comments?post=2498"}],"wp:featuredmedia":[{"embeddable":true,"href":"https:\/\/wonderfultourscartagena.com\/en\/wp-json\/wp\/v2\/media\/2550"}],"wp:attachment":[{"href":"https:\/\/wonderfultourscartagena.com\/en\/wp-json\/wp\/v2\/media?parent=2498"}],"wp:term":[{"taxonomy":"product_cat","embeddable":true,"href":"https:\/\/wonderfultourscartagena.com\/en\/wp-json\/wp\/v2\/product_cat?post=2498"},{"taxonomy":"product_tag","embeddable":true,"href":"https:\/\/wonderfultourscartagena.com\/en\/wp-json\/wp\/v2\/product_tag?post=2498"}],"curies":[{"name":"wp","href":"https:\/\/api.w.org\/{rel}","templated":true}]}}