{"id":2508,"date":"2024-02-11T03:49:48","date_gmt":"2024-02-11T02:49:48","guid":{"rendered":"https:\/\/wonderfultourscartagena.com\/?post_type=product&#038;p=2508"},"modified":"2025-01-11T17:42:24","modified_gmt":"2025-01-11T16:42:24","slug":"pasadia-pao-pao-beach-club","status":"publish","type":"product","link":"https:\/\/wonderfultourscartagena.com\/en\/product\/pasadia-pao-pao-beach-club\/","title":{"rendered":"Day Pass - Pao Pao Beach club"},"content":{"rendered":"<p><strong>\u00a0Includes:<\/strong><br \/>\n\u2022 Traslado en lancha r\u00e1pida (ida y vuelta) Muelle la Bodeguita &#8211; PAO PAO<br \/>\n\u2022 Coctel de Bienvenida (Sin Alcohol).<br \/>\n\u2022 Asoleadora.<br \/>\n\u2022 Almuerzo: Paella Pao Pao, Pasta a la Marinera, Plato T\u00edpico Cartagenero (Pescado) , Pechuga de pollo a la plancha \u00f3 Plato Vegetariano) La entrada y el postre son a sugerencia del chef.<\/p>\n<p><strong><i class=\"fa-light fa-ban\" aria-hidden=\"true\"><\/i>\u00a0Not included:<\/strong><br \/>\n\u2022 Tasa de Embarque +\u00a0 Seguro de asistencia m\u00e9dica<br \/>\n\u2022 Alimentos y Bebidas a la carta<br \/>\n\u2022 Actividades adicionales por fuera del club de playa<br \/>\n\u2022 Otros consumos adicionales no especificados.<br \/>\n\u2022 Toallas<\/p>\n<p><strong>Important information:<\/strong><\/p>\n<p>Salimos todos los d\u00edas de la semana. Los pasajeros deben estar a las 7:20 am en la puerta #3 del muelle de La Bodeguita. Zarpamos a las 8:00 am aproximadamente. El trayecto dura 45 minutos. A las 3 pm salimos de regreso de la isla y estamos en el muelle nuevamente a las 4 pm aprox.<\/p>\n<p><strong>Notas importantes:<\/strong><br \/>\n\u2022 Solo para mayores de 18 a\u00f1os<br \/>\n\u2022 No se permiten mascotas<br \/>\n\u2022 No ofrece duchas de agua dulce<br \/>\n\u2022 Traslado al Acuario<br \/>\n\u2022 No hay Servicio de Snorkel<br \/>\n\u2022 No hay Servicio de Toallas<\/p>","protected":false},"excerpt":{"rendered":"<p>Pao Pao Beach Club is an ADULTS ONLY beach club, where visitors will have the opportunity to enjoy a unique experience. The club offers an exotic landscape decorated with the flight of more than 100 frigate birds that adorn the area 24 hours a day, accompanied by excellent music from resident DJs who set the mood for the day in the best Chill Out and Deep House styles. It features two beautiful white-sand beaches, a small freshwater pool, social spaces, and the best vibes of the Colombian Caribbean. This beach package is recommended if you're coming to Cartagena to party with your partner or group of friends.<\/p>\n<p><strong>Schedule:<\/strong><br \/>\n\u2022 7:45am must be at the meeting point<br \/>\n\u2022 Return from the island at 3:00 pm<\/p>","protected":false},"featured_media":2552,"comment_status":"open","ping_status":"closed","template":"","meta":{"_uag_custom_page_level_css":"","_joinchat":[]},"product_cat":[97],"product_tag":[79,77,81],"class_list":{"0":"post-2508","1":"product","2":"type-product","3":"status-publish","4":"has-post-thumbnail","6":"product_cat-clubs-de-playa","7":"product_tag-beach-club","8":"product_tag-islas-del-rosario","9":"product_tag-pao-pao","11":"first","12":"instock","13":"shipping-taxable","14":"purchasable","15":"product-type-simple"},"jetpack_sharing_enabled":true,"uagb_featured_image_src":{"full":["https:\/\/wonderfultourscartagena.com\/wp-content\/uploads\/2024\/02\/pao-31-1.jpg",1080,1080,false],"thumbnail":["https:\/\/wonderfultourscartagena.com\/wp-content\/uploads\/2024\/02\/pao-31-1-150x150.jpg",150,150,true],"medium":["https:\/\/wonderfultourscartagena.com\/wp-content\/uploads\/2024\/02\/pao-31-1-300x300.jpg",300,300,true],"medium_large":["https:\/\/wonderfultourscartagena.com\/wp-content\/uploads\/2024\/02\/pao-31-1-768x768.jpg",768,768,true],"large":["https:\/\/wonderfultourscartagena.com\/wp-content\/uploads\/2024\/02\/pao-31-1-1024x1024.jpg",1024,1024,true],"1536x1536":["https:\/\/wonderfultourscartagena.com\/wp-content\/uploads\/2024\/02\/pao-31-1.jpg",1080,1080,false],"2048x2048":["https:\/\/wonderfultourscartagena.com\/wp-content\/uploads\/2024\/02\/pao-31-1.jpg",1080,1080,false],"trp-custom-language-flag":["https:\/\/wonderfultourscartagena.com\/wp-content\/uploads\/2024\/02\/pao-31-1.jpg",12,12,false],"woocommerce_archive_thumbnail":["https:\/\/wonderfultourscartagena.com\/wp-content\/uploads\/2024\/02\/pao-31-1-300x300.jpg",300,300,true],"mailpoet_newsletter_max":["https:\/\/wonderfultourscartagena.com\/wp-content\/uploads\/2024\/02\/pao-31-1.jpg",1080,1080,false],"woocommerce_thumbnail":["https:\/\/wonderfultourscartagena.com\/wp-content\/uploads\/2024\/02\/pao-31-1-300x300.jpg",300,300,true],"woocommerce_single":["https:\/\/wonderfultourscartagena.com\/wp-content\/uploads\/2024\/02\/pao-31-1-600x600.jpg",600,600,true],"woocommerce_gallery_thumbnail":["https:\/\/wonderfultourscartagena.com\/wp-content\/uploads\/2024\/02\/pao-31-1-100x100.jpg",100,100,true]},"uagb_author_info":{"display_name":"gladyswork1994","author_link":"https:\/\/wonderfultourscartagena.com\/en\/author\/"},"uagb_comment_info":0,"uagb_excerpt":"Pao Pao Beach Club es un beach club ADULTS ONLY, donde sus visitantes tendr\u00e1n la oportunidad de disfrutar un concepto diferente. El club ofrece un paisaje ex\u00f3tico decorado con el volar de m\u00e1s de 100 fragatas que adornan el entorno las 24 horas del dia, acompa\u00f1ado de la excelente musica de los Djs residentes que&hellip;","_links":{"self":[{"href":"https:\/\/wonderfultourscartagena.com\/en\/wp-json\/wp\/v2\/product\/2508","targetHints":{"allow":["GET"]}}],"collection":[{"href":"https:\/\/wonderfultourscartagena.com\/en\/wp-json\/wp\/v2\/product"}],"about":[{"href":"https:\/\/wonderfultourscartagena.com\/en\/wp-json\/wp\/v2\/types\/product"}],"replies":[{"embeddable":true,"href":"https:\/\/wonderfultourscartagena.com\/en\/wp-json\/wp\/v2\/comments?post=2508"}],"wp:featuredmedia":[{"embeddable":true,"href":"https:\/\/wonderfultourscartagena.com\/en\/wp-json\/wp\/v2\/media\/2552"}],"wp:attachment":[{"href":"https:\/\/wonderfultourscartagena.com\/en\/wp-json\/wp\/v2\/media?parent=2508"}],"wp:term":[{"taxonomy":"product_cat","embeddable":true,"href":"https:\/\/wonderfultourscartagena.com\/en\/wp-json\/wp\/v2\/product_cat?post=2508"},{"taxonomy":"product_tag","embeddable":true,"href":"https:\/\/wonderfultourscartagena.com\/en\/wp-json\/wp\/v2\/product_tag?post=2508"}],"curies":[{"name":"wp","href":"https:\/\/api.w.org\/{rel}","templated":true}]}}