{"id":2530,"date":"2024-02-11T06:34:03","date_gmt":"2024-02-11T05:34:03","guid":{"rendered":"https:\/\/wonderfultourscartagena.com\/?post_type=product&#038;p=2530"},"modified":"2026-01-27T19:28:38","modified_gmt":"2026-01-27T18:28:38","slug":"pasadia-isla-palma","status":"publish","type":"product","link":"https:\/\/wonderfultourscartagena.com\/en\/product\/pasadia-isla-palma\/","title":{"rendered":"Day Pass - Isla Palma"},"content":{"rendered":"<p><strong>\u00a0Includes:<\/strong><br \/>\n\u2022 Seguro de Viaje e identificaci\u00f3n del gu\u00eda a bordo.<br \/>\n\u2022 *Recogida en el hotel y traslado al Muelle de la Bodeguita (Se recoge en las zonas: Bocagrande, Laguito, Castillo grande y Marbella).<br \/>\n\u2022 Snack de frutas por la ma\u00f1ana antes del embarque.<br \/>\n\u2022 Embarque en el bote para comenzar el recorrido por las Islas del Rosario y el Archipi\u00e9lago de San Bernardo.<br \/>\n\u2022 Coctel de bienvenida con licor en el hotel.<br \/>\n\u2022 Almuerzo Gourmet: Opci\u00f3n de una prote\u00edna (carne, pollo o pescado), acompa\u00f1antes, barra de ensaladas, jugo y postre t\u00edpico. Hora: 12:30<br \/>\n\u2022 Disfruta de la playa de arena blanca y agua turquesa, ideal para practicar snorkel debido a sus impresionantes paisajes submarinos. Te recomendamos traer tu propio kit de snorkel.<\/p>\n<p><i class=\"fa-light fa-ban\" aria-hidden=\"true\"><\/i><strong>\u00a0No Incluye:<\/strong><br \/>\n\u2022 Impuesto de embarque<br \/>\n\u2022 Otras bebidas y comidas no especificadas<br \/>\n\u2022 Snorkel, buceo o visita el Bioparque (Recorrido de 45 min)<br \/>\n\u2022 Wifi<\/p>\n<p class=\"translation-block\"><strong>PARA TENER EN CUENTA:<br>\r\n<\/strong>\u2022&nbsp;En caso de no estar hospedado en los sectores donde pasan a buscar, el punto de encuentro es en el muelle de La Bodeguita, puerta 2, a las 5:45a.m.<br>\r\n\u2022 Precio para ni\u00f1os es diferente (4 hasta 9 a\u00f1os) por favor entra en contacto con nosotros para gestionar la reserva si viajas con ni\u00f1os<br>\r\n\u2022 Debes estar a tiempo esperando por el conductor en el momento de la recogida, si no se encuentra en el horario asignado se tomara como NO show y perder\u00e1 su reserva.<br>\r\n\u2022 Recomendaci\u00f3n traer ropa c\u00f3moda, protector solar, toalla y kit de snorkel<br>\r\n\u2022 Ni\u00f1os de hasta 2 a\u00f1os de edad solo pagan el impuesto de embarque<br>\r\n\u2022 Dependiendo de las condiciones del mar, por razones de seguridad el capit\u00e1n puede decidir volver antes de lo previsto<br>\r\n\u2022 Ten en cuenta que el itinerario y horarios son aproximados y pueden ser modificados sin previo aviso para adaptarse a la marea y las condiciones clim\u00e1ticas.<br>\r\n\u2022 Esta actividad est\u00e1 sujeta a condiciones clim\u00e1ticas y\/o mandatos de las autoridades mar\u00edtimas del momento.<br>\r\n\u2022 Las cancelaciones del servicio deber\u00e1n ser solicitadas con 72 horas o m\u00e1s de anticipaci\u00f3n al d\u00eda del viaje, recuperando el 100% de devoluci\u00f3n. (fuera de ese rango de tiempo no aplican devoluciones).<br>\r\n\u2022 Esta prohibido el ingreso de alimentos , bebidas y equipos de sonido, que afecten la tranquilidad de la operaci\u00f3n.<br>\r\n\u2022 Nos reservamos el derecho de admisi\u00f3n a personas que atenten contra el normal desarrollo\/operaci\u00f3n y seguridad del viaje.<\/p>","protected":false},"excerpt":{"rendered":"<p>Enjoy a pleasant day at the Hotel Isla Palma with your companions. You'll have plenty of space to explore and take photos while admiring nature. This plan is perfect for when you want to disconnect from your daily routine and work and connect with the serene and peaceful surroundings of this place. For this day trip<strong>, <\/strong>tendr\u00e1s un recorrido en lancha de ida y regreso.\u00a0Una vez en el hotel,\u00a0ser\u00e1s recibido con un c\u00f3ctel de bienvenida y podr\u00e1s hacer uso de las instalaciones sociales(hamacas, sillas, camas libanesas, sillas asoleadoras y columpio en playa activa); posteriormente, tendr\u00e1s una actividad de playa dirigida y luego, un delicioso almuerzo t\u00edpico.<\/p>\n<p><strong>Schedule:<\/strong><br \/>\n\u2022 Hotel pickups starting at 5:30 a.m.<br \/>\n\u2022 Return from Isla Palma 2:30 pm \u2013 3:00 pm (depending on weather conditions) to return to Cartagena at 5:00 pm arriving at the Bodeguita pier, ending the service.<\/p>","protected":false},"featured_media":2553,"comment_status":"open","ping_status":"closed","template":"","meta":{"_uag_custom_page_level_css":"","_joinchat":[]},"product_cat":[97],"product_tag":[77,82],"class_list":{"0":"post-2530","1":"product","2":"type-product","3":"status-publish","4":"has-post-thumbnail","6":"product_cat-clubs-de-playa","7":"product_tag-islas-del-rosario","8":"product_tag-pasadia-isla-palma","10":"first","11":"instock","12":"shipping-taxable","13":"purchasable","14":"product-type-simple"},"jetpack_sharing_enabled":true,"uagb_featured_image_src":{"full":["https:\/\/wonderfultourscartagena.com\/wp-content\/uploads\/2024\/02\/247647920_412580593554914_9012619112625893852_n-1.jpg",1080,1080,false],"thumbnail":["https:\/\/wonderfultourscartagena.com\/wp-content\/uploads\/2024\/02\/247647920_412580593554914_9012619112625893852_n-1-150x150.jpg",150,150,true],"medium":["https:\/\/wonderfultourscartagena.com\/wp-content\/uploads\/2024\/02\/247647920_412580593554914_9012619112625893852_n-1-300x300.jpg",300,300,true],"medium_large":["https:\/\/wonderfultourscartagena.com\/wp-content\/uploads\/2024\/02\/247647920_412580593554914_9012619112625893852_n-1-768x768.jpg",768,768,true],"large":["https:\/\/wonderfultourscartagena.com\/wp-content\/uploads\/2024\/02\/247647920_412580593554914_9012619112625893852_n-1-1024x1024.jpg",1024,1024,true],"1536x1536":["https:\/\/wonderfultourscartagena.com\/wp-content\/uploads\/2024\/02\/247647920_412580593554914_9012619112625893852_n-1.jpg",1080,1080,false],"2048x2048":["https:\/\/wonderfultourscartagena.com\/wp-content\/uploads\/2024\/02\/247647920_412580593554914_9012619112625893852_n-1.jpg",1080,1080,false],"trp-custom-language-flag":["https:\/\/wonderfultourscartagena.com\/wp-content\/uploads\/2024\/02\/247647920_412580593554914_9012619112625893852_n-1.jpg",12,12,false],"woocommerce_archive_thumbnail":["https:\/\/wonderfultourscartagena.com\/wp-content\/uploads\/2024\/02\/247647920_412580593554914_9012619112625893852_n-1-300x300.jpg",300,300,true],"mailpoet_newsletter_max":["https:\/\/wonderfultourscartagena.com\/wp-content\/uploads\/2024\/02\/247647920_412580593554914_9012619112625893852_n-1.jpg",1080,1080,false],"woocommerce_thumbnail":["https:\/\/wonderfultourscartagena.com\/wp-content\/uploads\/2024\/02\/247647920_412580593554914_9012619112625893852_n-1-300x300.jpg",300,300,true],"woocommerce_single":["https:\/\/wonderfultourscartagena.com\/wp-content\/uploads\/2024\/02\/247647920_412580593554914_9012619112625893852_n-1-600x600.jpg",600,600,true],"woocommerce_gallery_thumbnail":["https:\/\/wonderfultourscartagena.com\/wp-content\/uploads\/2024\/02\/247647920_412580593554914_9012619112625893852_n-1-100x100.jpg",100,100,true]},"uagb_author_info":{"display_name":"gladyswork1994","author_link":"https:\/\/wonderfultourscartagena.com\/en\/author\/"},"uagb_comment_info":0,"uagb_excerpt":"Ten un agradable pasad\u00eda en el Hotel Isla Palma con tus acompa\u00f1antes. Tendr\u00e1s mucho espacio para recorrer y tomarte fotos\u00a0mientras admiras la naturaleza. Este plan es perfecto para cuando quieras desconectarte de la rutina cotidiana, del trabajo y conectarte con el entorno sereno y pac\u00edfico de este lugar. Para este pasad\u00eda, tendr\u00e1s un recorrido en&hellip;","_links":{"self":[{"href":"https:\/\/wonderfultourscartagena.com\/en\/wp-json\/wp\/v2\/product\/2530","targetHints":{"allow":["GET"]}}],"collection":[{"href":"https:\/\/wonderfultourscartagena.com\/en\/wp-json\/wp\/v2\/product"}],"about":[{"href":"https:\/\/wonderfultourscartagena.com\/en\/wp-json\/wp\/v2\/types\/product"}],"replies":[{"embeddable":true,"href":"https:\/\/wonderfultourscartagena.com\/en\/wp-json\/wp\/v2\/comments?post=2530"}],"wp:featuredmedia":[{"embeddable":true,"href":"https:\/\/wonderfultourscartagena.com\/en\/wp-json\/wp\/v2\/media\/2553"}],"wp:attachment":[{"href":"https:\/\/wonderfultourscartagena.com\/en\/wp-json\/wp\/v2\/media?parent=2530"}],"wp:term":[{"taxonomy":"product_cat","embeddable":true,"href":"https:\/\/wonderfultourscartagena.com\/en\/wp-json\/wp\/v2\/product_cat?post=2530"},{"taxonomy":"product_tag","embeddable":true,"href":"https:\/\/wonderfultourscartagena.com\/en\/wp-json\/wp\/v2\/product_tag?post=2530"}],"curies":[{"name":"wp","href":"https:\/\/api.w.org\/{rel}","templated":true}]}}