{"id":2566,"date":"2024-02-12T06:00:24","date_gmt":"2024-02-12T05:00:24","guid":{"rendered":"https:\/\/wonderfultourscartagena.com\/?post_type=product&#038;p=2566"},"modified":"2026-03-25T04:15:52","modified_gmt":"2026-03-25T03:15:52","slug":"pasadia-top-3-islas-del-rosario","status":"publish","type":"product","link":"https:\/\/wonderfultourscartagena.com\/en\/product\/pasadia-top-3-islas-del-rosario\/","title":{"rendered":"Day Pass - Top 3 islands of the Rosario"},"content":{"rendered":"<p><strong>Includes:<\/strong><br \/>\n\u2022 Transporte en lancha r\u00e1pida<br \/>\n\u2022 Gu\u00eda billig\u00fce<br \/>\n\u2022 Tour panor\u00e1mico por las islas del Rosario<br \/>\n\u2022 1 C\u00f3ctel de bienvenida en cada Isla<br \/>\n\u2022 Hidrataci\u00f3n en la lancha (Agua, Gasesosa)<br \/>\n\u2022 3 Opciones de almuerzo + bebida (Islabela)<br \/>\n\u2022 Espacio exclusivo para el tour en cada isla<\/p>\n<p><strong>\u00a0No Incluye:<\/strong><br \/>\n\u2022 Impuesto de embarque + seguro\u00a0 (34.500 por persona)<br \/>\n\u2022 Traslados hasta el punto de encuentro<br \/>\n\u2022 Toallas<br \/>\n\u2022 Servicios o consumos adicionales<br \/>\n\u2022 Espacios preferenciales<br \/>\n\u2022 Acceso Area VIP de Bora Bora<\/p>\n<p><strong>Para tener en cuenta:<\/strong><br \/>\n\u2022 Solo para mayores de 18 a\u00f1os<br \/>\n\u2022 No ofrece transporte al oceanario<br \/>\n\u2022 Dependiendo de las condiciones del mar, por razones de seguridad el capit\u00e1n puede decidir volver antes de lo previsto<br \/>\n\u2022 En caso de no presentarse en el muelle antes de la hora maxima estipulada para tomar el pasadia (8:20am) perdera el pago realizado por concepto de no show<\/p>\n<p><strong>Nota:<\/strong> El pasad\u00eda para ni\u00f1os entre 4 a 7 a\u00f1os es de $280.000.<\/p>","protected":false},"excerpt":{"rendered":"<p>Top 3 Islands is an exclusive tour for 28 people that offers a daily tour of the Rosario Islands and a guided visit to Pao Pao. Islabela and Bora Bora Beach Club offer a unique experience, with a planned itinerary that allows for an hour and forty-five minutes at each beach spot.<\/p>\n<p><strong>Schedule:<\/strong><br \/>\n\u2022 Monday to Sunday<br \/>\n\u2022 La Bodeguita Pier at 8 am (on time) Gate #3<br \/>\n\u2022 Sailing time is 8:45am<br \/>\n\u2022 Approximate arrival time at La Bodeguita pier: 4:30 p.m.<\/p>","protected":false},"featured_media":2567,"comment_status":"open","ping_status":"closed","template":"","meta":{"_uag_custom_page_level_css":"","_joinchat":[]},"product_cat":[97],"product_tag":[],"class_list":{"0":"post-2566","1":"product","2":"type-product","3":"status-publish","4":"has-post-thumbnail","6":"product_cat-clubs-de-playa","8":"first","9":"instock","10":"shipping-taxable","11":"purchasable","12":"product-type-simple"},"jetpack_sharing_enabled":true,"uagb_featured_image_src":{"full":["https:\/\/wonderfultourscartagena.com\/wp-content\/uploads\/2024\/02\/2-1.jpg",1080,1080,false],"thumbnail":["https:\/\/wonderfultourscartagena.com\/wp-content\/uploads\/2024\/02\/2-1-150x150.jpg",150,150,true],"medium":["https:\/\/wonderfultourscartagena.com\/wp-content\/uploads\/2024\/02\/2-1-300x300.jpg",300,300,true],"medium_large":["https:\/\/wonderfultourscartagena.com\/wp-content\/uploads\/2024\/02\/2-1-768x768.jpg",768,768,true],"large":["https:\/\/wonderfultourscartagena.com\/wp-content\/uploads\/2024\/02\/2-1-1024x1024.jpg",1024,1024,true],"1536x1536":["https:\/\/wonderfultourscartagena.com\/wp-content\/uploads\/2024\/02\/2-1.jpg",1080,1080,false],"2048x2048":["https:\/\/wonderfultourscartagena.com\/wp-content\/uploads\/2024\/02\/2-1.jpg",1080,1080,false],"trp-custom-language-flag":["https:\/\/wonderfultourscartagena.com\/wp-content\/uploads\/2024\/02\/2-1.jpg",12,12,false],"woocommerce_archive_thumbnail":["https:\/\/wonderfultourscartagena.com\/wp-content\/uploads\/2024\/02\/2-1-300x300.jpg",300,300,true],"mailpoet_newsletter_max":["https:\/\/wonderfultourscartagena.com\/wp-content\/uploads\/2024\/02\/2-1.jpg",1080,1080,false],"woocommerce_thumbnail":["https:\/\/wonderfultourscartagena.com\/wp-content\/uploads\/2024\/02\/2-1-300x300.jpg",300,300,true],"woocommerce_single":["https:\/\/wonderfultourscartagena.com\/wp-content\/uploads\/2024\/02\/2-1-600x600.jpg",600,600,true],"woocommerce_gallery_thumbnail":["https:\/\/wonderfultourscartagena.com\/wp-content\/uploads\/2024\/02\/2-1-100x100.jpg",100,100,true]},"uagb_author_info":{"display_name":"gladyswork1994","author_link":"https:\/\/wonderfultourscartagena.com\/en\/author\/"},"uagb_comment_info":0,"uagb_excerpt":"Top 3 islas es un tour exclusivo para 28 personas que ofrece cada d\u00eda un recorrido por las islas del rosario y una visita guiada a Pao pao. Islabela y Bora Bora Beach Club, cada isla ofrece una experiencia \u00fanica, con un itinerario planificado que permite disfrutar de una hora y cuarenta y cinco minutos&hellip;","_links":{"self":[{"href":"https:\/\/wonderfultourscartagena.com\/en\/wp-json\/wp\/v2\/product\/2566","targetHints":{"allow":["GET"]}}],"collection":[{"href":"https:\/\/wonderfultourscartagena.com\/en\/wp-json\/wp\/v2\/product"}],"about":[{"href":"https:\/\/wonderfultourscartagena.com\/en\/wp-json\/wp\/v2\/types\/product"}],"replies":[{"embeddable":true,"href":"https:\/\/wonderfultourscartagena.com\/en\/wp-json\/wp\/v2\/comments?post=2566"}],"wp:featuredmedia":[{"embeddable":true,"href":"https:\/\/wonderfultourscartagena.com\/en\/wp-json\/wp\/v2\/media\/2567"}],"wp:attachment":[{"href":"https:\/\/wonderfultourscartagena.com\/en\/wp-json\/wp\/v2\/media?parent=2566"}],"wp:term":[{"taxonomy":"product_cat","embeddable":true,"href":"https:\/\/wonderfultourscartagena.com\/en\/wp-json\/wp\/v2\/product_cat?post=2566"},{"taxonomy":"product_tag","embeddable":true,"href":"https:\/\/wonderfultourscartagena.com\/en\/wp-json\/wp\/v2\/product_tag?post=2566"}],"curies":[{"name":"wp","href":"https:\/\/api.w.org\/{rel}","templated":true}]}}