{"id":2628,"date":"2024-02-14T21:11:27","date_gmt":"2024-02-14T20:11:27","guid":{"rendered":"https:\/\/wonderfultourscartagena.com\/?post_type=product&#038;p=2628"},"modified":"2024-10-03T02:08:25","modified_gmt":"2024-10-03T00:08:25","slug":"paquete-de-cumpleanos-island","status":"publish","type":"product","link":"https:\/\/wonderfultourscartagena.com\/en\/product\/paquete-de-cumpleanos-island\/","title":{"rendered":"Birthday Package (Ocean)"},"content":{"rendered":"<p><strong>Recommended package for 8 people.<\/strong><\/p>\n<p><strong>Includes:<\/strong><br \/>\n\u2022 Boat decoration (no balloons)<br \/>\n\u2022 Personalized medium cake.<br \/>\n\u2022 Birthday Souvenirs: Happy Birthday headband, personalized caps, surprise details according to the celebration.<br \/>\nCatering and drinks on board:<br \/>\n2 Mediterranean cheese boards, snacks, fruit salad, 4 packs of national beers x 6 units, 2 bottles of imported wine, 2 packs of water bottles x 24 units.<\/p>\n<p><strong>Information:<\/strong> Our onboard event packages do not include boat rental; this is an additional service and must be booked after selecting your boat, yacht, or catamaran.<\/p>\n<p><strong>Important information:<\/strong><br \/>\nWe offer the option to customize all of our packages, however, it's important to note that adding additional features beyond the base plan specifications may increase the cost of the package.<\/p>\n<p>If you'd like to upgrade to a private boat rental included in your package, you have the option to choose between a yacht or a catamaran. However, it's important to note that the price will vary depending on your choice.<\/p>\n<p>&nbsp;<\/p>\n<p>&nbsp;<\/p>","protected":false},"excerpt":{"rendered":"<p>\u00a1Make your birthday an epic experience with our Ocean package! Join us for an exciting celebration sailing through the spectacular islands of Cartagena on a luxurious private speedboat. Get ready for a party on the high seas filled with fun, laughter, and unforgettable moments.<\/p>\n<p>Book now and let the ocean be the perfect setting for your celebration!<\/p>","protected":false},"featured_media":2682,"comment_status":"open","ping_status":"closed","template":"","meta":{"_uag_custom_page_level_css":"","_joinchat":[]},"product_cat":[67],"product_tag":[],"class_list":{"0":"post-2628","1":"product","2":"type-product","3":"status-publish","4":"has-post-thumbnail","6":"product_cat-eventos","8":"first","9":"instock","10":"shipping-taxable","11":"product-type-simple"},"jetpack_sharing_enabled":true,"uagb_featured_image_src":{"full":["https:\/\/wonderfultourscartagena.com\/wp-content\/uploads\/2024\/02\/403124945_6902461269837715_6853017404001867661_n-1.jpg",1080,1330,false],"thumbnail":["https:\/\/wonderfultourscartagena.com\/wp-content\/uploads\/2024\/02\/403124945_6902461269837715_6853017404001867661_n-1-150x150.jpg",150,150,true],"medium":["https:\/\/wonderfultourscartagena.com\/wp-content\/uploads\/2024\/02\/403124945_6902461269837715_6853017404001867661_n-1-244x300.jpg",244,300,true],"medium_large":["https:\/\/wonderfultourscartagena.com\/wp-content\/uploads\/2024\/02\/403124945_6902461269837715_6853017404001867661_n-1-768x946.jpg",768,946,true],"large":["https:\/\/wonderfultourscartagena.com\/wp-content\/uploads\/2024\/02\/403124945_6902461269837715_6853017404001867661_n-1-832x1024.jpg",832,1024,true],"1536x1536":["https:\/\/wonderfultourscartagena.com\/wp-content\/uploads\/2024\/02\/403124945_6902461269837715_6853017404001867661_n-1.jpg",1080,1330,false],"2048x2048":["https:\/\/wonderfultourscartagena.com\/wp-content\/uploads\/2024\/02\/403124945_6902461269837715_6853017404001867661_n-1.jpg",1080,1330,false],"trp-custom-language-flag":["https:\/\/wonderfultourscartagena.com\/wp-content\/uploads\/2024\/02\/403124945_6902461269837715_6853017404001867661_n-1.jpg",10,12,false],"woocommerce_archive_thumbnail":["https:\/\/wonderfultourscartagena.com\/wp-content\/uploads\/2024\/02\/403124945_6902461269837715_6853017404001867661_n-1-300x369.jpg",300,369,true],"mailpoet_newsletter_max":["https:\/\/wonderfultourscartagena.com\/wp-content\/uploads\/2024\/02\/403124945_6902461269837715_6853017404001867661_n-1.jpg",1080,1330,false],"woocommerce_thumbnail":["https:\/\/wonderfultourscartagena.com\/wp-content\/uploads\/2024\/02\/403124945_6902461269837715_6853017404001867661_n-1-300x369.jpg",300,369,true],"woocommerce_single":["https:\/\/wonderfultourscartagena.com\/wp-content\/uploads\/2024\/02\/403124945_6902461269837715_6853017404001867661_n-1-600x739.jpg",600,739,true],"woocommerce_gallery_thumbnail":["https:\/\/wonderfultourscartagena.com\/wp-content\/uploads\/2024\/02\/403124945_6902461269837715_6853017404001867661_n-1-100x100.jpg",100,100,true]},"uagb_author_info":{"display_name":"gladyswork1994","author_link":"https:\/\/wonderfultourscartagena.com\/en\/author\/"},"uagb_comment_info":0,"uagb_excerpt":"\u00a1Haz de tu cumplea\u00f1os una experiencia \u00e9pica con nuestro paquete Ocean! \u00danete a nosotros en una emocionante celebraci\u00f3n navegando por las espectaculares islas de Cartagena en una lujosa lancha privada. Prep\u00e1rate para una fiesta en alta mar llena de diversi\u00f3n, risas y momentos inolvidables. \u00a1Reserva ahora y deja que el oc\u00e9ano sea el escenario perfecto&hellip;","_links":{"self":[{"href":"https:\/\/wonderfultourscartagena.com\/en\/wp-json\/wp\/v2\/product\/2628","targetHints":{"allow":["GET"]}}],"collection":[{"href":"https:\/\/wonderfultourscartagena.com\/en\/wp-json\/wp\/v2\/product"}],"about":[{"href":"https:\/\/wonderfultourscartagena.com\/en\/wp-json\/wp\/v2\/types\/product"}],"replies":[{"embeddable":true,"href":"https:\/\/wonderfultourscartagena.com\/en\/wp-json\/wp\/v2\/comments?post=2628"}],"wp:featuredmedia":[{"embeddable":true,"href":"https:\/\/wonderfultourscartagena.com\/en\/wp-json\/wp\/v2\/media\/2682"}],"wp:attachment":[{"href":"https:\/\/wonderfultourscartagena.com\/en\/wp-json\/wp\/v2\/media?parent=2628"}],"wp:term":[{"taxonomy":"product_cat","embeddable":true,"href":"https:\/\/wonderfultourscartagena.com\/en\/wp-json\/wp\/v2\/product_cat?post=2628"},{"taxonomy":"product_tag","embeddable":true,"href":"https:\/\/wonderfultourscartagena.com\/en\/wp-json\/wp\/v2\/product_tag?post=2628"}],"curies":[{"name":"wp","href":"https:\/\/api.w.org\/{rel}","templated":true}]}}