{"id":2690,"date":"2024-02-18T09:10:45","date_gmt":"2024-02-18T08:10:45","guid":{"rendered":"https:\/\/wonderfultourscartagena.com\/?post_type=product&#038;p=2690"},"modified":"2024-08-10T07:42:56","modified_gmt":"2024-08-10T05:42:56","slug":"paquete-de-cumpleanos-island-2","status":"publish","type":"product","link":"https:\/\/wonderfultourscartagena.com\/en\/product\/paquete-de-cumpleanos-island-2\/","title":{"rendered":"Birthday Package (Island)"},"content":{"rendered":"<p><strong>Recommended package for 6 people.<\/strong><\/p>\n<p><strong>Includes:<\/strong><br \/>\n\u2022 Round-trip speedboat transportation.<br \/>\n\u2022 Event coordination at an exclusive beach club on the islands.<br \/>\n\u2022 Beach Club Selection (you can choose from 6 available options)<br \/>\n\u2022 Birthday-themed decoration.<br \/>\n\u2022 Personalized medium cake.<br \/>\n\u2022 Birthday souvenirs: Happy Birthday headbands, personalized caps, surprise details.<br \/>\n\u2022 Catering and drinks: Welcome cocktail, snacks, \u00e0 la carte lunch, 2 bottles of imported wine.<br \/>\n\u2022 Water sports (Snorkeling &amp; kayaking) This option will depend on the beach club you choose for your celebration.<\/p>\n<p><strong>Important information:<\/strong><br \/>\nWe offer the option to customize all of our packages, however, it's important to note that adding additional features beyond the base plan specifications may increase the cost of the package.<\/p>\n<p>The speedboat transportation included in our island bachelorette party package is shared. If you prefer an exclusive sea experience to your venue, you can charter a private boat for an additional fee.<\/p>\n<p>&nbsp;<\/p>","protected":false},"excerpt":{"rendered":"<p>Celebrate your birthday in a unique way with our Island Birthday package! Immerse yourself in the natural beauty of Cartagena's islands while celebrating at a beach club selected by you. With stunning views and tropical breezes, this will be a birthday you'll never forget.<\/p>","protected":false},"featured_media":2685,"comment_status":"open","ping_status":"closed","template":"","meta":{"_uag_custom_page_level_css":"","_joinchat":[]},"product_cat":[67],"product_tag":[],"class_list":{"0":"post-2690","1":"product","2":"type-product","3":"status-publish","4":"has-post-thumbnail","6":"product_cat-eventos","8":"first","9":"instock","10":"shipping-taxable","11":"product-type-simple"},"jetpack_sharing_enabled":true,"uagb_featured_image_src":{"full":["https:\/\/wonderfultourscartagena.com\/wp-content\/uploads\/2024\/02\/312715040_143079571519224_8308226902260767172_n.jpg",1080,1350,false],"thumbnail":["https:\/\/wonderfultourscartagena.com\/wp-content\/uploads\/2024\/02\/312715040_143079571519224_8308226902260767172_n-150x150.jpg",150,150,true],"medium":["https:\/\/wonderfultourscartagena.com\/wp-content\/uploads\/2024\/02\/312715040_143079571519224_8308226902260767172_n-240x300.jpg",240,300,true],"medium_large":["https:\/\/wonderfultourscartagena.com\/wp-content\/uploads\/2024\/02\/312715040_143079571519224_8308226902260767172_n-768x960.jpg",768,960,true],"large":["https:\/\/wonderfultourscartagena.com\/wp-content\/uploads\/2024\/02\/312715040_143079571519224_8308226902260767172_n-819x1024.jpg",819,1024,true],"1536x1536":["https:\/\/wonderfultourscartagena.com\/wp-content\/uploads\/2024\/02\/312715040_143079571519224_8308226902260767172_n.jpg",1080,1350,false],"2048x2048":["https:\/\/wonderfultourscartagena.com\/wp-content\/uploads\/2024\/02\/312715040_143079571519224_8308226902260767172_n.jpg",1080,1350,false],"trp-custom-language-flag":["https:\/\/wonderfultourscartagena.com\/wp-content\/uploads\/2024\/02\/312715040_143079571519224_8308226902260767172_n.jpg",10,12,false],"woocommerce_archive_thumbnail":["https:\/\/wonderfultourscartagena.com\/wp-content\/uploads\/2024\/02\/312715040_143079571519224_8308226902260767172_n-300x375.jpg",300,375,true],"mailpoet_newsletter_max":["https:\/\/wonderfultourscartagena.com\/wp-content\/uploads\/2024\/02\/312715040_143079571519224_8308226902260767172_n.jpg",1080,1350,false],"woocommerce_thumbnail":["https:\/\/wonderfultourscartagena.com\/wp-content\/uploads\/2024\/02\/312715040_143079571519224_8308226902260767172_n-300x375.jpg",300,375,true],"woocommerce_single":["https:\/\/wonderfultourscartagena.com\/wp-content\/uploads\/2024\/02\/312715040_143079571519224_8308226902260767172_n-600x750.jpg",600,750,true],"woocommerce_gallery_thumbnail":["https:\/\/wonderfultourscartagena.com\/wp-content\/uploads\/2024\/02\/312715040_143079571519224_8308226902260767172_n-100x100.jpg",100,100,true]},"uagb_author_info":{"display_name":"gladyswork1994","author_link":"https:\/\/wonderfultourscartagena.com\/en\/author\/"},"uagb_comment_info":0,"uagb_excerpt":"\u00a1Celebra tu cumplea\u00f1os de una manera \u00fanica con nuestro paquete Island Birthday! Sum\u00e9rgete en la belleza natural de las islas de Cartagena mientras celebras en un club de playa seleccionado por ti. Con vistas impresionantes y brisas tropicales, este ser\u00e1 un cumplea\u00f1os que nunca olvidar\u00e1s.","_links":{"self":[{"href":"https:\/\/wonderfultourscartagena.com\/en\/wp-json\/wp\/v2\/product\/2690","targetHints":{"allow":["GET"]}}],"collection":[{"href":"https:\/\/wonderfultourscartagena.com\/en\/wp-json\/wp\/v2\/product"}],"about":[{"href":"https:\/\/wonderfultourscartagena.com\/en\/wp-json\/wp\/v2\/types\/product"}],"replies":[{"embeddable":true,"href":"https:\/\/wonderfultourscartagena.com\/en\/wp-json\/wp\/v2\/comments?post=2690"}],"wp:featuredmedia":[{"embeddable":true,"href":"https:\/\/wonderfultourscartagena.com\/en\/wp-json\/wp\/v2\/media\/2685"}],"wp:attachment":[{"href":"https:\/\/wonderfultourscartagena.com\/en\/wp-json\/wp\/v2\/media?parent=2690"}],"wp:term":[{"taxonomy":"product_cat","embeddable":true,"href":"https:\/\/wonderfultourscartagena.com\/en\/wp-json\/wp\/v2\/product_cat?post=2690"},{"taxonomy":"product_tag","embeddable":true,"href":"https:\/\/wonderfultourscartagena.com\/en\/wp-json\/wp\/v2\/product_tag?post=2690"}],"curies":[{"name":"wp","href":"https:\/\/api.w.org\/{rel}","templated":true}]}}