{"id":2700,"date":"2024-02-18T20:07:25","date_gmt":"2024-02-18T19:07:25","guid":{"rendered":"https:\/\/wonderfultourscartagena.com\/?post_type=product&#038;p=2700"},"modified":"2024-10-03T02:00:58","modified_gmt":"2024-10-03T00:00:58","slug":"paquete-velada-romantica-eterno-romance","status":"publish","type":"product","link":"https:\/\/wonderfultourscartagena.com\/en\/product\/paquete-velada-romantica-eterno-romance\/","title":{"rendered":"Romantic Evening Package (Eternal Romance)"},"content":{"rendered":"<p><strong>\u00a0 Includes:<\/strong><\/p>\n<p>\u2022Decoration of the boat according to the theme of the event (no balloons)<br \/>\n\u2022 Live music (saxophonist)<br \/>\n\u2022 Romantic dinner on board (starter, main course and dessert)<br \/>\n\u2022 Bouquet of red roses<br \/>\n\u2022 Mediterranean cheese board<br \/>\n\u2022 1 bottle of imported wine<br \/>\n\u2022 Surprise detail by Wonderful Tours Cartagena.<\/p>\n<p>Our onboard event packages do not include boat rental; this is an additional service and must be booked after selecting your boat, yacht, or catamaran.<\/p>\n<p><strong>\u00a0 \u00a0 <\/strong><\/p>\n<p>&nbsp;<\/p>\n<p>&nbsp;<\/p>","protected":false},"excerpt":{"rendered":"<p>Embark on a unique journey of love with our \u201cEternal Romance\u201d romantic evening package. Enjoy an unparalleled experience with your partner amidst the serenity and beauty of Cartagena Bay. Our Romantic Evening package has been carefully designed to provide you with an unforgettable evening under the Caribbean stars.<\/p>","protected":false},"featured_media":2701,"comment_status":"open","ping_status":"closed","template":"","meta":{"_uag_custom_page_level_css":"","_joinchat":[]},"product_cat":[67],"product_tag":[],"class_list":{"0":"post-2700","1":"product","2":"type-product","3":"status-publish","4":"has-post-thumbnail","6":"product_cat-eventos","8":"first","9":"instock","10":"shipping-taxable","11":"product-type-simple"},"jetpack_sharing_enabled":true,"uagb_featured_image_src":{"full":["https:\/\/wonderfultourscartagena.com\/wp-content\/uploads\/2024\/02\/eve-7.jpg",1024,1280,false],"thumbnail":["https:\/\/wonderfultourscartagena.com\/wp-content\/uploads\/2024\/02\/eve-7-150x150.jpg",150,150,true],"medium":["https:\/\/wonderfultourscartagena.com\/wp-content\/uploads\/2024\/02\/eve-7-240x300.jpg",240,300,true],"medium_large":["https:\/\/wonderfultourscartagena.com\/wp-content\/uploads\/2024\/02\/eve-7-768x960.jpg",768,960,true],"large":["https:\/\/wonderfultourscartagena.com\/wp-content\/uploads\/2024\/02\/eve-7-819x1024.jpg",819,1024,true],"1536x1536":["https:\/\/wonderfultourscartagena.com\/wp-content\/uploads\/2024\/02\/eve-7.jpg",1024,1280,false],"2048x2048":["https:\/\/wonderfultourscartagena.com\/wp-content\/uploads\/2024\/02\/eve-7.jpg",1024,1280,false],"trp-custom-language-flag":["https:\/\/wonderfultourscartagena.com\/wp-content\/uploads\/2024\/02\/eve-7.jpg",10,12,false],"woocommerce_archive_thumbnail":["https:\/\/wonderfultourscartagena.com\/wp-content\/uploads\/2024\/02\/eve-7-300x375.jpg",300,375,true],"mailpoet_newsletter_max":["https:\/\/wonderfultourscartagena.com\/wp-content\/uploads\/2024\/02\/eve-7.jpg",1024,1280,false],"woocommerce_thumbnail":["https:\/\/wonderfultourscartagena.com\/wp-content\/uploads\/2024\/02\/eve-7-300x375.jpg",300,375,true],"woocommerce_single":["https:\/\/wonderfultourscartagena.com\/wp-content\/uploads\/2024\/02\/eve-7-600x750.jpg",600,750,true],"woocommerce_gallery_thumbnail":["https:\/\/wonderfultourscartagena.com\/wp-content\/uploads\/2024\/02\/eve-7-100x100.jpg",100,100,true]},"uagb_author_info":{"display_name":"gladyswork1994","author_link":"https:\/\/wonderfultourscartagena.com\/en\/author\/"},"uagb_comment_info":0,"uagb_excerpt":"Emb\u00e1rcate en una traves\u00eda \u00fanica de amor con nuestro paquete de velada rom\u00e1ntica \"Eterno romance\" Disfruta de una experiencia inigualable con tu pareja en medio de la serenidad y la belleza de la bah\u00eda de Cartagena. Nuestro paquete de Velada Rom\u00e1ntica ha sido cuidadosamente dise\u00f1ado para brindarte una noche inolvidable bajo las estrellas del Caribe.","_links":{"self":[{"href":"https:\/\/wonderfultourscartagena.com\/en\/wp-json\/wp\/v2\/product\/2700","targetHints":{"allow":["GET"]}}],"collection":[{"href":"https:\/\/wonderfultourscartagena.com\/en\/wp-json\/wp\/v2\/product"}],"about":[{"href":"https:\/\/wonderfultourscartagena.com\/en\/wp-json\/wp\/v2\/types\/product"}],"replies":[{"embeddable":true,"href":"https:\/\/wonderfultourscartagena.com\/en\/wp-json\/wp\/v2\/comments?post=2700"}],"wp:featuredmedia":[{"embeddable":true,"href":"https:\/\/wonderfultourscartagena.com\/en\/wp-json\/wp\/v2\/media\/2701"}],"wp:attachment":[{"href":"https:\/\/wonderfultourscartagena.com\/en\/wp-json\/wp\/v2\/media?parent=2700"}],"wp:term":[{"taxonomy":"product_cat","embeddable":true,"href":"https:\/\/wonderfultourscartagena.com\/en\/wp-json\/wp\/v2\/product_cat?post=2700"},{"taxonomy":"product_tag","embeddable":true,"href":"https:\/\/wonderfultourscartagena.com\/en\/wp-json\/wp\/v2\/product_tag?post=2700"}],"curies":[{"name":"wp","href":"https:\/\/api.w.org\/{rel}","templated":true}]}}