{"id":2705,"date":"2024-02-18T20:36:45","date_gmt":"2024-02-18T19:36:45","guid":{"rendered":"https:\/\/wonderfultourscartagena.com\/?post_type=product&#038;p=2705"},"modified":"2024-08-10T07:42:08","modified_gmt":"2024-08-10T05:42:08","slug":"paquete-despedida-de-soltera-island","status":"publish","type":"product","link":"https:\/\/wonderfultourscartagena.com\/en\/product\/paquete-despedida-de-soltera-island\/","title":{"rendered":"Bachelorette Party Package  (Island)"},"content":{"rendered":"<p><strong>Recommended package for 6 people.<\/strong><\/p>\n<p><strong>Includes:<\/strong><br \/>\n\u2022 Round-trip speedboat transportation.<br \/>\n\u2022 Event coordination at an exclusive beach club on the islands.<br \/>\n\u2022 Selection of the Beach Club of your choice (you can choose from 6 available options)<br \/>\n\u2022 Bachelorette party themed decoration.<br \/>\n\u2022 Personalized medium cake.<br \/>\n\u2022 Bachelorette party kit: Bride to be sash, bridal veil, Bride tiara, photo props.<br \/>\n\u2022 Catering and drinks: Welcome cocktail, snacks, \u00e0 la carte lunch &amp; 2 bottles of imported wine.<br \/>\n\u2022 Water sports (Snorkeling &amp; kayaking) This option will depend on the beach club you choose for your celebration.<\/p>\n<p><strong>Important information:<\/strong><br \/>\nWe offer the option to customize all of our packages, however, it's important to note that adding additional features beyond the base plan specifications may increase the cost of the package.<\/p>\n<p>The speedboat transportation included in our Island bachelorette party package is shared. If you prefer an exclusive sea experience to your venue, you can contact us to charter a private boat for an additional fee or customize this experience to your needs.<\/p>","protected":false},"excerpt":{"rendered":"<p>Bachelorette Party Package in the Cartagena Islands:<br \/>\nYour last days as a single woman deserve an unforgettable send-off. Join us on the islands of Cartagena for a unique experience of sailing, fun, and romance. Experience an unforgettable bachelorette party on the paradisiacal islands of Cartagena! Our exclusive Island Package offers you the opportunity to celebrate at an exclusive beach club selected by you. Enjoy the crystal-clear waters, soft sand, and ocean breeze while you celebrate this special moment with your friends. Let us make your bachelorette party a unique and memorable day in a dreamy setting!<\/p>","protected":false},"featured_media":2710,"comment_status":"open","ping_status":"closed","template":"","meta":{"_uag_custom_page_level_css":"","_joinchat":[]},"product_cat":[67],"product_tag":[109,108,77,110],"class_list":{"0":"post-2705","1":"product","2":"type-product","3":"status-publish","4":"has-post-thumbnail","6":"product_cat-eventos","7":"product_tag-baru","8":"product_tag-despedida-de-soltera","9":"product_tag-islas-del-rosario","10":"product_tag-paquete-personalizado","12":"first","13":"instock","14":"shipping-taxable","15":"product-type-simple"},"jetpack_sharing_enabled":true,"uagb_featured_image_src":{"full":["https:\/\/wonderfultourscartagena.com\/wp-content\/uploads\/2024\/02\/366923551_18229552963234419_6911846300548879880_n2.jpg",780,699,false],"thumbnail":["https:\/\/wonderfultourscartagena.com\/wp-content\/uploads\/2024\/02\/366923551_18229552963234419_6911846300548879880_n2-150x150.jpg",150,150,true],"medium":["https:\/\/wonderfultourscartagena.com\/wp-content\/uploads\/2024\/02\/366923551_18229552963234419_6911846300548879880_n2-300x269.jpg",300,269,true],"medium_large":["https:\/\/wonderfultourscartagena.com\/wp-content\/uploads\/2024\/02\/366923551_18229552963234419_6911846300548879880_n2-768x688.jpg",768,688,true],"large":["https:\/\/wonderfultourscartagena.com\/wp-content\/uploads\/2024\/02\/366923551_18229552963234419_6911846300548879880_n2.jpg",780,699,false],"1536x1536":["https:\/\/wonderfultourscartagena.com\/wp-content\/uploads\/2024\/02\/366923551_18229552963234419_6911846300548879880_n2.jpg",780,699,false],"2048x2048":["https:\/\/wonderfultourscartagena.com\/wp-content\/uploads\/2024\/02\/366923551_18229552963234419_6911846300548879880_n2.jpg",780,699,false],"trp-custom-language-flag":["https:\/\/wonderfultourscartagena.com\/wp-content\/uploads\/2024\/02\/366923551_18229552963234419_6911846300548879880_n2.jpg",13,12,false],"woocommerce_archive_thumbnail":["https:\/\/wonderfultourscartagena.com\/wp-content\/uploads\/2024\/02\/366923551_18229552963234419_6911846300548879880_n2-300x269.jpg",300,269,true],"mailpoet_newsletter_max":["https:\/\/wonderfultourscartagena.com\/wp-content\/uploads\/2024\/02\/366923551_18229552963234419_6911846300548879880_n2.jpg",780,699,false],"woocommerce_thumbnail":["https:\/\/wonderfultourscartagena.com\/wp-content\/uploads\/2024\/02\/366923551_18229552963234419_6911846300548879880_n2-300x269.jpg",300,269,true],"woocommerce_single":["https:\/\/wonderfultourscartagena.com\/wp-content\/uploads\/2024\/02\/366923551_18229552963234419_6911846300548879880_n2-600x538.jpg",600,538,true],"woocommerce_gallery_thumbnail":["https:\/\/wonderfultourscartagena.com\/wp-content\/uploads\/2024\/02\/366923551_18229552963234419_6911846300548879880_n2-100x100.jpg",100,100,true]},"uagb_author_info":{"display_name":"gladyswork1994","author_link":"https:\/\/wonderfultourscartagena.com\/en\/author\/"},"uagb_comment_info":0,"uagb_excerpt":"Paquete de Despedida de Soltera \"Island\" en las Islas de Cartagena: Tus \u00faltimos d\u00edas de soltera merecen una despedida inolvidable. \u00danete a nosotros en las islas de Cartagena para una experiencia \u00fanica de navegaci\u00f3n, diversi\u00f3n y romance. Vive una despedida de soltera inolvidable en las paradisiacas islas de Cartagena! Nuestro exclusivo paquete Island te ofrece&hellip;","_links":{"self":[{"href":"https:\/\/wonderfultourscartagena.com\/en\/wp-json\/wp\/v2\/product\/2705","targetHints":{"allow":["GET"]}}],"collection":[{"href":"https:\/\/wonderfultourscartagena.com\/en\/wp-json\/wp\/v2\/product"}],"about":[{"href":"https:\/\/wonderfultourscartagena.com\/en\/wp-json\/wp\/v2\/types\/product"}],"replies":[{"embeddable":true,"href":"https:\/\/wonderfultourscartagena.com\/en\/wp-json\/wp\/v2\/comments?post=2705"}],"wp:featuredmedia":[{"embeddable":true,"href":"https:\/\/wonderfultourscartagena.com\/en\/wp-json\/wp\/v2\/media\/2710"}],"wp:attachment":[{"href":"https:\/\/wonderfultourscartagena.com\/en\/wp-json\/wp\/v2\/media?parent=2705"}],"wp:term":[{"taxonomy":"product_cat","embeddable":true,"href":"https:\/\/wonderfultourscartagena.com\/en\/wp-json\/wp\/v2\/product_cat?post=2705"},{"taxonomy":"product_tag","embeddable":true,"href":"https:\/\/wonderfultourscartagena.com\/en\/wp-json\/wp\/v2\/product_tag?post=2705"}],"curies":[{"name":"wp","href":"https:\/\/api.w.org\/{rel}","templated":true}]}}