{"id":3261,"date":"2024-06-05T22:43:47","date_gmt":"2024-06-05T20:43:47","guid":{"rendered":"https:\/\/wonderfultourscartagena.com\/?post_type=product&#038;p=3261"},"modified":"2025-04-15T21:55:46","modified_gmt":"2025-04-15T19:55:46","slug":"pasadia-fenix-beach","status":"publish","type":"product","link":"https:\/\/wonderfultourscartagena.com\/en\/product\/pasadia-fenix-beach\/","title":{"rendered":"Day Pass - Fenix Beach"},"content":{"rendered":"<p><strong>Includes:<\/strong><\/p>\n<p class=\"translation-block\">\u2022Transporte en lancha ida y regreso desde Cartagena (El trayecto dura 15 minutod).<br>\r\n\u2022Bebida de bienvenida<br>\r\n\u2022 Almuerzo a la carta ( 5 opciones para elegir)<br>\r\n-Pescado T\u00edpico isle\u00f1o<br>\r\n-Pollo a la plancha<br>\r\n-Sancocho de Pescado<br>\r\n-Paella de Mar<br>\r\n-Paella de la Huerta (Opci\u00f3n Vegana)<br>\r\nCon valor adicional podr\u00e1s degustar:<br>\r\n-Cazuela de Mariscos (adicional 15K)<br>\r\n-R\u00f3balo Frito (adicional 20K)<br>\r\n-Pargo Rojo (adicional 35K)<br>\r\n\u2022Bebida no alcoh\u00f3lica: Una refrescante limonada.<br>\r\n\u2022Postre arroz con leche.<br>\r\n\u2022Uso de las instalaciones: Camas de playa o esteras, toalla, acceso al bar restaurante, piscina y cancha de volley.<br>\r\n\u2022La acomodaci\u00f3n se realizar\u00e1 seg\u00fan el n\u00famero de personas de la reserva, se asignar\u00e1 un espacio adecuado a la cantidad de personas.<br>\r\n\u2022 Incluye Primera L\u00ednea de Playa.<\/p>\n<p><strong>.Valor Pasad\u00eda segunda L\u00ednea de Playa:<\/strong> $270,000 COP\u00a0 por persona.<\/p>\n<p><strong>Not included:<\/strong><br \/>\nImpuesto del muelle ( $14.000 COP por persona)<\/p>\n<p><strong>Itinerary:<\/strong><br \/>\nHoras de salida: a partir de las 09:30 AM, 10:30 AM, 11:30 AM y 1:30 PM hacia F\u00e9nix y el regreso a Cartagena es 5:30 PM y 6:30 PM.<\/p>\n<p>&nbsp;<\/p>\n<p><strong>Ni\u00f1os\u00a0<\/strong><\/p>\n<p>0 a 4 a\u00f1os: deben ir cargados en la lancha y no pagan transporte (solo consumos)<\/p>\n<p>De 5 a 9 a\u00f1os: pagan servicio de transporte $50.000 m\u00e1s consumos.<\/p>\n<p>De 10 a\u00f1os en adelante:paga pasadia full.<\/p>\n<p>El impuesto portuario se paga de acuerdo a la estatura del ni\u00f1o $14.000.<\/p>\n<p>&nbsp;<\/p>","protected":false},"excerpt":{"rendered":"<p>Fenix \u200b\u200bBeach is a beach club located in Tierra Bomba, just 15 minutes from Cartagena. You'll be greeted with a welcome cocktail on a private beach surrounded by white sand and lush seas. Enjoy local cuisine and an unforgettable sunset. You'll have the option to try water activities like kayaking and paddleboarding, playing volleyball, and getting to know Cartagena's culture with a champeta class.<\/p>","protected":false},"featured_media":3271,"comment_status":"open","ping_status":"closed","template":"","meta":{"_uag_custom_page_level_css":"","_joinchat":[]},"product_cat":[97],"product_tag":[],"class_list":{"0":"post-3261","1":"product","2":"type-product","3":"status-publish","4":"has-post-thumbnail","6":"product_cat-clubs-de-playa","8":"first","9":"instock","10":"shipping-taxable","11":"purchasable","12":"product-type-simple"},"jetpack_sharing_enabled":true,"uagb_featured_image_src":{"full":["https:\/\/wonderfultourscartagena.com\/wp-content\/uploads\/2024\/06\/file.jpg",1080,1080,false],"thumbnail":["https:\/\/wonderfultourscartagena.com\/wp-content\/uploads\/2024\/06\/file-150x150.jpg",150,150,true],"medium":["https:\/\/wonderfultourscartagena.com\/wp-content\/uploads\/2024\/06\/file-300x300.jpg",300,300,true],"medium_large":["https:\/\/wonderfultourscartagena.com\/wp-content\/uploads\/2024\/06\/file-768x768.jpg",768,768,true],"large":["https:\/\/wonderfultourscartagena.com\/wp-content\/uploads\/2024\/06\/file-1024x1024.jpg",1024,1024,true],"1536x1536":["https:\/\/wonderfultourscartagena.com\/wp-content\/uploads\/2024\/06\/file.jpg",1080,1080,false],"2048x2048":["https:\/\/wonderfultourscartagena.com\/wp-content\/uploads\/2024\/06\/file.jpg",1080,1080,false],"trp-custom-language-flag":["https:\/\/wonderfultourscartagena.com\/wp-content\/uploads\/2024\/06\/file-12x12.jpg",12,12,true],"woocommerce_archive_thumbnail":["https:\/\/wonderfultourscartagena.com\/wp-content\/uploads\/2024\/06\/file-300x300.jpg",300,300,true],"mailpoet_newsletter_max":["https:\/\/wonderfultourscartagena.com\/wp-content\/uploads\/2024\/06\/file.jpg",1080,1080,false],"woocommerce_thumbnail":["https:\/\/wonderfultourscartagena.com\/wp-content\/uploads\/2024\/06\/file-300x300.jpg",300,300,true],"woocommerce_single":["https:\/\/wonderfultourscartagena.com\/wp-content\/uploads\/2024\/06\/file-600x600.jpg",600,600,true],"woocommerce_gallery_thumbnail":["https:\/\/wonderfultourscartagena.com\/wp-content\/uploads\/2024\/06\/file-100x100.jpg",100,100,true]},"uagb_author_info":{"display_name":"gladyswork1994","author_link":"https:\/\/wonderfultourscartagena.com\/en\/author\/"},"uagb_comment_info":0,"uagb_excerpt":"Fenix beach es un club de playa, ubicado en tierra bomba y se encuentra a tan solo 15 minutos de la ciudad de Cartagena, ser\u00e1s recibido con un coctel de bienvenida en una playa privada rodeada de arena blanca y un mar exuberante, podr\u00e1s disfrutar de su gastronom\u00eda y un atardecer inolvidable. Donde tendr\u00e1s la&hellip;","_links":{"self":[{"href":"https:\/\/wonderfultourscartagena.com\/en\/wp-json\/wp\/v2\/product\/3261","targetHints":{"allow":["GET"]}}],"collection":[{"href":"https:\/\/wonderfultourscartagena.com\/en\/wp-json\/wp\/v2\/product"}],"about":[{"href":"https:\/\/wonderfultourscartagena.com\/en\/wp-json\/wp\/v2\/types\/product"}],"replies":[{"embeddable":true,"href":"https:\/\/wonderfultourscartagena.com\/en\/wp-json\/wp\/v2\/comments?post=3261"}],"wp:featuredmedia":[{"embeddable":true,"href":"https:\/\/wonderfultourscartagena.com\/en\/wp-json\/wp\/v2\/media\/3271"}],"wp:attachment":[{"href":"https:\/\/wonderfultourscartagena.com\/en\/wp-json\/wp\/v2\/media?parent=3261"}],"wp:term":[{"taxonomy":"product_cat","embeddable":true,"href":"https:\/\/wonderfultourscartagena.com\/en\/wp-json\/wp\/v2\/product_cat?post=3261"},{"taxonomy":"product_tag","embeddable":true,"href":"https:\/\/wonderfultourscartagena.com\/en\/wp-json\/wp\/v2\/product_tag?post=3261"}],"curies":[{"name":"wp","href":"https:\/\/api.w.org\/{rel}","templated":true}]}}