{"id":3396,"date":"2024-07-06T20:46:51","date_gmt":"2024-07-06T18:46:51","guid":{"rendered":"https:\/\/wonderfultourscartagena.com\/?post_type=product&#038;p=3396"},"modified":"2026-01-27T19:32:30","modified_gmt":"2026-01-27T18:32:30","slug":"pasadia-palmarito-beach","status":"publish","type":"product","link":"https:\/\/wonderfultourscartagena.com\/en\/product\/pasadia-palmarito-beach\/","title":{"rendered":"Day Pass - Palmarito Beach"},"content":{"rendered":"<p><strong>\u00a0 \u00a0 \u00a0<\/strong><\/p>\n<p><strong>\u00a0 DESCRIPTION<\/strong><\/p>\n<ul>\n<li>Transporte en lancha ida y regreso con salida desde la Playa del\u00a0<strong>Nuevo Hospital de Bocagrande.<\/strong><\/li>\n<li>Coctel de Bienvenida.<\/li>\n<li><strong>Almuerzo Tipo Buffet.<\/strong><\/li>\n<li>Uso de las instalaciones.<\/li>\n<li>Camas, sillas asoleadoras o Kioskos de Palma (Ubicaci\u00f3n es seg\u00fan disponibilidad).<\/li>\n<li>Piscina.<\/li>\n<li>Parque infantil.<\/li>\n<li>Zona de Hamacas.<\/li>\n<\/ul>\n<p><em>(El Servicio de decoraci\u00f3n en cama asoleadora tiene un Valor adicional)<\/em><\/p>\n<p><strong>HORARIO DE SALIDA<\/strong><br \/>\nDesde las 8 am hasta 12:00M<\/p>\n<p><strong>REGRESO<\/strong><br \/>\n3:00 PM<\/p>\n<p><em>Ni\u00f1os menores de 3 a\u00f1os no pagan pero deben asumir los consumos<\/em><\/p>\n<p>Valor de Pasad\u00eda ni\u00f1os 130.000 pesos p\/p\u00a0 (aplica para ni\u00f1os de 4 a 10 a\u00f1os)<\/p>","protected":false},"excerpt":{"rendered":"<p>\u00a1Enjoy an unforgettable day at Palmarito Beach, located on the beautiful island of Tierra Bomba in Cartagena de Indias! Relax on our white-sand beaches, enjoy delicious Caribbean dishes, and immerse yourself in an exclusive and vibrant atmosphere. Book with Wonderful Tours Cartagena and live a luxurious experience you'll remember forever!<\/p>","protected":false},"featured_media":3393,"comment_status":"open","ping_status":"closed","template":"","meta":{"_uag_custom_page_level_css":"","_joinchat":[]},"product_cat":[97],"product_tag":[126,125,124,127],"class_list":{"0":"post-3396","1":"product","2":"type-product","3":"status-publish","4":"has-post-thumbnail","6":"product_cat-clubs-de-playa","7":"product_tag-cartagena-de-indias","8":"product_tag-pasadias","9":"product_tag-tierra-bomba","10":"product_tag-tour-a-las-islas","12":"first","13":"instock","14":"shipping-taxable","15":"purchasable","16":"product-type-simple"},"jetpack_sharing_enabled":true,"uagb_featured_image_src":{"full":["https:\/\/wonderfultourscartagena.com\/wp-content\/uploads\/2024\/07\/file-19.jpg",1080,1080,false],"thumbnail":["https:\/\/wonderfultourscartagena.com\/wp-content\/uploads\/2024\/07\/file-19-150x150.jpg",150,150,true],"medium":["https:\/\/wonderfultourscartagena.com\/wp-content\/uploads\/2024\/07\/file-19-300x300.jpg",300,300,true],"medium_large":["https:\/\/wonderfultourscartagena.com\/wp-content\/uploads\/2024\/07\/file-19-768x768.jpg",768,768,true],"large":["https:\/\/wonderfultourscartagena.com\/wp-content\/uploads\/2024\/07\/file-19-1024x1024.jpg",1024,1024,true],"1536x1536":["https:\/\/wonderfultourscartagena.com\/wp-content\/uploads\/2024\/07\/file-19.jpg",1080,1080,false],"2048x2048":["https:\/\/wonderfultourscartagena.com\/wp-content\/uploads\/2024\/07\/file-19.jpg",1080,1080,false],"trp-custom-language-flag":["https:\/\/wonderfultourscartagena.com\/wp-content\/uploads\/2024\/07\/file-19-12x12.jpg",12,12,true],"woocommerce_archive_thumbnail":["https:\/\/wonderfultourscartagena.com\/wp-content\/uploads\/2024\/07\/file-19-300x300.jpg",300,300,true],"mailpoet_newsletter_max":["https:\/\/wonderfultourscartagena.com\/wp-content\/uploads\/2024\/07\/file-19.jpg",1080,1080,false],"woocommerce_thumbnail":["https:\/\/wonderfultourscartagena.com\/wp-content\/uploads\/2024\/07\/file-19-300x300.jpg",300,300,true],"woocommerce_single":["https:\/\/wonderfultourscartagena.com\/wp-content\/uploads\/2024\/07\/file-19-600x600.jpg",600,600,true],"woocommerce_gallery_thumbnail":["https:\/\/wonderfultourscartagena.com\/wp-content\/uploads\/2024\/07\/file-19-100x100.jpg",100,100,true]},"uagb_author_info":{"display_name":"gladyswork1994","author_link":"https:\/\/wonderfultourscartagena.com\/en\/author\/"},"uagb_comment_info":0,"uagb_excerpt":"\u00a1Disfruta de un d\u00eda inolvidable en Palmarito Beach, ubicado en la hermosa isla de Tierra Bomba en Cartagena de Indias! Rel\u00e1jate en nuestras playas de arena blanca, disfruta de deliciosos platos caribe\u00f1os, y sum\u00e9rgete en un ambiente exclusivo y vibrante. \u00a1Haz tu reserva con Wonderful Tours Cartagena y vive una experiencia de lujo que recordar\u00e1s&hellip;","_links":{"self":[{"href":"https:\/\/wonderfultourscartagena.com\/en\/wp-json\/wp\/v2\/product\/3396","targetHints":{"allow":["GET"]}}],"collection":[{"href":"https:\/\/wonderfultourscartagena.com\/en\/wp-json\/wp\/v2\/product"}],"about":[{"href":"https:\/\/wonderfultourscartagena.com\/en\/wp-json\/wp\/v2\/types\/product"}],"replies":[{"embeddable":true,"href":"https:\/\/wonderfultourscartagena.com\/en\/wp-json\/wp\/v2\/comments?post=3396"}],"wp:featuredmedia":[{"embeddable":true,"href":"https:\/\/wonderfultourscartagena.com\/en\/wp-json\/wp\/v2\/media\/3393"}],"wp:attachment":[{"href":"https:\/\/wonderfultourscartagena.com\/en\/wp-json\/wp\/v2\/media?parent=3396"}],"wp:term":[{"taxonomy":"product_cat","embeddable":true,"href":"https:\/\/wonderfultourscartagena.com\/en\/wp-json\/wp\/v2\/product_cat?post=3396"},{"taxonomy":"product_tag","embeddable":true,"href":"https:\/\/wonderfultourscartagena.com\/en\/wp-json\/wp\/v2\/product_tag?post=3396"}],"curies":[{"name":"wp","href":"https:\/\/api.w.org\/{rel}","templated":true}]}}