{"id":3412,"date":"2024-08-05T04:03:30","date_gmt":"2024-08-05T02:03:30","guid":{"rendered":"https:\/\/wonderfultourscartagena.com\/?post_type=product&#038;p=3412"},"modified":"2025-05-14T19:29:26","modified_gmt":"2025-05-14T17:29:26","slug":"bote-marianas-del-mar-33-ft","status":"publish","type":"product","link":"https:\/\/wonderfultourscartagena.com\/en\/product\/bote-marianas-del-mar-33-ft\/","title":{"rendered":"Marianas del mar boat - 33 FT"},"content":{"rendered":"<p><strong>DESCRIPTION\u00a0<\/strong><\/p>\n<p>Size: 33 foot boat<br \/>\nMaximum capacity: 17 people<br \/>\n1 bathroom in central console<br \/>\nFresh water shower<br \/>\nSun loungers on the bow<br \/>\nRoswell Marine Professional Bluetooth Sound System<br \/>\nHardtop in fiber<br \/>\n250 Hp engines.<br \/>\nCenter table<\/p>\n<p><strong>This service includes:<\/strong><br \/>\n8 Hours tour of the main islands of Rosario and Bar\u00fa (9:00 am \u2013 5:00 pm)<br \/>\nCertified Captain on board<br \/>\nCrew Assistant<br \/>\nFuel<br \/>\n12kg ice bag<br \/>\nCourtesy for reservation: bottle with water X 24 units<\/p>\n<p>&nbsp;<\/p>","protected":false},"excerpt":{"rendered":"<p>Embark on an unforgettable adventure with the 33-foot Marianas del Mar boat! Perfect for groups of up to 17 people, this spacious and elegant boat will take you to explore the crystal-clear waters of the Caribbean in style and comfort. Enjoy a day full of sun, sea and fun as you sail through the stunning landscapes of the Rosario &amp; Baru Islands. Book today and live a unique maritime experience with Wonderful Tours Cartagena. Your adventure awaits!<\/p>","protected":false},"featured_media":3413,"comment_status":"open","ping_status":"closed","template":"","meta":{"_uag_custom_page_level_css":"","_joinchat":[]},"product_cat":[94],"product_tag":[128,126,77,129],"class_list":{"0":"post-3412","1":"product","2":"type-product","3":"status-publish","4":"has-post-thumbnail","6":"product_cat-botes","7":"product_tag-alquilerdebotes","8":"product_tag-cartagena-de-indias","9":"product_tag-islas-del-rosario","10":"product_tag-tours-a-las-islas","12":"first","13":"instock","14":"shipping-taxable","15":"purchasable","16":"product-type-simple"},"jetpack_sharing_enabled":true,"uagb_featured_image_src":{"full":["https:\/\/wonderfultourscartagena.com\/wp-content\/uploads\/2024\/08\/file-23.jpg",1080,1080,false],"thumbnail":["https:\/\/wonderfultourscartagena.com\/wp-content\/uploads\/2024\/08\/file-23-150x150.jpg",150,150,true],"medium":["https:\/\/wonderfultourscartagena.com\/wp-content\/uploads\/2024\/08\/file-23-300x300.jpg",300,300,true],"medium_large":["https:\/\/wonderfultourscartagena.com\/wp-content\/uploads\/2024\/08\/file-23-768x768.jpg",768,768,true],"large":["https:\/\/wonderfultourscartagena.com\/wp-content\/uploads\/2024\/08\/file-23-1024x1024.jpg",1024,1024,true],"1536x1536":["https:\/\/wonderfultourscartagena.com\/wp-content\/uploads\/2024\/08\/file-23.jpg",1080,1080,false],"2048x2048":["https:\/\/wonderfultourscartagena.com\/wp-content\/uploads\/2024\/08\/file-23.jpg",1080,1080,false],"trp-custom-language-flag":["https:\/\/wonderfultourscartagena.com\/wp-content\/uploads\/2024\/08\/file-23-12x12.jpg",12,12,true],"woocommerce_archive_thumbnail":["https:\/\/wonderfultourscartagena.com\/wp-content\/uploads\/2024\/08\/file-23-300x300.jpg",300,300,true],"mailpoet_newsletter_max":["https:\/\/wonderfultourscartagena.com\/wp-content\/uploads\/2024\/08\/file-23.jpg",1080,1080,false],"woocommerce_thumbnail":["https:\/\/wonderfultourscartagena.com\/wp-content\/uploads\/2024\/08\/file-23-300x300.jpg",300,300,true],"woocommerce_single":["https:\/\/wonderfultourscartagena.com\/wp-content\/uploads\/2024\/08\/file-23-600x600.jpg",600,600,true],"woocommerce_gallery_thumbnail":["https:\/\/wonderfultourscartagena.com\/wp-content\/uploads\/2024\/08\/file-23-100x100.jpg",100,100,true]},"uagb_author_info":{"display_name":"gladyswork1994","author_link":"https:\/\/wonderfultourscartagena.com\/en\/author\/"},"uagb_comment_info":0,"uagb_excerpt":"\u00a1Emb\u00e1rcate en una aventura inolvidable con el bote Marianas del Mar de 33 pies! Perfecto para grupos de hasta 17 personas, este espacioso y elegante bote te llevar\u00e1 a explorar las cristalinas aguas del Caribe con estilo y comodidad. Disfruta de un d\u00eda lleno de sol, mar y diversi\u00f3n mientras navegas por los impresionantes paisajes&hellip;","_links":{"self":[{"href":"https:\/\/wonderfultourscartagena.com\/en\/wp-json\/wp\/v2\/product\/3412","targetHints":{"allow":["GET"]}}],"collection":[{"href":"https:\/\/wonderfultourscartagena.com\/en\/wp-json\/wp\/v2\/product"}],"about":[{"href":"https:\/\/wonderfultourscartagena.com\/en\/wp-json\/wp\/v2\/types\/product"}],"replies":[{"embeddable":true,"href":"https:\/\/wonderfultourscartagena.com\/en\/wp-json\/wp\/v2\/comments?post=3412"}],"wp:featuredmedia":[{"embeddable":true,"href":"https:\/\/wonderfultourscartagena.com\/en\/wp-json\/wp\/v2\/media\/3413"}],"wp:attachment":[{"href":"https:\/\/wonderfultourscartagena.com\/en\/wp-json\/wp\/v2\/media?parent=3412"}],"wp:term":[{"taxonomy":"product_cat","embeddable":true,"href":"https:\/\/wonderfultourscartagena.com\/en\/wp-json\/wp\/v2\/product_cat?post=3412"},{"taxonomy":"product_tag","embeddable":true,"href":"https:\/\/wonderfultourscartagena.com\/en\/wp-json\/wp\/v2\/product_tag?post=3412"}],"curies":[{"name":"wp","href":"https:\/\/api.w.org\/{rel}","templated":true}]}}