{"id":3440,"date":"2024-08-08T03:39:23","date_gmt":"2024-08-08T01:39:23","guid":{"rendered":"https:\/\/wonderfultourscartagena.com\/?post_type=product&#038;p=3440"},"modified":"2025-05-14T19:18:51","modified_gmt":"2025-05-14T17:18:51","slug":"bote-andhara-38-ft","status":"publish","type":"product","link":"https:\/\/wonderfultourscartagena.com\/en\/product\/bote-andhara-38-ft\/","title":{"rendered":"Andhara Boat \u2013 38 FT"},"content":{"rendered":"<p><strong>DESCRIPTION<\/strong><\/p>\n<ul>\n<li>2 Mercury engines of 300 HP<\/li>\n<li>Luxury cushions<\/li>\n<li>Roof extension on the stern<\/li>\n<li>Sun loungers on the bow<\/li>\n<li>High performance upholstery<\/li>\n<li>Central Bathroom<\/li>\n<li>Refrigerators<\/li>\n<li>Trunk Warehouse.<\/li>\n<li>Radio Fusion Signature<\/li>\n<li>(8) Speakers<\/li>\n<li>(4) Bullets<\/li>\n<li>(2) Low<\/li>\n<li>(4) Amplifiers<\/li>\n<li>Side Access<\/li>\n<li>Stairs<\/li>\n<li style=\"text-align: left;\">Deluxe removable table<\/li>\n<\/ul>\n<p><strong>This service includes:<\/strong><br \/>\n8 Hours tour of the main islands of Rosario and Bar\u00fa (9:00 am \u2013 5:00 pm)<br \/>\nCertified Captain on board<br \/>\nCrew Assistant<br \/>\nFuel<br \/>\n12kg ice bag<br \/>\nCourtesy for reservation: bottle with water X 24 units<\/p>","protected":false},"excerpt":{"rendered":"<p>Embark on an unforgettable experience aboard Andhara, our luxurious 38-foot boat. With a maximum capacity of 16 people, Andhara is perfect for large groups looking to enjoy the splendid sea of \u200b\u200bCartagena de Indias, this boat offers comfort and fun on every trip. With a professional team dedicated to ensuring your satisfaction, it is ideal for private parties, family reunions or days of exploration in the beautiful Cartagena Islands. Book now with Wonderful Tours Cartagena and enjoy an unforgettable adventure!<\/p>","protected":false},"featured_media":3443,"comment_status":"open","ping_status":"closed","template":"","meta":{"_uag_custom_page_level_css":"","_joinchat":[]},"product_cat":[94],"product_tag":[130,126,131,132],"class_list":{"0":"post-3440","1":"product","2":"type-product","3":"status-publish","4":"has-post-thumbnail","6":"product_cat-botes","7":"product_tag-alquiler-de-botes","8":"product_tag-cartagena-de-indias","9":"product_tag-tours-en-las-islas-del-rosario","10":"product_tag-tours-privados","12":"first","13":"instock","14":"shipping-taxable","15":"purchasable","16":"product-type-simple"},"jetpack_sharing_enabled":true,"uagb_featured_image_src":{"full":["https:\/\/wonderfultourscartagena.com\/wp-content\/uploads\/2024\/08\/file-26-1.jpg",1080,1080,false],"thumbnail":["https:\/\/wonderfultourscartagena.com\/wp-content\/uploads\/2024\/08\/file-26-1-150x150.jpg",150,150,true],"medium":["https:\/\/wonderfultourscartagena.com\/wp-content\/uploads\/2024\/08\/file-26-1-300x300.jpg",300,300,true],"medium_large":["https:\/\/wonderfultourscartagena.com\/wp-content\/uploads\/2024\/08\/file-26-1-768x768.jpg",768,768,true],"large":["https:\/\/wonderfultourscartagena.com\/wp-content\/uploads\/2024\/08\/file-26-1-1024x1024.jpg",1024,1024,true],"1536x1536":["https:\/\/wonderfultourscartagena.com\/wp-content\/uploads\/2024\/08\/file-26-1.jpg",1080,1080,false],"2048x2048":["https:\/\/wonderfultourscartagena.com\/wp-content\/uploads\/2024\/08\/file-26-1.jpg",1080,1080,false],"trp-custom-language-flag":["https:\/\/wonderfultourscartagena.com\/wp-content\/uploads\/2024\/08\/file-26-1-12x12.jpg",12,12,true],"woocommerce_archive_thumbnail":["https:\/\/wonderfultourscartagena.com\/wp-content\/uploads\/2024\/08\/file-26-1-300x300.jpg",300,300,true],"mailpoet_newsletter_max":["https:\/\/wonderfultourscartagena.com\/wp-content\/uploads\/2024\/08\/file-26-1.jpg",1080,1080,false],"woocommerce_thumbnail":["https:\/\/wonderfultourscartagena.com\/wp-content\/uploads\/2024\/08\/file-26-1-300x300.jpg",300,300,true],"woocommerce_single":["https:\/\/wonderfultourscartagena.com\/wp-content\/uploads\/2024\/08\/file-26-1-600x600.jpg",600,600,true],"woocommerce_gallery_thumbnail":["https:\/\/wonderfultourscartagena.com\/wp-content\/uploads\/2024\/08\/file-26-1-100x100.jpg",100,100,true]},"uagb_author_info":{"display_name":"gladyswork1994","author_link":"https:\/\/wonderfultourscartagena.com\/en\/author\/"},"uagb_comment_info":2,"uagb_excerpt":"Emb\u00e1rcate en una experiencia inolvidable a bordo de Andhara, nuestro lujoso bote de 38 pies. Con capacidad m\u00e1xima para 16 personas, Andhara es perfecto para grupos grandes que buscan disfrutar del esplendido mar de Cartagena de Indias, este bote ofrece comodidad y diversi\u00f3n en cada traves\u00eda. Con un equipo profesional dedicado a asegurar tu satisfacci\u00f3n,&hellip;","_links":{"self":[{"href":"https:\/\/wonderfultourscartagena.com\/en\/wp-json\/wp\/v2\/product\/3440","targetHints":{"allow":["GET"]}}],"collection":[{"href":"https:\/\/wonderfultourscartagena.com\/en\/wp-json\/wp\/v2\/product"}],"about":[{"href":"https:\/\/wonderfultourscartagena.com\/en\/wp-json\/wp\/v2\/types\/product"}],"replies":[{"embeddable":true,"href":"https:\/\/wonderfultourscartagena.com\/en\/wp-json\/wp\/v2\/comments?post=3440"}],"wp:featuredmedia":[{"embeddable":true,"href":"https:\/\/wonderfultourscartagena.com\/en\/wp-json\/wp\/v2\/media\/3443"}],"wp:attachment":[{"href":"https:\/\/wonderfultourscartagena.com\/en\/wp-json\/wp\/v2\/media?parent=3440"}],"wp:term":[{"taxonomy":"product_cat","embeddable":true,"href":"https:\/\/wonderfultourscartagena.com\/en\/wp-json\/wp\/v2\/product_cat?post=3440"},{"taxonomy":"product_tag","embeddable":true,"href":"https:\/\/wonderfultourscartagena.com\/en\/wp-json\/wp\/v2\/product_tag?post=3440"}],"curies":[{"name":"wp","href":"https:\/\/api.w.org\/{rel}","templated":true}]}}