{"id":3459,"date":"2024-08-08T07:40:49","date_gmt":"2024-08-08T05:40:49","guid":{"rendered":"https:\/\/wonderfultourscartagena.com\/?post_type=product&#038;p=3459"},"modified":"2025-04-12T23:58:59","modified_gmt":"2025-04-12T21:58:59","slug":"bote-azzurra-38-ft","status":"publish","type":"product","link":"https:\/\/wonderfultourscartagena.com\/en\/product\/bote-azzurra-38-ft\/","title":{"rendered":"Azzurra Boat -  38 FT"},"content":{"rendered":"<p><strong>DESCRIPTION\u00a0<\/strong><\/p>\n<ul>\n<li>Maximum capacity allowed 16 passengers<\/li>\n<li>2 certified crew members (with current licenses)<\/li>\n<li>Shaded aft lounge<\/li>\n<li>Large bow lounge.<\/li>\n<li>3 reclining sun loungers in the bow<\/li>\n<li>Luxury cushions<\/li>\n<li>Luxury flooring \u2013 non-slip synthetic teak.<\/li>\n<li>Full bathroom (toilet, shower and sink)<\/li>\n<li>Bathroom amenities (Soap, toilet paper, hand towels)<\/li>\n<li>FULL SOUND \u2013 (8) speakers, (2) 4-channel amplifiers, (1) mono block amplifier and (3) subwoofer -USB<\/li>\n<li>Side entrance door<\/li>\n<li>Stairs to descend into the water.<\/li>\n<li>Permits to sail and rent.<\/li>\n<li>Insurance Policy \u2013 \u200b\u200bRC<\/li>\n<\/ul>\n<p><strong>This service includes:<\/strong><br \/>\n8 Hours tour of the main islands of Rosario and Bar\u00fa (9:00 am \u2013 5:00 pm)<br \/>\nCertified Captain on board<br \/>\nCrew Assistant<br \/>\nFuel<br \/>\n12kg ice bag<br \/>\nCourtesy for reservation: bottle with water X 24 units<\/p>","protected":false},"excerpt":{"rendered":"<p>Embark on an unforgettable adventure aboard Azzurra, an elegant 38-foot boat with capacity for 16 people, ideal for enjoying the Caribbean Sea with your family, partner or friends. Equipped with advanced navigation technology and comfortable seating areas, the Azzurra guarantees a luxurious and comfortable experience.<\/p>","protected":false},"featured_media":3460,"comment_status":"open","ping_status":"closed","template":"","meta":{"_uag_custom_page_level_css":"","_joinchat":[]},"product_cat":[94],"product_tag":[130,144,126,131,132],"class_list":{"0":"post-3459","1":"product","2":"type-product","3":"status-publish","4":"has-post-thumbnail","6":"product_cat-botes","7":"product_tag-alquiler-de-botes","8":"product_tag-alquiler-de-botes-y-yates-en-cartagena-de-indias","9":"product_tag-cartagena-de-indias","10":"product_tag-tours-en-las-islas-del-rosario","11":"product_tag-tours-privados","13":"first","14":"instock","15":"shipping-taxable","16":"purchasable","17":"product-type-simple"},"jetpack_sharing_enabled":true,"uagb_featured_image_src":{"full":["https:\/\/wonderfultourscartagena.com\/wp-content\/uploads\/2024\/08\/file-27.jpg",1080,1080,false],"thumbnail":["https:\/\/wonderfultourscartagena.com\/wp-content\/uploads\/2024\/08\/file-27-150x150.jpg",150,150,true],"medium":["https:\/\/wonderfultourscartagena.com\/wp-content\/uploads\/2024\/08\/file-27-300x300.jpg",300,300,true],"medium_large":["https:\/\/wonderfultourscartagena.com\/wp-content\/uploads\/2024\/08\/file-27-768x768.jpg",768,768,true],"large":["https:\/\/wonderfultourscartagena.com\/wp-content\/uploads\/2024\/08\/file-27-1024x1024.jpg",1024,1024,true],"1536x1536":["https:\/\/wonderfultourscartagena.com\/wp-content\/uploads\/2024\/08\/file-27.jpg",1080,1080,false],"2048x2048":["https:\/\/wonderfultourscartagena.com\/wp-content\/uploads\/2024\/08\/file-27.jpg",1080,1080,false],"trp-custom-language-flag":["https:\/\/wonderfultourscartagena.com\/wp-content\/uploads\/2024\/08\/file-27-12x12.jpg",12,12,true],"woocommerce_archive_thumbnail":["https:\/\/wonderfultourscartagena.com\/wp-content\/uploads\/2024\/08\/file-27-300x300.jpg",300,300,true],"mailpoet_newsletter_max":["https:\/\/wonderfultourscartagena.com\/wp-content\/uploads\/2024\/08\/file-27.jpg",1080,1080,false],"woocommerce_thumbnail":["https:\/\/wonderfultourscartagena.com\/wp-content\/uploads\/2024\/08\/file-27-300x300.jpg",300,300,true],"woocommerce_single":["https:\/\/wonderfultourscartagena.com\/wp-content\/uploads\/2024\/08\/file-27-600x600.jpg",600,600,true],"woocommerce_gallery_thumbnail":["https:\/\/wonderfultourscartagena.com\/wp-content\/uploads\/2024\/08\/file-27-100x100.jpg",100,100,true]},"uagb_author_info":{"display_name":"gladyswork1994","author_link":"https:\/\/wonderfultourscartagena.com\/en\/author\/"},"uagb_comment_info":2,"uagb_excerpt":"Emb\u00e1rcate en una aventura inolvidable a bordo de Azzurra, un elegante bote de 38 pies con capacidad para 16 personas, ideal para disfrutar del mar Caribe con tu familia, pareja o amigos. Equipado con tecnolog\u00eda de navegaci\u00f3n avanzada y c\u00f3modas \u00e1reas de descanso, el Azzurra garantiza una experiencia de lujo y confort.","_links":{"self":[{"href":"https:\/\/wonderfultourscartagena.com\/en\/wp-json\/wp\/v2\/product\/3459","targetHints":{"allow":["GET"]}}],"collection":[{"href":"https:\/\/wonderfultourscartagena.com\/en\/wp-json\/wp\/v2\/product"}],"about":[{"href":"https:\/\/wonderfultourscartagena.com\/en\/wp-json\/wp\/v2\/types\/product"}],"replies":[{"embeddable":true,"href":"https:\/\/wonderfultourscartagena.com\/en\/wp-json\/wp\/v2\/comments?post=3459"}],"wp:featuredmedia":[{"embeddable":true,"href":"https:\/\/wonderfultourscartagena.com\/en\/wp-json\/wp\/v2\/media\/3460"}],"wp:attachment":[{"href":"https:\/\/wonderfultourscartagena.com\/en\/wp-json\/wp\/v2\/media?parent=3459"}],"wp:term":[{"taxonomy":"product_cat","embeddable":true,"href":"https:\/\/wonderfultourscartagena.com\/en\/wp-json\/wp\/v2\/product_cat?post=3459"},{"taxonomy":"product_tag","embeddable":true,"href":"https:\/\/wonderfultourscartagena.com\/en\/wp-json\/wp\/v2\/product_tag?post=3459"}],"curies":[{"name":"wp","href":"https:\/\/api.w.org\/{rel}","templated":true}]}}