{"id":3488,"date":"2024-08-10T05:32:02","date_gmt":"2024-08-10T03:32:02","guid":{"rendered":"https:\/\/wonderfultourscartagena.com\/?post_type=product&#038;p=3488"},"modified":"2025-05-07T08:33:55","modified_gmt":"2025-05-07T06:33:55","slug":"yate-ambar-ii-35-ft","status":"publish","type":"product","link":"https:\/\/wonderfultourscartagena.com\/en\/product\/yate-ambar-ii-35-ft\/","title":{"rendered":"Amber II Yacht \u2013 35 FT"},"content":{"rendered":"<p><strong>DESCRIPTION<\/strong><\/p>\n<p>Size: 35 FT<br \/>\nMaximum capacity: 10 people<br \/>\nPremium cushions<br \/>\nFull kitchen: (Refrigerator, Microwave oven, electric stove)<br \/>\n2 rooms with air conditioning<br \/>\nFull bathroom<br \/>\nTv has a power plant<\/p>\n<p><strong>This service includes:<\/strong><br \/>\n8 Hours tour of the main islands of Rosario and Bar\u00fa (9:00 am \u2013 5:00 pm)<br \/>\nCertified Captain on board<br \/>\nCrew Assistant<br \/>\nFuel<br \/>\n12kg ice bag<br \/>\nStereo sound with bluetooth connection<br \/>\nCortes\u00eda por reserva: botella con agua X 24 unidades + 12 unidades de cerveza + snacks.<\/p>","protected":false},"excerpt":{"rendered":"<p>Embark on an unforgettable experience aboard the \u00c1mbar 35 FT yacht, ideal for groups of up to 10 people. With its elegant and modern design, this yacht offers the perfect balance between comfort and adventure. Relax on its spacious solarium, enjoy the stunning views of the islands, and live unique moments with your loved ones.<\/p>\n<p>Ready to set sail? Book now and make your day at sea a luxury experience.<\/p>","protected":false},"featured_media":3489,"comment_status":"open","ping_status":"closed","template":"","meta":{"_uag_custom_page_level_css":"","_joinchat":[]},"product_cat":[95],"product_tag":[143,133,135,137],"class_list":{"0":"post-3488","1":"product","2":"type-product","3":"status-publish","4":"has-post-thumbnail","6":"product_cat-yates","7":"product_tag-alquiler-de-botes-y-yates-cartagena-de-indiass","8":"product_tag-alquiler-de-yates-en-cartagena","9":"product_tag-renta-de-botes-en-cartagena-de-indias","10":"product_tag-tour-islas-del-rosario-y-baru","12":"first","13":"instock","14":"shipping-taxable","15":"product-type-simple"},"jetpack_sharing_enabled":true,"uagb_featured_image_src":{"full":["https:\/\/wonderfultourscartagena.com\/wp-content\/uploads\/2024\/08\/file-31.jpg",1080,1080,false],"thumbnail":["https:\/\/wonderfultourscartagena.com\/wp-content\/uploads\/2024\/08\/file-31-150x150.jpg",150,150,true],"medium":["https:\/\/wonderfultourscartagena.com\/wp-content\/uploads\/2024\/08\/file-31-300x300.jpg",300,300,true],"medium_large":["https:\/\/wonderfultourscartagena.com\/wp-content\/uploads\/2024\/08\/file-31-768x768.jpg",768,768,true],"large":["https:\/\/wonderfultourscartagena.com\/wp-content\/uploads\/2024\/08\/file-31-1024x1024.jpg",1024,1024,true],"1536x1536":["https:\/\/wonderfultourscartagena.com\/wp-content\/uploads\/2024\/08\/file-31.jpg",1080,1080,false],"2048x2048":["https:\/\/wonderfultourscartagena.com\/wp-content\/uploads\/2024\/08\/file-31.jpg",1080,1080,false],"trp-custom-language-flag":["https:\/\/wonderfultourscartagena.com\/wp-content\/uploads\/2024\/08\/file-31-12x12.jpg",12,12,true],"woocommerce_archive_thumbnail":["https:\/\/wonderfultourscartagena.com\/wp-content\/uploads\/2024\/08\/file-31-300x300.jpg",300,300,true],"mailpoet_newsletter_max":["https:\/\/wonderfultourscartagena.com\/wp-content\/uploads\/2024\/08\/file-31.jpg",1080,1080,false],"woocommerce_thumbnail":["https:\/\/wonderfultourscartagena.com\/wp-content\/uploads\/2024\/08\/file-31-300x300.jpg",300,300,true],"woocommerce_single":["https:\/\/wonderfultourscartagena.com\/wp-content\/uploads\/2024\/08\/file-31-600x600.jpg",600,600,true],"woocommerce_gallery_thumbnail":["https:\/\/wonderfultourscartagena.com\/wp-content\/uploads\/2024\/08\/file-31-100x100.jpg",100,100,true]},"uagb_author_info":{"display_name":"gladyswork1994","author_link":"https:\/\/wonderfultourscartagena.com\/en\/author\/"},"uagb_comment_info":0,"uagb_excerpt":"Emb\u00e1rcate en una experiencia inolvidable a bordo del yate \u00c1mbar 35 FT, ideal para grupos de hasta 10 personas. Con su dise\u00f1o elegante y moderno, este yate ofrece el equilibrio perfecto entre confort y aventura. Rel\u00e1jate en su espacioso sol\u00e1rium, disfruta de las vistas impresionantes de las islas, y vive momentos \u00fanicos con tus seres&hellip;","_links":{"self":[{"href":"https:\/\/wonderfultourscartagena.com\/en\/wp-json\/wp\/v2\/product\/3488","targetHints":{"allow":["GET"]}}],"collection":[{"href":"https:\/\/wonderfultourscartagena.com\/en\/wp-json\/wp\/v2\/product"}],"about":[{"href":"https:\/\/wonderfultourscartagena.com\/en\/wp-json\/wp\/v2\/types\/product"}],"replies":[{"embeddable":true,"href":"https:\/\/wonderfultourscartagena.com\/en\/wp-json\/wp\/v2\/comments?post=3488"}],"wp:featuredmedia":[{"embeddable":true,"href":"https:\/\/wonderfultourscartagena.com\/en\/wp-json\/wp\/v2\/media\/3489"}],"wp:attachment":[{"href":"https:\/\/wonderfultourscartagena.com\/en\/wp-json\/wp\/v2\/media?parent=3488"}],"wp:term":[{"taxonomy":"product_cat","embeddable":true,"href":"https:\/\/wonderfultourscartagena.com\/en\/wp-json\/wp\/v2\/product_cat?post=3488"},{"taxonomy":"product_tag","embeddable":true,"href":"https:\/\/wonderfultourscartagena.com\/en\/wp-json\/wp\/v2\/product_tag?post=3488"}],"curies":[{"name":"wp","href":"https:\/\/api.w.org\/{rel}","templated":true}]}}