{"id":3550,"date":"2024-08-11T08:15:21","date_gmt":"2024-08-11T06:15:21","guid":{"rendered":"https:\/\/wonderfultourscartagena.com\/?post_type=product&#038;p=3550"},"modified":"2024-08-11T08:15:21","modified_gmt":"2024-08-11T06:15:21","slug":"yate-myriam-esther-v-48-ft","status":"publish","type":"product","link":"https:\/\/wonderfultourscartagena.com\/en\/product\/yate-myriam-esther-v-48-ft\/","title":{"rendered":"Myriam Esther V   Yacht\u2013 48 FT"},"content":{"rendered":"<p><strong>DESCRIPTION<\/strong><\/p>\n<p><strong>Exclusive 48 Ft yacht<\/strong><br \/>\nMaximum capacity: 14 people<br \/>\n2 Luxury cabins<br \/>\n2 Full Bathrooms<br \/>\nState-of-the-art sound<br \/>\nPremium cushions<br \/>\nRavagers at bow and stern<br \/>\nLiving room with furniture and central table<br \/>\nKitchen equipped with all its implements<br \/>\nFunctional TV.<br \/>\nRinse shower<\/p>\n<p><strong>This service includes:<\/strong><br \/>\n8 Hours tour of the main islands of Rosario and Bar\u00fa (9:00 am \u2013 5:00 pm)<br \/>\nCertified Captain on board<br \/>\nCrew Assistant<br \/>\nFuel<br \/>\n1 Large Igloo cooler with 30kg of ice<br \/>\nStereo sound with bluetooth connection<br \/>\nCourtesy for reservation: bottle with water X 24 units + 24 units of beer + snacks.<\/p>","protected":false},"excerpt":{"rendered":"<p>Explore the crystal-clear waters of Cartagena aboard the 48 FT Myriam Esther yacht. With capacity for 14 guests, this yacht offers the perfect balance between comfort and style. Ideal for small groups looking for an exclusive experience, you will be able to enjoy its elegant design, ample spaces to relax and the best views of the Caribbean. Whether for an intimate celebration or a sunny day with friends, the Myriam Esther is ready to make your maritime adventure unforgettable. Set sail with us and experience luxury on every wave!<\/p>","protected":false},"featured_media":3551,"comment_status":"open","ping_status":"closed","template":"","meta":{"_uag_custom_page_level_css":"","_joinchat":[]},"product_cat":[95],"product_tag":[133,131,132],"class_list":{"0":"post-3550","1":"product","2":"type-product","3":"status-publish","4":"has-post-thumbnail","6":"product_cat-yates","7":"product_tag-alquiler-de-yates-en-cartagena","8":"product_tag-tours-en-las-islas-del-rosario","9":"product_tag-tours-privados","11":"first","12":"instock","13":"shipping-taxable","14":"product-type-simple"},"jetpack_sharing_enabled":true,"uagb_featured_image_src":{"full":["https:\/\/wonderfultourscartagena.com\/wp-content\/uploads\/2024\/08\/file-35.jpg",1080,1080,false],"thumbnail":["https:\/\/wonderfultourscartagena.com\/wp-content\/uploads\/2024\/08\/file-35-150x150.jpg",150,150,true],"medium":["https:\/\/wonderfultourscartagena.com\/wp-content\/uploads\/2024\/08\/file-35-300x300.jpg",300,300,true],"medium_large":["https:\/\/wonderfultourscartagena.com\/wp-content\/uploads\/2024\/08\/file-35-768x768.jpg",768,768,true],"large":["https:\/\/wonderfultourscartagena.com\/wp-content\/uploads\/2024\/08\/file-35-1024x1024.jpg",1024,1024,true],"1536x1536":["https:\/\/wonderfultourscartagena.com\/wp-content\/uploads\/2024\/08\/file-35.jpg",1080,1080,false],"2048x2048":["https:\/\/wonderfultourscartagena.com\/wp-content\/uploads\/2024\/08\/file-35.jpg",1080,1080,false],"trp-custom-language-flag":["https:\/\/wonderfultourscartagena.com\/wp-content\/uploads\/2024\/08\/file-35-12x12.jpg",12,12,true],"woocommerce_archive_thumbnail":["https:\/\/wonderfultourscartagena.com\/wp-content\/uploads\/2024\/08\/file-35-300x300.jpg",300,300,true],"mailpoet_newsletter_max":["https:\/\/wonderfultourscartagena.com\/wp-content\/uploads\/2024\/08\/file-35.jpg",1080,1080,false],"woocommerce_thumbnail":["https:\/\/wonderfultourscartagena.com\/wp-content\/uploads\/2024\/08\/file-35-300x300.jpg",300,300,true],"woocommerce_single":["https:\/\/wonderfultourscartagena.com\/wp-content\/uploads\/2024\/08\/file-35-600x600.jpg",600,600,true],"woocommerce_gallery_thumbnail":["https:\/\/wonderfultourscartagena.com\/wp-content\/uploads\/2024\/08\/file-35-100x100.jpg",100,100,true]},"uagb_author_info":{"display_name":"gladyswork1994","author_link":"https:\/\/wonderfultourscartagena.com\/en\/author\/"},"uagb_comment_info":0,"uagb_excerpt":"Explora las aguas cristalinas de Cartagena a bordo del yate Myriam Esther de 48 FT.\u00a0 Con capacidad para 14 personas, este yate ofrece el equilibrio perfecto entre confort y estilo. Ideal para grupos peque\u00f1os que buscan una experiencia exclusiva, podr\u00e1s disfrutar de su elegante dise\u00f1o, amplios espacios para relajarte y las mejores vistas del Caribe.&hellip;","_links":{"self":[{"href":"https:\/\/wonderfultourscartagena.com\/en\/wp-json\/wp\/v2\/product\/3550","targetHints":{"allow":["GET"]}}],"collection":[{"href":"https:\/\/wonderfultourscartagena.com\/en\/wp-json\/wp\/v2\/product"}],"about":[{"href":"https:\/\/wonderfultourscartagena.com\/en\/wp-json\/wp\/v2\/types\/product"}],"replies":[{"embeddable":true,"href":"https:\/\/wonderfultourscartagena.com\/en\/wp-json\/wp\/v2\/comments?post=3550"}],"wp:featuredmedia":[{"embeddable":true,"href":"https:\/\/wonderfultourscartagena.com\/en\/wp-json\/wp\/v2\/media\/3551"}],"wp:attachment":[{"href":"https:\/\/wonderfultourscartagena.com\/en\/wp-json\/wp\/v2\/media?parent=3550"}],"wp:term":[{"taxonomy":"product_cat","embeddable":true,"href":"https:\/\/wonderfultourscartagena.com\/en\/wp-json\/wp\/v2\/product_cat?post=3550"},{"taxonomy":"product_tag","embeddable":true,"href":"https:\/\/wonderfultourscartagena.com\/en\/wp-json\/wp\/v2\/product_tag?post=3550"}],"curies":[{"name":"wp","href":"https:\/\/api.w.org\/{rel}","templated":true}]}}