{"id":3621,"date":"2025-03-25T22:01:48","date_gmt":"2025-03-25T21:01:48","guid":{"rendered":"https:\/\/wonderfultourscartagena.com\/?post_type=product&#038;p=3621"},"modified":"2025-04-12T21:29:52","modified_gmt":"2025-04-12T19:29:52","slug":"yate-serenity-37-ft","status":"publish","type":"product","link":"https:\/\/wonderfultourscartagena.com\/en\/product\/yate-serenity-37-ft\/","title":{"rendered":"Yate Serenity &#8211; 37 FT"},"content":{"rendered":"<p><strong>DESCRIPTION<\/strong><\/p>\n<p><strong>Exclusivo yate de 37 Ft<\/strong><br \/>\nMaximum capacity: 10 people<br \/>\nCamarote de lujo<br \/>\nPremium cushions<br \/>\nState-of-the-art sound<br \/>\n1 Ba\u00f1o equipado<br \/>\nAsoleadoras<br \/>\nFlybridge<br \/>\nFull kitchen<br \/>\nArea BBQ<\/p>\n<p><strong>This service includes:<\/strong><br \/>\n8 Hours tour of the main islands of Rosario and Bar\u00fa (9:00 am \u2013 5:00 pm)<br \/>\nCertified Captain on board<br \/>\nCrew Assistant<br \/>\nFuel<br \/>\n12kg ice bag<br \/>\nStereo sound with bluetooth connection<br \/>\nCourtesy for reservation: bottle with water X 24 units + 24 units of beer + snacks.<\/p>","protected":false},"excerpt":{"rendered":"<p>Explora las paradisiacas islas de Cartagena a bordo del <strong data-start=\"46\" data-end=\"74\">yate Serenity de 37 pies<\/strong>, una embarcaci\u00f3n exclusiva dise\u00f1ada para brindarte el m\u00e1ximo confort y elegancia en el mar. Con capacidad para <strong data-start=\"186\" data-end=\"201\">10 personas<\/strong>, disfruta de un d\u00eda inolvidable navegando en las islas del rosario y Bar\u00fa mientras creas experiencias \u00fanicas y exclusivas, relaj\u00e1ndote en su c\u00f3moda cubierta y sumergi\u00e9ndote en aguas cristalinas.<\/p>","protected":false},"featured_media":3622,"comment_status":"open","ping_status":"closed","template":"","meta":{"_uag_custom_page_level_css":"","_joinchat":[]},"product_cat":[95],"product_tag":[142,133,136,137],"class_list":{"0":"post-3621","1":"product","2":"type-product","3":"status-publish","4":"has-post-thumbnail","6":"product_cat-yates","7":"product_tag-alquiler-de-botes-en-cartagena-de-indias","8":"product_tag-alquiler-de-yates-en-cartagena","9":"product_tag-renta-de-yates-en-cartagena-de-indias","10":"product_tag-tour-islas-del-rosario-y-baru","12":"first","13":"instock","14":"shipping-taxable","15":"product-type-simple"},"jetpack_sharing_enabled":true,"uagb_featured_image_src":{"full":["https:\/\/wonderfultourscartagena.com\/wp-content\/uploads\/2025\/03\/Adobe-Express-file.jpg",1080,1080,false],"thumbnail":["https:\/\/wonderfultourscartagena.com\/wp-content\/uploads\/2025\/03\/Adobe-Express-file-150x150.jpg",150,150,true],"medium":["https:\/\/wonderfultourscartagena.com\/wp-content\/uploads\/2025\/03\/Adobe-Express-file-300x300.jpg",300,300,true],"medium_large":["https:\/\/wonderfultourscartagena.com\/wp-content\/uploads\/2025\/03\/Adobe-Express-file-768x768.jpg",768,768,true],"large":["https:\/\/wonderfultourscartagena.com\/wp-content\/uploads\/2025\/03\/Adobe-Express-file-1024x1024.jpg",1024,1024,true],"1536x1536":["https:\/\/wonderfultourscartagena.com\/wp-content\/uploads\/2025\/03\/Adobe-Express-file.jpg",1080,1080,false],"2048x2048":["https:\/\/wonderfultourscartagena.com\/wp-content\/uploads\/2025\/03\/Adobe-Express-file.jpg",1080,1080,false],"trp-custom-language-flag":["https:\/\/wonderfultourscartagena.com\/wp-content\/uploads\/2025\/03\/Adobe-Express-file-12x12.jpg",12,12,true],"woocommerce_archive_thumbnail":["https:\/\/wonderfultourscartagena.com\/wp-content\/uploads\/2025\/03\/Adobe-Express-file-300x300.jpg",300,300,true],"mailpoet_newsletter_max":["https:\/\/wonderfultourscartagena.com\/wp-content\/uploads\/2025\/03\/Adobe-Express-file.jpg",1080,1080,false],"woocommerce_thumbnail":["https:\/\/wonderfultourscartagena.com\/wp-content\/uploads\/2025\/03\/Adobe-Express-file-300x300.jpg",300,300,true],"woocommerce_single":["https:\/\/wonderfultourscartagena.com\/wp-content\/uploads\/2025\/03\/Adobe-Express-file-600x600.jpg",600,600,true],"woocommerce_gallery_thumbnail":["https:\/\/wonderfultourscartagena.com\/wp-content\/uploads\/2025\/03\/Adobe-Express-file-100x100.jpg",100,100,true]},"uagb_author_info":{"display_name":"gladyswork1994","author_link":"https:\/\/wonderfultourscartagena.com\/en\/author\/"},"uagb_comment_info":0,"uagb_excerpt":"Explora las paradisiacas islas de Cartagena a bordo del yate Serenity de 37 pies, una embarcaci\u00f3n exclusiva dise\u00f1ada para brindarte el m\u00e1ximo confort y elegancia en el mar. Con capacidad para 10 personas, disfruta de un d\u00eda inolvidable navegando en las islas del rosario y Bar\u00fa mientras creas experiencias \u00fanicas y exclusivas, relaj\u00e1ndote en su&hellip;","_links":{"self":[{"href":"https:\/\/wonderfultourscartagena.com\/en\/wp-json\/wp\/v2\/product\/3621","targetHints":{"allow":["GET"]}}],"collection":[{"href":"https:\/\/wonderfultourscartagena.com\/en\/wp-json\/wp\/v2\/product"}],"about":[{"href":"https:\/\/wonderfultourscartagena.com\/en\/wp-json\/wp\/v2\/types\/product"}],"replies":[{"embeddable":true,"href":"https:\/\/wonderfultourscartagena.com\/en\/wp-json\/wp\/v2\/comments?post=3621"}],"wp:featuredmedia":[{"embeddable":true,"href":"https:\/\/wonderfultourscartagena.com\/en\/wp-json\/wp\/v2\/media\/3622"}],"wp:attachment":[{"href":"https:\/\/wonderfultourscartagena.com\/en\/wp-json\/wp\/v2\/media?parent=3621"}],"wp:term":[{"taxonomy":"product_cat","embeddable":true,"href":"https:\/\/wonderfultourscartagena.com\/en\/wp-json\/wp\/v2\/product_cat?post=3621"},{"taxonomy":"product_tag","embeddable":true,"href":"https:\/\/wonderfultourscartagena.com\/en\/wp-json\/wp\/v2\/product_tag?post=3621"}],"curies":[{"name":"wp","href":"https:\/\/api.w.org\/{rel}","templated":true}]}}