{"id":3737,"date":"2025-09-27T04:43:23","date_gmt":"2025-09-27T02:43:23","guid":{"rendered":"https:\/\/wonderfultourscartagena.com\/?post_type=product&#038;p=3737"},"modified":"2025-09-27T04:43:23","modified_gmt":"2025-09-27T02:43:23","slug":"pasadia-capri","status":"publish","type":"product","link":"https:\/\/wonderfultourscartagena.com\/en\/product\/pasadia-capri\/","title":{"rendered":"Pasad\u00eda Capri"},"content":{"rendered":"<p><strong>\u00bfQu\u00e9 incluye esta experiencia?<\/strong><\/p>\n<p>\ud83d\udea4Transporte ida y vuelta en bote deportivo<br \/>\n\ud83c\udf78C\u00f3ctel de bienvenida (sin alcohol)<br \/>\n\ud83c\udfddTour panor\u00e1mico del archipi\u00e9lago, 45 mins de duraci\u00f3n.<br \/>\n\ud83d\uded6Uso de \u00e1reas comunes (comedores, ba\u00f1os, playa, zona bar)<br \/>\n\u26f1Uso de camas y asoleadoras<br \/>\n\ud83d\udebf\ud83e\uddfaServicio de toallas + agua dulce<\/p>\n<p>Esta experiencia incluye almuerzo + bebida no alcoh\u00f3lica opciones:<\/p>\n<p>\ud83d\udc1fBandeja t\u00edpica caribe\u00f1a (pesca del dia) con arroz y patacones.<br \/>\n\ud83c\udf5dPasta Capri con vegetales salteados.<br \/>\n\ud83c\udf5a\ud83c\udf64Arroz de mariscos.<br \/>\n\ud83c\udf5b Pechuga grill con arroz y patacones.<br \/>\n\ud83c\udf57Nuggets de pollo con papas a la francesa.<\/p>\n<p><strong>OPEN BAR 2 HORAS<\/strong><br \/>\n\ud83c\udf78Margarita<br \/>\n\ud83c\udf79C\u00f3ctel de autor<br \/>\n\ud83c\udf7bCerveza nacional<br \/>\n\ud83e\uddcaAgua y Limonada\ud83c\udf4b\u200d\ud83d\udfe9<\/p>\n<p>Aplica de 11 am a 1pm\ud83d\ude0e\ud83d\udd25\ud83e\udd73<\/p>\n<p>2&#215;1 en Margaritas, c\u00f3ctel de autor y Cerveza nacional\ud83d\udc4f\ud83c\udffe<\/p>\n<p>Opciones de bebida: agua, gaseosa o limonada natural.<\/p>\n<p><strong>Actividades incluidas:<\/strong><\/p>\n<p>\ud83c\udfc4\ud83c\udffb\u200d\u2642Paddle board<br \/>\n\ud83e\udd3fM\u00e1scara de snorkel<\/p>\n<p>DJ EN VIVO FINES DE SEMANA ( S\u00e1bados y Domingos ) \ud83d\ude0e\ud83d\ude0e\ud83d\ude0e<\/p>\n<p>Meeting point:<br \/>\n\ud83d\udccdMuelle La Bodeguita &#8211; Puerta N\u00b0 3<br \/>\nRecepci\u00f3n segundo piso ( Terraza )<br \/>\n\u23f0Hora de llegada: 7:30 AM<br \/>\n\u23f0Hora de salida: 8:15 AM<br \/>\n\u23f0Hora de retorno: 3:30PM* sujeta a condiciones clim\u00e1ticas.<\/p>\n<p>&gt; Se garantizan reservas hasta 8:00 am<\/p>\n<p>\u2757 Recordamos que esta experiencia no acepta mujeres embarazadas.<\/p>","protected":false},"excerpt":{"rendered":"<p>Imagina navegar por aguas turquesa, copa en mano, rumbo a una isla que combina la elegancia italiana con la energ\u00eda del tr\u00f3pico.\u00a0 \u00a0 \u00a0 \u00a0 \u00a0 \u00a0En Isla <strong>Capri,<\/strong> cada detalle de tu pasad\u00eda est\u00e1 dise\u00f1ado para que vivas un d\u00eda de desconexi\u00f3n total, inspirado en la dolce vita. Desde el traslado en bote deportivo hasta el \u00faltimo ba\u00f1o de sol sobre una cama frente al mar, esta es una experiencia para los que saben disfrutar sin prisa.<\/p>","protected":false},"featured_media":3738,"comment_status":"open","ping_status":"closed","template":"","meta":{"_uag_custom_page_level_css":"","_joinchat":[]},"product_cat":[97],"product_tag":[],"class_list":{"0":"post-3737","1":"product","2":"type-product","3":"status-publish","4":"has-post-thumbnail","6":"product_cat-clubs-de-playa","8":"first","9":"instock","10":"shipping-taxable","11":"purchasable","12":"product-type-simple"},"jetpack_sharing_enabled":true,"uagb_featured_image_src":{"full":["https:\/\/wonderfultourscartagena.com\/wp-content\/uploads\/2025\/09\/Adobe-Express-file-4.jpg",1080,1080,false],"thumbnail":["https:\/\/wonderfultourscartagena.com\/wp-content\/uploads\/2025\/09\/Adobe-Express-file-4-150x150.jpg",150,150,true],"medium":["https:\/\/wonderfultourscartagena.com\/wp-content\/uploads\/2025\/09\/Adobe-Express-file-4-300x300.jpg",300,300,true],"medium_large":["https:\/\/wonderfultourscartagena.com\/wp-content\/uploads\/2025\/09\/Adobe-Express-file-4-768x768.jpg",768,768,true],"large":["https:\/\/wonderfultourscartagena.com\/wp-content\/uploads\/2025\/09\/Adobe-Express-file-4-1024x1024.jpg",1024,1024,true],"1536x1536":["https:\/\/wonderfultourscartagena.com\/wp-content\/uploads\/2025\/09\/Adobe-Express-file-4.jpg",1080,1080,false],"2048x2048":["https:\/\/wonderfultourscartagena.com\/wp-content\/uploads\/2025\/09\/Adobe-Express-file-4.jpg",1080,1080,false],"trp-custom-language-flag":["https:\/\/wonderfultourscartagena.com\/wp-content\/uploads\/2025\/09\/Adobe-Express-file-4-12x12.jpg",12,12,true],"woocommerce_archive_thumbnail":["https:\/\/wonderfultourscartagena.com\/wp-content\/uploads\/2025\/09\/Adobe-Express-file-4-300x300.jpg",300,300,true],"mailpoet_newsletter_max":["https:\/\/wonderfultourscartagena.com\/wp-content\/uploads\/2025\/09\/Adobe-Express-file-4.jpg",1080,1080,false],"woocommerce_thumbnail":["https:\/\/wonderfultourscartagena.com\/wp-content\/uploads\/2025\/09\/Adobe-Express-file-4-300x300.jpg",300,300,true],"woocommerce_single":["https:\/\/wonderfultourscartagena.com\/wp-content\/uploads\/2025\/09\/Adobe-Express-file-4-600x600.jpg",600,600,true],"woocommerce_gallery_thumbnail":["https:\/\/wonderfultourscartagena.com\/wp-content\/uploads\/2025\/09\/Adobe-Express-file-4-100x100.jpg",100,100,true]},"uagb_author_info":{"display_name":"gladyswork1994","author_link":"https:\/\/wonderfultourscartagena.com\/en\/author\/"},"uagb_comment_info":0,"uagb_excerpt":"Imagina navegar por aguas turquesa, copa en mano, rumbo a una isla que combina la elegancia italiana con la energ\u00eda del tr\u00f3pico.\u00a0 \u00a0 \u00a0 \u00a0 \u00a0 \u00a0En Isla Capri, cada detalle de tu pasad\u00eda est\u00e1 dise\u00f1ado para que vivas un d\u00eda de desconexi\u00f3n total, inspirado en la dolce vita. Desde el traslado en bote deportivo&hellip;","_links":{"self":[{"href":"https:\/\/wonderfultourscartagena.com\/en\/wp-json\/wp\/v2\/product\/3737","targetHints":{"allow":["GET"]}}],"collection":[{"href":"https:\/\/wonderfultourscartagena.com\/en\/wp-json\/wp\/v2\/product"}],"about":[{"href":"https:\/\/wonderfultourscartagena.com\/en\/wp-json\/wp\/v2\/types\/product"}],"replies":[{"embeddable":true,"href":"https:\/\/wonderfultourscartagena.com\/en\/wp-json\/wp\/v2\/comments?post=3737"}],"wp:featuredmedia":[{"embeddable":true,"href":"https:\/\/wonderfultourscartagena.com\/en\/wp-json\/wp\/v2\/media\/3738"}],"wp:attachment":[{"href":"https:\/\/wonderfultourscartagena.com\/en\/wp-json\/wp\/v2\/media?parent=3737"}],"wp:term":[{"taxonomy":"product_cat","embeddable":true,"href":"https:\/\/wonderfultourscartagena.com\/en\/wp-json\/wp\/v2\/product_cat?post=3737"},{"taxonomy":"product_tag","embeddable":true,"href":"https:\/\/wonderfultourscartagena.com\/en\/wp-json\/wp\/v2\/product_tag?post=3737"}],"curies":[{"name":"wp","href":"https:\/\/api.w.org\/{rel}","templated":true}]}}