{"id":3754,"date":"2026-01-28T01:01:14","date_gmt":"2026-01-28T00:01:14","guid":{"rendered":"https:\/\/wonderfultourscartagena.com\/?post_type=product&#038;p=3754"},"modified":"2026-01-28T01:16:17","modified_gmt":"2026-01-28T00:16:17","slug":"3754","status":"publish","type":"product","link":"https:\/\/wonderfultourscartagena.com\/en\/product\/3754\/","title":{"rendered":"Pasad\u00eda Bela Beach (Open bar)"},"content":{"rendered":"<p>DESCRIPTION<\/p>\n<p>\ud83d\udea4 Transporte en lancha r\u00e1pida ida y regreso (45 min \u2013 1 hora).<\/p>\n<p>\ud83d\udccd Salida desde el Muelle La Bodeguita.<\/p>\n<p>\ud83c\udf79 Open Bar nacional todo el d\u00eda (agua, gaseosa, cerveza seleccionada, pi\u00f1a colada, coco loco, gin &amp; tonic, daiquiri, caipiri\u00f1a, cuba libre, mojito, caipirosca, tequila sunrise)<\/p>\n<p>\ud83c\udf7d\ufe0f Almuerzo a elecci\u00f3n:<br \/>\n\u2022 Bandeja t\u00edpica<br \/>\n\u2022 Filete de tilapia<br \/>\n\u2022 Filete de pollo<br \/>\n\u2022 Posta cartagenera<br \/>\n\u2022 Hamburguesa de pollo<\/p>\n<p>\u2022 Pastas con vegetales<br \/>\n\u2022 Pastas con pollo en salsa blanca<\/p>\n<p>\ud83c\udfdd\ufe0f Acceso completo a las instalaciones del club<\/p>\n<p>\ud83d\udebb Ba\u00f1os (no incluye duchas)<\/p>\n<p>\ud83d\udef6 Uso de kayak (20 min por<br \/>\npersona, sujeto a disponibilidad)<\/p>\n<p>\ud83c\udfa7 DJ en vivo, animador, m\u00fasica y mucha fiesta.<\/p>\n<p>\ud83d\udea4 Transfer ida y vuelta al Oceanario (entrada no incluida)<\/p>\n<p>\u274c NO INCLUYE:<\/p>\n<p>\ud83d\udcb5 Tasa portuaria $29.000 y seguro m\u00e9dico (opcional) $5.000: $34.000 por persona (efectivo)<br \/>\n\ud83c\udfaf Actividades adicionales<br \/>\n\ud83d\udcdd Gastos no especificados<\/p>\n<p>\u2139\ufe0f INFORMACI\u00d3N IMPORTANTE:<\/p>\n<p>\ud83d\udccd Punto de encuentro: Muelle La Bodeguita \u2013 Puerta #3<br \/>\n\ud83d\udd62 Hora de llegada: 7:30 a.m.<br \/>\n\ud83e\uddfe Pago en efectivo de tasa y seguro.<br \/>\n\u26f5 Salida estimada: 8:00 \u2013 8:30 a.m.<br \/>\n\ud83d\udd52 Regreso estimado: 2:30 \u2013 3:00 p.m.<\/p>\n<p>\ud83d\udeab RESTRICCIONES:<\/p>\n<p>\ud83e\udd64 No se permite el ingreso de alimentos ni bebidas externas<br \/>\n\ud83d\udd0a No se permite el uso de parlantes o equipos de sonido personales<\/p>","protected":false},"excerpt":{"rendered":"<p>Descubre Bela Beach, un exclusivo club de playa en las paradis\u00edacas Islas del Rosario, donde el mar cristalino, la arena blanca y la naturaleza junto al mar se combinan para regalarte una experiencia inolvidable. Rel\u00e1jate en camas balinesas, disfruta de gastronom\u00eda caribe\u00f1a de alta calidad y vive un d\u00eda perfecto rodeado de paisajes espectaculares y atenci\u00f3n personalizada. Bela Beach es el destino ideal para quienes buscan desconectarse del mundo y conectarse con la belleza del Caribe colombiano.<\/p>","protected":false},"featured_media":3775,"comment_status":"open","ping_status":"closed","template":"","meta":{"_uag_custom_page_level_css":"","_joinchat":[]},"product_cat":[97],"product_tag":[],"class_list":{"0":"post-3754","1":"product","2":"type-product","3":"status-publish","4":"has-post-thumbnail","6":"product_cat-clubs-de-playa","8":"first","9":"instock","10":"shipping-taxable","11":"purchasable","12":"product-type-simple"},"jetpack_sharing_enabled":true,"uagb_featured_image_src":{"full":["https:\/\/wonderfultourscartagena.com\/wp-content\/uploads\/2026\/01\/Adobe-Express-file-6-scaled.jpg",2560,2560,false],"thumbnail":["https:\/\/wonderfultourscartagena.com\/wp-content\/uploads\/2026\/01\/Adobe-Express-file-6-150x150.jpg",150,150,true],"medium":["https:\/\/wonderfultourscartagena.com\/wp-content\/uploads\/2026\/01\/Adobe-Express-file-6-300x300.jpg",300,300,true],"medium_large":["https:\/\/wonderfultourscartagena.com\/wp-content\/uploads\/2026\/01\/Adobe-Express-file-6-768x768.jpg",768,768,true],"large":["https:\/\/wonderfultourscartagena.com\/wp-content\/uploads\/2026\/01\/Adobe-Express-file-6-1024x1024.jpg",1024,1024,true],"1536x1536":["https:\/\/wonderfultourscartagena.com\/wp-content\/uploads\/2026\/01\/Adobe-Express-file-6-1536x1536.jpg",1536,1536,true],"2048x2048":["https:\/\/wonderfultourscartagena.com\/wp-content\/uploads\/2026\/01\/Adobe-Express-file-6-2048x2048.jpg",2048,2048,true],"trp-custom-language-flag":["https:\/\/wonderfultourscartagena.com\/wp-content\/uploads\/2026\/01\/Adobe-Express-file-6-12x12.jpg",12,12,true],"woocommerce_archive_thumbnail":["https:\/\/wonderfultourscartagena.com\/wp-content\/uploads\/2026\/01\/Adobe-Express-file-6-300x300.jpg",300,300,true],"mailpoet_newsletter_max":["https:\/\/wonderfultourscartagena.com\/wp-content\/uploads\/2026\/01\/Adobe-Express-file-6-1320x1320.jpg",1320,1320,true],"woocommerce_thumbnail":["https:\/\/wonderfultourscartagena.com\/wp-content\/uploads\/2026\/01\/Adobe-Express-file-6-300x300.jpg",300,300,true],"woocommerce_single":["https:\/\/wonderfultourscartagena.com\/wp-content\/uploads\/2026\/01\/Adobe-Express-file-6-600x600.jpg",600,600,true],"woocommerce_gallery_thumbnail":["https:\/\/wonderfultourscartagena.com\/wp-content\/uploads\/2026\/01\/Adobe-Express-file-6-100x100.jpg",100,100,true]},"uagb_author_info":{"display_name":"gladyswork1994","author_link":"https:\/\/wonderfultourscartagena.com\/en\/author\/"},"uagb_comment_info":0,"uagb_excerpt":"Descubre Bela Beach, un exclusivo club de playa en las paradis\u00edacas Islas del Rosario, donde el mar cristalino, la arena blanca y la naturaleza junto al mar se combinan para regalarte una experiencia inolvidable. Rel\u00e1jate en camas balinesas, disfruta de gastronom\u00eda caribe\u00f1a de alta calidad y vive un d\u00eda perfecto rodeado de paisajes espectaculares y&hellip;","_links":{"self":[{"href":"https:\/\/wonderfultourscartagena.com\/en\/wp-json\/wp\/v2\/product\/3754","targetHints":{"allow":["GET"]}}],"collection":[{"href":"https:\/\/wonderfultourscartagena.com\/en\/wp-json\/wp\/v2\/product"}],"about":[{"href":"https:\/\/wonderfultourscartagena.com\/en\/wp-json\/wp\/v2\/types\/product"}],"replies":[{"embeddable":true,"href":"https:\/\/wonderfultourscartagena.com\/en\/wp-json\/wp\/v2\/comments?post=3754"}],"wp:featuredmedia":[{"embeddable":true,"href":"https:\/\/wonderfultourscartagena.com\/en\/wp-json\/wp\/v2\/media\/3775"}],"wp:attachment":[{"href":"https:\/\/wonderfultourscartagena.com\/en\/wp-json\/wp\/v2\/media?parent=3754"}],"wp:term":[{"taxonomy":"product_cat","embeddable":true,"href":"https:\/\/wonderfultourscartagena.com\/en\/wp-json\/wp\/v2\/product_cat?post=3754"},{"taxonomy":"product_tag","embeddable":true,"href":"https:\/\/wonderfultourscartagena.com\/en\/wp-json\/wp\/v2\/product_tag?post=3754"}],"curies":[{"name":"wp","href":"https:\/\/api.w.org\/{rel}","templated":true}]}}